{"id":613,"date":"2019-01-16T13:01:53","date_gmt":"2019-01-16T13:01:53","guid":{"rendered":"https:\/\/woocommercecore.mystagingwebsite.com\/product\/sunglasses\/"},"modified":"2019-01-16T13:01:53","modified_gmt":"2019-01-16T13:01:53","slug":"sunglasses","status":"publish","type":"product","link":"https:\/\/www.muzeumtrebisov.sk\/hu\/product\/sunglasses\/","title":{"rendered":"Sunglasses"},"content":{"rendered":"<p>Pellentesque habitant morbi tristique senectus et netus et malesuada fames ac turpis egestas. Vestibulum tortor quam, feugiat vitae, ultricies eget, tempor sit amet, ante. Donec eu libero sit amet quam egestas semper. Aenean ultricies mi vitae est. Mauris placerat eleifend leo.<\/p>","protected":false},"excerpt":{"rendered":"<p>This is a simple product.<\/p>","protected":false},"featured_media":661,"comment_status":"open","ping_status":"closed","template":"","meta":{"om_disable_all_campaigns":false,"_vp_format_video_url":"","_vp_image_focal_point":[]},"product_cat":[29],"product_tag":[],"aioseo_notices":[],"yoast_head":"<!-- This site is optimized with the Yoast SEO plugin v18.5.1 - https:\/\/yoast.com\/wordpress\/plugins\/seo\/ -->\n<title>Sunglasses | M\u00fazeum Trebi\u0161ov - Ka\u0161tie\u013e Andr\u00e1ssyovcov<\/title>\n<meta name=\"robots\" content=\"index, follow, max-snippet:-1, max-image-preview:large, max-video-preview:-1\" \/>\n<link rel=\"canonical\" href=\"https:\/\/www.muzeumtrebisov.sk\/hu\/product\/sunglasses\/\" \/>\n<meta property=\"og:locale\" content=\"hu_HU\" \/>\n<meta property=\"og:type\" content=\"article\" \/>\n<meta property=\"og:title\" content=\"Sunglasses | M\u00fazeum Trebi\u0161ov - Ka\u0161tie\u013e Andr\u00e1ssyovcov\" \/>\n<meta property=\"og:description\" content=\"This is a simple product.\" \/>\n<meta property=\"og:url\" content=\"https:\/\/www.muzeumtrebisov.sk\/hu\/product\/sunglasses\/\" \/>\n<meta property=\"og:site_name\" content=\"M\u00fazeum Trebi\u0161ov - Ka\u0161tie\u013e Andr\u00e1ssyovcov\" \/>\n<meta property=\"article:publisher\" content=\"https:\/\/www.facebook.com\/muzeumtvkastielandrassyovcov\" \/>\n<meta property=\"og:image\" content=\"https:\/\/www.muzeumtrebisov.sk\/wp-content\/uploads\/2019\/01\/shop-1-3.jpg\" \/>\n\t<meta property=\"og:image:width\" content=\"270\" \/>\n\t<meta property=\"og:image:height\" content=\"270\" \/>\n\t<meta property=\"og:image:type\" content=\"image\/jpeg\" \/>\n<meta name=\"twitter:card\" content=\"summary_large_image\" \/>\n<script type=\"application\/ld+json\" class=\"yoast-schema-graph\">{\"@context\":\"https:\/\/schema.org\",\"@graph\":[{\"@type\":\"Organization\",\"@id\":\"https:\/\/www.muzeumtrebisov.sk\/#organization\",\"name\":\"M\u00fazeum Trebi\u0161ov - Ka\u0161tie\u013e Andr\u00e1ssyovcov\",\"url\":\"https:\/\/www.muzeumtrebisov.sk\/\",\"sameAs\":[\"https:\/\/www.facebook.com\/muzeumtvkastielandrassyovcov\",\"https:\/\/www.instagram.com\/muzeumtrebisovkastielandrassy\/\",\"https:\/\/www.youtube.com\/channel\/UCprfZHvPNIxqZ2IHCDwfv1w\"],\"logo\":{\"@type\":\"ImageObject\",\"@id\":\"https:\/\/www.muzeumtrebisov.sk\/#logo\",\"inLanguage\":\"hu\",\"url\":\"https:\/\/www.muzeumtrebisov.sk\/wp-content\/uploads\/2022\/04\/dual-logo-color-hor.png\",\"contentUrl\":\"https:\/\/www.muzeumtrebisov.sk\/wp-content\/uploads\/2022\/04\/dual-logo-color-hor.png\",\"width\":749,\"height\":140,\"caption\":\"M\u00fazeum Trebi\u0161ov - Ka\u0161tie\u013e Andr\u00e1ssyovcov\"},\"image\":{\"@id\":\"https:\/\/www.muzeumtrebisov.sk\/#logo\"}},{\"@type\":\"WebSite\",\"@id\":\"https:\/\/www.muzeumtrebisov.sk\/#website\",\"url\":\"https:\/\/www.muzeumtrebisov.sk\/\",\"name\":\"M\u00fazeum Trebi\u0161ov - Ka\u0161tie\u013e Andr\u00e1ssyovcov\",\"description\":\"Hist\u00f3ria Andr\u00e1ssyovcov a ju\u017en\u00e9ho Zempl\u00edna\",\"publisher\":{\"@id\":\"https:\/\/www.muzeumtrebisov.sk\/#organization\"},\"potentialAction\":[{\"@type\":\"SearchAction\",\"target\":{\"@type\":\"EntryPoint\",\"urlTemplate\":\"https:\/\/www.muzeumtrebisov.sk\/?s={search_term_string}\"},\"query-input\":\"required name=search_term_string\"}],\"inLanguage\":\"hu\"},{\"@type\":\"ImageObject\",\"@id\":\"https:\/\/www.muzeumtrebisov.sk\/product\/sunglasses\/#primaryimage\",\"inLanguage\":\"hu\",\"url\":\"https:\/\/www.muzeumtrebisov.sk\/wp-content\/uploads\/2019\/01\/shop-1-3.jpg\",\"contentUrl\":\"https:\/\/www.muzeumtrebisov.sk\/wp-content\/uploads\/2019\/01\/shop-1-3.jpg\",\"width\":270,\"height\":270},{\"@type\":\"WebPage\",\"@id\":\"https:\/\/www.muzeumtrebisov.sk\/product\/sunglasses\/#webpage\",\"url\":\"https:\/\/www.muzeumtrebisov.sk\/product\/sunglasses\/\",\"name\":\"Sunglasses | M\u00fazeum Trebi\u0161ov - Ka\u0161tie\u013e Andr\u00e1ssyovcov\",\"isPartOf\":{\"@id\":\"https:\/\/www.muzeumtrebisov.sk\/#website\"},\"primaryImageOfPage\":{\"@id\":\"https:\/\/www.muzeumtrebisov.sk\/product\/sunglasses\/#primaryimage\"},\"datePublished\":\"2019-01-16T13:01:53+00:00\",\"dateModified\":\"2019-01-16T13:01:53+00:00\",\"breadcrumb\":{\"@id\":\"https:\/\/www.muzeumtrebisov.sk\/product\/sunglasses\/#breadcrumb\"},\"inLanguage\":\"hu\",\"potentialAction\":[{\"@type\":\"ReadAction\",\"target\":[\"https:\/\/www.muzeumtrebisov.sk\/product\/sunglasses\/\"]}]},{\"@type\":\"BreadcrumbList\",\"@id\":\"https:\/\/www.muzeumtrebisov.sk\/product\/sunglasses\/#breadcrumb\",\"itemListElement\":[{\"@type\":\"ListItem\",\"position\":1,\"name\":\"Home\",\"item\":\"https:\/\/www.muzeumtrebisov.sk\/\"},{\"@type\":\"ListItem\",\"position\":2,\"name\":\"\"},{\"@type\":\"ListItem\",\"position\":3,\"name\":\"Sunglasses\"}]}]}<\/script>\n<!-- \/ Yoast SEO plugin. -->","yoast_head_json":{"title":"Sunglasses | M\u00fazeum Trebi\u0161ov - Ka\u0161tie\u013e Andr\u00e1ssyovcov","robots":{"index":"index","follow":"follow","max-snippet":"max-snippet:-1","max-image-preview":"max-image-preview:large","max-video-preview":"max-video-preview:-1"},"canonical":"https:\/\/www.muzeumtrebisov.sk\/hu\/product\/sunglasses\/","og_locale":"hu_HU","og_type":"article","og_title":"Sunglasses | M\u00fazeum Trebi\u0161ov - Ka\u0161tie\u013e Andr\u00e1ssyovcov","og_description":"This is a simple product.","og_url":"https:\/\/www.muzeumtrebisov.sk\/hu\/product\/sunglasses\/","og_site_name":"M\u00fazeum Trebi\u0161ov - Ka\u0161tie\u013e Andr\u00e1ssyovcov","article_publisher":"https:\/\/www.facebook.com\/muzeumtvkastielandrassyovcov","og_image":[{"width":270,"height":270,"url":"https:\/\/www.muzeumtrebisov.sk\/wp-content\/uploads\/2019\/01\/shop-1-3.jpg","type":"image\/jpeg"}],"twitter_card":"summary_large_image","schema":{"@context":"https:\/\/schema.org","@graph":[{"@type":"Organization","@id":"https:\/\/www.muzeumtrebisov.sk\/#organization","name":"M\u00fazeum Trebi\u0161ov - Ka\u0161tie\u013e Andr\u00e1ssyovcov","url":"https:\/\/www.muzeumtrebisov.sk\/","sameAs":["https:\/\/www.facebook.com\/muzeumtvkastielandrassyovcov","https:\/\/www.instagram.com\/muzeumtrebisovkastielandrassy\/","https:\/\/www.youtube.com\/channel\/UCprfZHvPNIxqZ2IHCDwfv1w"],"logo":{"@type":"ImageObject","@id":"https:\/\/www.muzeumtrebisov.sk\/#logo","inLanguage":"hu","url":"https:\/\/www.muzeumtrebisov.sk\/wp-content\/uploads\/2022\/04\/dual-logo-color-hor.png","contentUrl":"https:\/\/www.muzeumtrebisov.sk\/wp-content\/uploads\/2022\/04\/dual-logo-color-hor.png","width":749,"height":140,"caption":"M\u00fazeum Trebi\u0161ov - Ka\u0161tie\u013e Andr\u00e1ssyovcov"},"image":{"@id":"https:\/\/www.muzeumtrebisov.sk\/#logo"}},{"@type":"WebSite","@id":"https:\/\/www.muzeumtrebisov.sk\/#website","url":"https:\/\/www.muzeumtrebisov.sk\/","name":"M\u00fazeum Trebi\u0161ov - Ka\u0161tie\u013e Andr\u00e1ssyovcov","description":"Hist\u00f3ria Andr\u00e1ssyovcov a ju\u017en\u00e9ho Zempl\u00edna","publisher":{"@id":"https:\/\/www.muzeumtrebisov.sk\/#organization"},"potentialAction":[{"@type":"SearchAction","target":{"@type":"EntryPoint","urlTemplate":"https:\/\/www.muzeumtrebisov.sk\/?s={search_term_string}"},"query-input":"required name=search_term_string"}],"inLanguage":"hu"},{"@type":"ImageObject","@id":"https:\/\/www.muzeumtrebisov.sk\/product\/sunglasses\/#primaryimage","inLanguage":"hu","url":"https:\/\/www.muzeumtrebisov.sk\/wp-content\/uploads\/2019\/01\/shop-1-3.jpg","contentUrl":"https:\/\/www.muzeumtrebisov.sk\/wp-content\/uploads\/2019\/01\/shop-1-3.jpg","width":270,"height":270},{"@type":"WebPage","@id":"https:\/\/www.muzeumtrebisov.sk\/product\/sunglasses\/#webpage","url":"https:\/\/www.muzeumtrebisov.sk\/product\/sunglasses\/","name":"Sunglasses | M\u00fazeum Trebi\u0161ov - Ka\u0161tie\u013e Andr\u00e1ssyovcov","isPartOf":{"@id":"https:\/\/www.muzeumtrebisov.sk\/#website"},"primaryImageOfPage":{"@id":"https:\/\/www.muzeumtrebisov.sk\/product\/sunglasses\/#primaryimage"},"datePublished":"2019-01-16T13:01:53+00:00","dateModified":"2019-01-16T13:01:53+00:00","breadcrumb":{"@id":"https:\/\/www.muzeumtrebisov.sk\/product\/sunglasses\/#breadcrumb"},"inLanguage":"hu","potentialAction":[{"@type":"ReadAction","target":["https:\/\/www.muzeumtrebisov.sk\/product\/sunglasses\/"]}]},{"@type":"BreadcrumbList","@id":"https:\/\/www.muzeumtrebisov.sk\/product\/sunglasses\/#breadcrumb","itemListElement":[{"@type":"ListItem","position":1,"name":"Home","item":"https:\/\/www.muzeumtrebisov.sk\/"},{"@type":"ListItem","position":2,"name":""},{"@type":"ListItem","position":3,"name":"Sunglasses"}]}]}},"_links":{"self":[{"href":"https:\/\/www.muzeumtrebisov.sk\/hu\/wp-json\/wp\/v2\/product\/613"}],"collection":[{"href":"https:\/\/www.muzeumtrebisov.sk\/hu\/wp-json\/wp\/v2\/product"}],"about":[{"href":"https:\/\/www.muzeumtrebisov.sk\/hu\/wp-json\/wp\/v2\/types\/product"}],"replies":[{"embeddable":true,"href":"https:\/\/www.muzeumtrebisov.sk\/hu\/wp-json\/wp\/v2\/comments?post=613"}],"wp:featuredmedia":[{"embeddable":true,"href":"https:\/\/www.muzeumtrebisov.sk\/hu\/wp-json\/wp\/v2\/media\/661"}],"wp:attachment":[{"href":"https:\/\/www.muzeumtrebisov.sk\/hu\/wp-json\/wp\/v2\/media?parent=613"}],"wp:term":[{"taxonomy":"product_cat","embeddable":true,"href":"https:\/\/www.muzeumtrebisov.sk\/hu\/wp-json\/wp\/v2\/product_cat?post=613"},{"taxonomy":"product_tag","embeddable":true,"href":"https:\/\/www.muzeumtrebisov.sk\/hu\/wp-json\/wp\/v2\/product_tag?post=613"}],"curies":[{"name":"wp","href":"https:\/\/api.w.org\/{rel}","templated":true}]}}