{"id":2863,"date":"2023-01-11T14:13:43","date_gmt":"2023-01-11T13:13:43","guid":{"rendered":"https:\/\/www.muzeumtrebisov.sk\/?page_id=2863"},"modified":"2023-01-11T19:07:14","modified_gmt":"2023-01-11T18:07:14","slug":"pamiatky-v-trebisove","status":"publish","type":"page","link":"https:\/\/www.muzeumtrebisov.sk\/hu\/pamiatky-v-trebisove\/","title":{"rendered":"T\u0151keterebes nevezetess\u00e9gei"},"content":{"rendered":"<p><section class=\"kc-elm kc-css-190547 kc_row\"><div class=\"kc-row-container  kc-container\"><div class=\"kc-wrap-columns\"><div class=\"kc-elm kc-css-976373 kc_col-sm-12 kc_column kc_col-sm-12\"><div class=\"kc-col-container\"><div class=\"kc-image-gallery kc-elm kc-css-838835\"><h3 class=\"kc-title image-gallery-title\">Barokovo-klasicistick\u00fd ka\u0161tie\u013e v ktorom dnes s\u00eddli na\u0161e m\u00fazeum. <\/h3>\n<div class=\"kc_image_gallery kc-carousel-image kc-grid\" data-image_masonry=\"yes\">\n<div class=\"item-grid grid-4\"><a class=\"kc-image-link kc-pretty-photo\" data-lightbox=\"kc-lightbox\" rel=\"kc-pretty-photo[28173665]\" href=\"https:\/\/www.muzeumtrebisov.sk\/wp-content\/uploads\/2023\/01\/DSC_2845-scaled.jpg\"><img src=\"https:\/\/www.muzeumtrebisov.sk\/wp-content\/uploads\/2023\/01\/DSC_2845-1024x684.jpg\" alt=\"\"\/><\/a><\/div><div class=\"item-grid grid-4\"><a class=\"kc-image-link kc-pretty-photo\" data-lightbox=\"kc-lightbox\" rel=\"kc-pretty-photo[28173665]\" href=\"https:\/\/www.muzeumtrebisov.sk\/wp-content\/uploads\/2023\/01\/DSC_2843-scaled.jpg\"><img src=\"https:\/\/www.muzeumtrebisov.sk\/wp-content\/uploads\/2023\/01\/DSC_2843-1024x684.jpg\" alt=\"\"\/><\/a><\/div><div class=\"item-grid grid-4\"><a class=\"kc-image-link kc-pretty-photo\" data-lightbox=\"kc-lightbox\" rel=\"kc-pretty-photo[28173665]\" href=\"https:\/\/www.muzeumtrebisov.sk\/wp-content\/uploads\/2023\/01\/DSC_2836-scaled.jpg\"><img src=\"https:\/\/www.muzeumtrebisov.sk\/wp-content\/uploads\/2023\/01\/DSC_2836-1024x683.jpg\" alt=\"\"\/><\/a><\/div><div class=\"item-grid grid-4\"><a class=\"kc-image-link kc-pretty-photo\" data-lightbox=\"kc-lightbox\" rel=\"kc-pretty-photo[28173665]\" href=\"https:\/\/www.muzeumtrebisov.sk\/wp-content\/uploads\/2023\/01\/DSC_2834-scaled.jpg\"><img src=\"https:\/\/www.muzeumtrebisov.sk\/wp-content\/uploads\/2023\/01\/DSC_2834-1024x683.jpg\" alt=\"\"\/><\/a><\/div><div class=\"item-grid grid-4\"><a class=\"kc-image-link kc-pretty-photo\" data-lightbox=\"kc-lightbox\" rel=\"kc-pretty-photo[28173665]\" href=\"https:\/\/www.muzeumtrebisov.sk\/wp-content\/uploads\/2023\/01\/DSC_2825-scaled.jpg\"><img src=\"https:\/\/www.muzeumtrebisov.sk\/wp-content\/uploads\/2023\/01\/DSC_2825-1024x684.jpg\" alt=\"\"\/><\/a><\/div><div class=\"item-grid grid-4\"><a class=\"kc-image-link kc-pretty-photo\" data-lightbox=\"kc-lightbox\" rel=\"kc-pretty-photo[28173665]\" href=\"https:\/\/www.muzeumtrebisov.sk\/wp-content\/uploads\/2023\/01\/DSC_2821-scaled.jpg\"><img src=\"https:\/\/www.muzeumtrebisov.sk\/wp-content\/uploads\/2023\/01\/DSC_2821-1024x683.jpg\" alt=\"\"\/><\/a><\/div><div class=\"item-grid grid-4\"><a class=\"kc-image-link kc-pretty-photo\" data-lightbox=\"kc-lightbox\" rel=\"kc-pretty-photo[28173665]\" href=\"https:\/\/www.muzeumtrebisov.sk\/wp-content\/uploads\/2023\/01\/DSC_2812-scaled.jpg\"><img src=\"https:\/\/www.muzeumtrebisov.sk\/wp-content\/uploads\/2023\/01\/DSC_2812-1024x683.jpg\" alt=\"\"\/><\/a><\/div><div class=\"item-grid grid-4\"><a class=\"kc-image-link kc-pretty-photo\" data-lightbox=\"kc-lightbox\" rel=\"kc-pretty-photo[28173665]\" href=\"https:\/\/www.muzeumtrebisov.sk\/wp-content\/uploads\/2023\/01\/DSC_2799-scaled.jpg\"><img src=\"https:\/\/www.muzeumtrebisov.sk\/wp-content\/uploads\/2023\/01\/DSC_2799-1024x684.jpg\" alt=\"\"\/><\/a><\/div><div class=\"item-grid grid-4\"><a class=\"kc-image-link kc-pretty-photo\" data-lightbox=\"kc-lightbox\" rel=\"kc-pretty-photo[28173665]\" href=\"https:\/\/www.muzeumtrebisov.sk\/wp-content\/uploads\/2023\/01\/DSC_2797-scaled.jpg\"><img src=\"https:\/\/www.muzeumtrebisov.sk\/wp-content\/uploads\/2023\/01\/DSC_2797-1024x684.jpg\" alt=\"\"\/><\/a><\/div><\/div>\n<\/div><div class=\"kc-image-gallery kc-elm kc-css-984800\"><h3 class=\"kc-title image-gallery-title\">Mauz\u00f3leum rodiny Andr\u00e1ssy v trebi\u0161ovskom parku. <\/h3>\n<div class=\"kc_image_gallery kc-carousel-image kc-grid\" data-image_masonry=\"yes\">\n<div class=\"item-grid grid-4\"><a class=\"kc-image-link kc-pretty-photo\" data-lightbox=\"kc-lightbox\" rel=\"kc-pretty-photo[39950365]\" href=\"https:\/\/www.muzeumtrebisov.sk\/wp-content\/uploads\/2023\/01\/DSC_2913-scaled.jpg\"><img src=\"https:\/\/www.muzeumtrebisov.sk\/wp-content\/uploads\/2023\/01\/DSC_2913-684x1024.jpg\" alt=\"\"\/><\/a><\/div><div class=\"item-grid grid-4\"><a class=\"kc-image-link kc-pretty-photo\" data-lightbox=\"kc-lightbox\" rel=\"kc-pretty-photo[39950365]\" href=\"https:\/\/www.muzeumtrebisov.sk\/wp-content\/uploads\/2023\/01\/DSC_2364-scaled.jpg\"><img src=\"https:\/\/www.muzeumtrebisov.sk\/wp-content\/uploads\/2023\/01\/DSC_2364-1024x684.jpg\" alt=\"\"\/><\/a><\/div><div class=\"item-grid grid-4\"><a class=\"kc-image-link kc-pretty-photo\" data-lightbox=\"kc-lightbox\" rel=\"kc-pretty-photo[39950365]\" href=\"https:\/\/www.muzeumtrebisov.sk\/wp-content\/uploads\/2023\/01\/DSC_2340-scaled.jpg\"><img src=\"https:\/\/www.muzeumtrebisov.sk\/wp-content\/uploads\/2023\/01\/DSC_2340-684x1024.jpg\" alt=\"\"\/><\/a><\/div><div class=\"item-grid grid-4\"><a class=\"kc-image-link kc-pretty-photo\" data-lightbox=\"kc-lightbox\" rel=\"kc-pretty-photo[39950365]\" href=\"https:\/\/www.muzeumtrebisov.sk\/wp-content\/uploads\/2023\/01\/DSC_2097-scaled.jpg\"><img src=\"https:\/\/www.muzeumtrebisov.sk\/wp-content\/uploads\/2023\/01\/DSC_2097-1024x684.jpg\" alt=\"\"\/><\/a><\/div><div class=\"item-grid grid-4\"><a class=\"kc-image-link kc-pretty-photo\" data-lightbox=\"kc-lightbox\" rel=\"kc-pretty-photo[39950365]\" href=\"https:\/\/www.muzeumtrebisov.sk\/wp-content\/uploads\/2023\/01\/DSC_2083-scaled.jpg\"><img src=\"https:\/\/www.muzeumtrebisov.sk\/wp-content\/uploads\/2023\/01\/DSC_2083-1024x684.jpg\" alt=\"\"\/><\/a><\/div><div class=\"item-grid grid-4\"><a class=\"kc-image-link kc-pretty-photo\" data-lightbox=\"kc-lightbox\" rel=\"kc-pretty-photo[39950365]\" href=\"https:\/\/www.muzeumtrebisov.sk\/wp-content\/uploads\/2023\/01\/DSC00228-scaled.jpg\"><img src=\"https:\/\/www.muzeumtrebisov.sk\/wp-content\/uploads\/2023\/01\/DSC00228-1024x683.jpg\" alt=\"\"\/><\/a><\/div><div class=\"item-grid grid-4\"><a class=\"kc-image-link kc-pretty-photo\" data-lightbox=\"kc-lightbox\" rel=\"kc-pretty-photo[39950365]\" href=\"https:\/\/www.muzeumtrebisov.sk\/wp-content\/uploads\/2023\/01\/DSC00254-scaled.jpg\"><img src=\"https:\/\/www.muzeumtrebisov.sk\/wp-content\/uploads\/2023\/01\/DSC00254-1024x683.jpg\" alt=\"\"\/><\/a><\/div><\/div>\n<\/div><\/div><\/div><\/div><\/div><\/section><section class=\"kc-elm kc-css-466686 kc_row\"><div class=\"kc-row-container  kc-container\"><div class=\"kc-wrap-columns\"><div class=\"kc-elm kc-css-183008 kc_col-sm-12 kc_column kc_col-sm-12\"><div class=\"kc-col-container\"><div class=\"kc-image-gallery kc-elm kc-css-807814\"><h3 class=\"kc-title image-gallery-title\">Zr\u00facanina stredovek\u00e9ho hradu Pari\u010d poch\u00e1dzaj\u00faceho pravdepodobne z 13. storo\u010dia. <\/h3>\n<div class=\"kc_image_gallery kc-carousel-image kc-grid\" data-image_masonry=\"yes\">\n<div class=\"item-grid grid-4\"><a class=\"kc-image-link kc-pretty-photo\" data-lightbox=\"kc-lightbox\" rel=\"kc-pretty-photo[35606362]\" href=\"https:\/\/www.muzeumtrebisov.sk\/wp-content\/uploads\/2023\/01\/DSC_3336-scaled.jpg\"><img src=\"https:\/\/www.muzeumtrebisov.sk\/wp-content\/uploads\/2023\/01\/DSC_3336-1024x684.jpg\" alt=\"\"\/><\/a><\/div><div class=\"item-grid grid-4\"><a class=\"kc-image-link kc-pretty-photo\" data-lightbox=\"kc-lightbox\" rel=\"kc-pretty-photo[35606362]\" href=\"https:\/\/www.muzeumtrebisov.sk\/wp-content\/uploads\/2023\/01\/DSC_3324-scaled.jpg\"><img src=\"https:\/\/www.muzeumtrebisov.sk\/wp-content\/uploads\/2023\/01\/DSC_3324-1024x684.jpg\" alt=\"\"\/><\/a><\/div><div class=\"item-grid grid-4\"><a class=\"kc-image-link kc-pretty-photo\" data-lightbox=\"kc-lightbox\" rel=\"kc-pretty-photo[35606362]\" href=\"https:\/\/www.muzeumtrebisov.sk\/wp-content\/uploads\/2023\/01\/DSC_3000-scaled.jpg\"><img src=\"https:\/\/www.muzeumtrebisov.sk\/wp-content\/uploads\/2023\/01\/DSC_3000-683x1024.jpg\" alt=\"\"\/><\/a><\/div><div class=\"item-grid grid-4\"><a class=\"kc-image-link kc-pretty-photo\" data-lightbox=\"kc-lightbox\" rel=\"kc-pretty-photo[35606362]\" href=\"https:\/\/www.muzeumtrebisov.sk\/wp-content\/uploads\/2023\/01\/DSC_2988-scaled.jpg\"><img src=\"https:\/\/www.muzeumtrebisov.sk\/wp-content\/uploads\/2023\/01\/DSC_2988-1024x683.jpg\" alt=\"\"\/><\/a><\/div><div class=\"item-grid grid-4\"><a class=\"kc-image-link kc-pretty-photo\" data-lightbox=\"kc-lightbox\" rel=\"kc-pretty-photo[35606362]\" href=\"https:\/\/www.muzeumtrebisov.sk\/wp-content\/uploads\/2023\/01\/DSC_2983-scaled.jpg\"><img src=\"https:\/\/www.muzeumtrebisov.sk\/wp-content\/uploads\/2023\/01\/DSC_2983-1024x684.jpg\" alt=\"\"\/><\/a><\/div><div class=\"item-grid grid-4\"><a class=\"kc-image-link kc-pretty-photo\" data-lightbox=\"kc-lightbox\" rel=\"kc-pretty-photo[35606362]\" href=\"https:\/\/www.muzeumtrebisov.sk\/wp-content\/uploads\/2023\/01\/DSC_2978-scaled.jpg\"><img src=\"https:\/\/www.muzeumtrebisov.sk\/wp-content\/uploads\/2023\/01\/DSC_2978-1024x684.jpg\" alt=\"\"\/><\/a><\/div><div class=\"item-grid grid-4\"><a class=\"kc-image-link kc-pretty-photo\" data-lightbox=\"kc-lightbox\" rel=\"kc-pretty-photo[35606362]\" href=\"https:\/\/www.muzeumtrebisov.sk\/wp-content\/uploads\/2023\/01\/DSC_2967-scaled.jpg\"><img src=\"https:\/\/www.muzeumtrebisov.sk\/wp-content\/uploads\/2023\/01\/DSC_2967-1024x684.jpg\" alt=\"\"\/><\/a><\/div><div class=\"item-grid grid-4\"><a class=\"kc-image-link kc-pretty-photo\" data-lightbox=\"kc-lightbox\" rel=\"kc-pretty-photo[35606362]\" href=\"https:\/\/www.muzeumtrebisov.sk\/wp-content\/uploads\/2023\/01\/DSC_2959-scaled.jpg\"><img src=\"https:\/\/www.muzeumtrebisov.sk\/wp-content\/uploads\/2023\/01\/DSC_2959-1024x626.jpg\" alt=\"\"\/><\/a><\/div><div class=\"item-grid grid-4\"><a class=\"kc-image-link kc-pretty-photo\" data-lightbox=\"kc-lightbox\" rel=\"kc-pretty-photo[35606362]\" href=\"https:\/\/www.muzeumtrebisov.sk\/wp-content\/uploads\/2023\/01\/DSC_2951-scaled.jpg\"><img src=\"https:\/\/www.muzeumtrebisov.sk\/wp-content\/uploads\/2023\/01\/DSC_2951-1024x638.jpg\" alt=\"\"\/><\/a><\/div><div class=\"item-grid grid-4\"><a class=\"kc-image-link kc-pretty-photo\" data-lightbox=\"kc-lightbox\" rel=\"kc-pretty-photo[35606362]\" href=\"https:\/\/www.muzeumtrebisov.sk\/wp-content\/uploads\/2023\/01\/DSC_2942-scaled.jpg\"><img src=\"https:\/\/www.muzeumtrebisov.sk\/wp-content\/uploads\/2023\/01\/DSC_2942-1024x683.jpg\" alt=\"\"\/><\/a><\/div><div class=\"item-grid grid-4\"><a class=\"kc-image-link kc-pretty-photo\" data-lightbox=\"kc-lightbox\" rel=\"kc-pretty-photo[35606362]\" href=\"https:\/\/www.muzeumtrebisov.sk\/wp-content\/uploads\/2023\/01\/DSC_2411-scaled.jpg\"><img src=\"https:\/\/www.muzeumtrebisov.sk\/wp-content\/uploads\/2023\/01\/DSC_2411-1024x684.jpg\" alt=\"\"\/><\/a><\/div><div class=\"item-grid grid-4\"><a class=\"kc-image-link kc-pretty-photo\" data-lightbox=\"kc-lightbox\" rel=\"kc-pretty-photo[35606362]\" href=\"https:\/\/www.muzeumtrebisov.sk\/wp-content\/uploads\/2023\/01\/DSC_2404-scaled.jpg\"><img src=\"https:\/\/www.muzeumtrebisov.sk\/wp-content\/uploads\/2023\/01\/DSC_2404-1024x684.jpg\" alt=\"\"\/><\/a><\/div><\/div>\n<\/div><\/div><\/div><\/div><\/div><\/section><\/p>","protected":false},"excerpt":{"rendered":"","protected":false},"author":1,"featured_media":0,"parent":0,"menu_order":0,"comment_status":"closed","ping_status":"closed","template":"tpl-king_composer.php","meta":{"om_disable_all_campaigns":false,"_vp_format_video_url":"","_vp_image_focal_point":[]},"aioseo_notices":[],"yoast_head":"<!-- This site is optimized with the Yoast SEO plugin v18.5.1 - https:\/\/yoast.com\/wordpress\/plugins\/seo\/ -->\n<title>Pamiatky v Trebi\u0161ove | M\u00fazeum Trebi\u0161ov - Ka\u0161tie\u013e Andr\u00e1ssyovcov<\/title>\n<meta name=\"robots\" content=\"index, follow, max-snippet:-1, max-image-preview:large, max-video-preview:-1\" \/>\n<link rel=\"canonical\" href=\"https:\/\/www.muzeumtrebisov.sk\/hu\/pamiatky-v-trebisove\/\" \/>\n<meta property=\"og:locale\" content=\"hu_HU\" \/>\n<meta property=\"og:type\" content=\"article\" \/>\n<meta property=\"og:title\" content=\"Pamiatky v Trebi\u0161ove | M\u00fazeum Trebi\u0161ov - Ka\u0161tie\u013e Andr\u00e1ssyovcov\" \/>\n<meta property=\"og:description\" content=\"Barokovo-klasicistick\u00fd ka\u0161tie\u013e v ktorom dnes s\u00eddli na\u0161e m\u00fazeum. Mauz\u00f3leum rodiny Andr\u00e1ssy v trebi\u0161ovskom parku. Zr\u00facanina stredovek\u00e9ho hradu Pari\u010d poch\u00e1dzaj\u00faceho pravdepodobne z 13. storo\u010dia.\" \/>\n<meta property=\"og:url\" content=\"https:\/\/www.muzeumtrebisov.sk\/hu\/pamiatky-v-trebisove\/\" \/>\n<meta property=\"og:site_name\" content=\"M\u00fazeum Trebi\u0161ov - Ka\u0161tie\u013e Andr\u00e1ssyovcov\" \/>\n<meta property=\"article:publisher\" content=\"https:\/\/www.facebook.com\/muzeumtvkastielandrassyovcov\" \/>\n<meta property=\"article:modified_time\" content=\"2023-01-11T18:07:14+00:00\" \/>\n<meta property=\"og:image\" content=\"https:\/\/www.muzeumtrebisov.sk\/wp-content\/uploads\/2023\/01\/DSC_2845-1024x684.jpg\" \/>\n<meta name=\"twitter:card\" content=\"summary_large_image\" \/>\n<meta name=\"twitter:label1\" content=\"Becs\u00fclt olvas\u00e1si id\u0151\" \/>\n\t<meta name=\"twitter:data1\" content=\"1 perc\" \/>\n<script type=\"application\/ld+json\" class=\"yoast-schema-graph\">{\"@context\":\"https:\/\/schema.org\",\"@graph\":[{\"@type\":\"Organization\",\"@id\":\"https:\/\/www.muzeumtrebisov.sk\/#organization\",\"name\":\"M\u00fazeum Trebi\u0161ov - Ka\u0161tie\u013e Andr\u00e1ssyovcov\",\"url\":\"https:\/\/www.muzeumtrebisov.sk\/\",\"sameAs\":[\"https:\/\/www.facebook.com\/muzeumtvkastielandrassyovcov\",\"https:\/\/www.instagram.com\/muzeumtrebisovkastielandrassy\/\",\"https:\/\/www.youtube.com\/channel\/UCprfZHvPNIxqZ2IHCDwfv1w\"],\"logo\":{\"@type\":\"ImageObject\",\"@id\":\"https:\/\/www.muzeumtrebisov.sk\/#logo\",\"inLanguage\":\"hu\",\"url\":\"https:\/\/www.muzeumtrebisov.sk\/wp-content\/uploads\/2022\/04\/dual-logo-color-hor.png\",\"contentUrl\":\"https:\/\/www.muzeumtrebisov.sk\/wp-content\/uploads\/2022\/04\/dual-logo-color-hor.png\",\"width\":749,\"height\":140,\"caption\":\"M\u00fazeum Trebi\u0161ov - Ka\u0161tie\u013e Andr\u00e1ssyovcov\"},\"image\":{\"@id\":\"https:\/\/www.muzeumtrebisov.sk\/#logo\"}},{\"@type\":\"WebSite\",\"@id\":\"https:\/\/www.muzeumtrebisov.sk\/#website\",\"url\":\"https:\/\/www.muzeumtrebisov.sk\/\",\"name\":\"M\u00fazeum Trebi\u0161ov - Ka\u0161tie\u013e Andr\u00e1ssyovcov\",\"description\":\"Hist\u00f3ria Andr\u00e1ssyovcov a ju\u017en\u00e9ho Zempl\u00edna\",\"publisher\":{\"@id\":\"https:\/\/www.muzeumtrebisov.sk\/#organization\"},\"potentialAction\":[{\"@type\":\"SearchAction\",\"target\":{\"@type\":\"EntryPoint\",\"urlTemplate\":\"https:\/\/www.muzeumtrebisov.sk\/?s={search_term_string}\"},\"query-input\":\"required name=search_term_string\"}],\"inLanguage\":\"hu\"},{\"@type\":\"ImageObject\",\"@id\":\"https:\/\/www.muzeumtrebisov.sk\/pamiatky-v-trebisove\/#primaryimage\",\"inLanguage\":\"hu\",\"url\":\"https:\/\/www.muzeumtrebisov.sk\/wp-content\/uploads\/2023\/01\/DSC_2845-1024x684.jpg\",\"contentUrl\":\"https:\/\/www.muzeumtrebisov.sk\/wp-content\/uploads\/2023\/01\/DSC_2845-1024x684.jpg\"},{\"@type\":\"WebPage\",\"@id\":\"https:\/\/www.muzeumtrebisov.sk\/pamiatky-v-trebisove\/#webpage\",\"url\":\"https:\/\/www.muzeumtrebisov.sk\/pamiatky-v-trebisove\/\",\"name\":\"Pamiatky v Trebi\u0161ove | M\u00fazeum Trebi\u0161ov - Ka\u0161tie\u013e Andr\u00e1ssyovcov\",\"isPartOf\":{\"@id\":\"https:\/\/www.muzeumtrebisov.sk\/#website\"},\"primaryImageOfPage\":{\"@id\":\"https:\/\/www.muzeumtrebisov.sk\/pamiatky-v-trebisove\/#primaryimage\"},\"datePublished\":\"2023-01-11T13:13:43+00:00\",\"dateModified\":\"2023-01-11T18:07:14+00:00\",\"breadcrumb\":{\"@id\":\"https:\/\/www.muzeumtrebisov.sk\/pamiatky-v-trebisove\/#breadcrumb\"},\"inLanguage\":\"hu\",\"potentialAction\":[{\"@type\":\"ReadAction\",\"target\":[\"https:\/\/www.muzeumtrebisov.sk\/pamiatky-v-trebisove\/\"]}]},{\"@type\":\"BreadcrumbList\",\"@id\":\"https:\/\/www.muzeumtrebisov.sk\/pamiatky-v-trebisove\/#breadcrumb\",\"itemListElement\":[{\"@type\":\"ListItem\",\"position\":1,\"name\":\"Home\",\"item\":\"https:\/\/www.muzeumtrebisov.sk\/\"},{\"@type\":\"ListItem\",\"position\":2,\"name\":\"Pamiatky v Trebi\u0161ove\"}]}]}<\/script>\n<!-- \/ Yoast SEO plugin. -->","yoast_head_json":{"title":"Pamiatky v Trebi\u0161ove | M\u00fazeum Trebi\u0161ov - Ka\u0161tie\u013e Andr\u00e1ssyovcov","robots":{"index":"index","follow":"follow","max-snippet":"max-snippet:-1","max-image-preview":"max-image-preview:large","max-video-preview":"max-video-preview:-1"},"canonical":"https:\/\/www.muzeumtrebisov.sk\/hu\/pamiatky-v-trebisove\/","og_locale":"hu_HU","og_type":"article","og_title":"Pamiatky v Trebi\u0161ove | M\u00fazeum Trebi\u0161ov - Ka\u0161tie\u013e Andr\u00e1ssyovcov","og_description":"Barokovo-klasicistick\u00fd ka\u0161tie\u013e v ktorom dnes s\u00eddli na\u0161e m\u00fazeum. Mauz\u00f3leum rodiny Andr\u00e1ssy v trebi\u0161ovskom parku. Zr\u00facanina stredovek\u00e9ho hradu Pari\u010d poch\u00e1dzaj\u00faceho pravdepodobne z 13. storo\u010dia.","og_url":"https:\/\/www.muzeumtrebisov.sk\/hu\/pamiatky-v-trebisove\/","og_site_name":"M\u00fazeum Trebi\u0161ov - Ka\u0161tie\u013e Andr\u00e1ssyovcov","article_publisher":"https:\/\/www.facebook.com\/muzeumtvkastielandrassyovcov","article_modified_time":"2023-01-11T18:07:14+00:00","og_image":[{"url":"https:\/\/www.muzeumtrebisov.sk\/wp-content\/uploads\/2023\/01\/DSC_2845-1024x684.jpg"}],"twitter_card":"summary_large_image","twitter_misc":{"Becs\u00fclt olvas\u00e1si id\u0151":"1 perc"},"schema":{"@context":"https:\/\/schema.org","@graph":[{"@type":"Organization","@id":"https:\/\/www.muzeumtrebisov.sk\/#organization","name":"M\u00fazeum Trebi\u0161ov - Ka\u0161tie\u013e Andr\u00e1ssyovcov","url":"https:\/\/www.muzeumtrebisov.sk\/","sameAs":["https:\/\/www.facebook.com\/muzeumtvkastielandrassyovcov","https:\/\/www.instagram.com\/muzeumtrebisovkastielandrassy\/","https:\/\/www.youtube.com\/channel\/UCprfZHvPNIxqZ2IHCDwfv1w"],"logo":{"@type":"ImageObject","@id":"https:\/\/www.muzeumtrebisov.sk\/#logo","inLanguage":"hu","url":"https:\/\/www.muzeumtrebisov.sk\/wp-content\/uploads\/2022\/04\/dual-logo-color-hor.png","contentUrl":"https:\/\/www.muzeumtrebisov.sk\/wp-content\/uploads\/2022\/04\/dual-logo-color-hor.png","width":749,"height":140,"caption":"M\u00fazeum Trebi\u0161ov - Ka\u0161tie\u013e Andr\u00e1ssyovcov"},"image":{"@id":"https:\/\/www.muzeumtrebisov.sk\/#logo"}},{"@type":"WebSite","@id":"https:\/\/www.muzeumtrebisov.sk\/#website","url":"https:\/\/www.muzeumtrebisov.sk\/","name":"M\u00fazeum Trebi\u0161ov - Ka\u0161tie\u013e Andr\u00e1ssyovcov","description":"Hist\u00f3ria Andr\u00e1ssyovcov a ju\u017en\u00e9ho Zempl\u00edna","publisher":{"@id":"https:\/\/www.muzeumtrebisov.sk\/#organization"},"potentialAction":[{"@type":"SearchAction","target":{"@type":"EntryPoint","urlTemplate":"https:\/\/www.muzeumtrebisov.sk\/?s={search_term_string}"},"query-input":"required name=search_term_string"}],"inLanguage":"hu"},{"@type":"ImageObject","@id":"https:\/\/www.muzeumtrebisov.sk\/pamiatky-v-trebisove\/#primaryimage","inLanguage":"hu","url":"https:\/\/www.muzeumtrebisov.sk\/wp-content\/uploads\/2023\/01\/DSC_2845-1024x684.jpg","contentUrl":"https:\/\/www.muzeumtrebisov.sk\/wp-content\/uploads\/2023\/01\/DSC_2845-1024x684.jpg"},{"@type":"WebPage","@id":"https:\/\/www.muzeumtrebisov.sk\/pamiatky-v-trebisove\/#webpage","url":"https:\/\/www.muzeumtrebisov.sk\/pamiatky-v-trebisove\/","name":"Pamiatky v Trebi\u0161ove | M\u00fazeum Trebi\u0161ov - Ka\u0161tie\u013e Andr\u00e1ssyovcov","isPartOf":{"@id":"https:\/\/www.muzeumtrebisov.sk\/#website"},"primaryImageOfPage":{"@id":"https:\/\/www.muzeumtrebisov.sk\/pamiatky-v-trebisove\/#primaryimage"},"datePublished":"2023-01-11T13:13:43+00:00","dateModified":"2023-01-11T18:07:14+00:00","breadcrumb":{"@id":"https:\/\/www.muzeumtrebisov.sk\/pamiatky-v-trebisove\/#breadcrumb"},"inLanguage":"hu","potentialAction":[{"@type":"ReadAction","target":["https:\/\/www.muzeumtrebisov.sk\/pamiatky-v-trebisove\/"]}]},{"@type":"BreadcrumbList","@id":"https:\/\/www.muzeumtrebisov.sk\/pamiatky-v-trebisove\/#breadcrumb","itemListElement":[{"@type":"ListItem","position":1,"name":"Home","item":"https:\/\/www.muzeumtrebisov.sk\/"},{"@type":"ListItem","position":2,"name":"Pamiatky v Trebi\u0161ove"}]}]}},"_links":{"self":[{"href":"https:\/\/www.muzeumtrebisov.sk\/hu\/wp-json\/wp\/v2\/pages\/2863"}],"collection":[{"href":"https:\/\/www.muzeumtrebisov.sk\/hu\/wp-json\/wp\/v2\/pages"}],"about":[{"href":"https:\/\/www.muzeumtrebisov.sk\/hu\/wp-json\/wp\/v2\/types\/page"}],"author":[{"embeddable":true,"href":"https:\/\/www.muzeumtrebisov.sk\/hu\/wp-json\/wp\/v2\/users\/1"}],"replies":[{"embeddable":true,"href":"https:\/\/www.muzeumtrebisov.sk\/hu\/wp-json\/wp\/v2\/comments?post=2863"}],"version-history":[{"count":6,"href":"https:\/\/www.muzeumtrebisov.sk\/hu\/wp-json\/wp\/v2\/pages\/2863\/revisions"}],"predecessor-version":[{"id":2912,"href":"https:\/\/www.muzeumtrebisov.sk\/hu\/wp-json\/wp\/v2\/pages\/2863\/revisions\/2912"}],"wp:attachment":[{"href":"https:\/\/www.muzeumtrebisov.sk\/hu\/wp-json\/wp\/v2\/media?parent=2863"}],"curies":[{"name":"wp","href":"https:\/\/api.w.org\/{rel}","templated":true}]}}