{"id":2753,"date":"2022-09-12T08:19:27","date_gmt":"2022-09-12T06:19:27","guid":{"rendered":"https:\/\/www.muzeumtrebisov.sk\/?page_id=2753"},"modified":"2022-09-12T08:19:27","modified_gmt":"2022-09-12T06:19:27","slug":"cinnost-utvaru-astronomie","status":"publish","type":"page","link":"https:\/\/www.muzeumtrebisov.sk\/hu\/cinnost-utvaru-astronomie\/","title":{"rendered":"\u010cinnos\u0165 \u00fatvaru astron\u00f3mie"},"content":{"rendered":"<section class=\"kc-elm kc_row\"><div class=\"kc-row-container  kc-container\"><div class=\"kc-wrap-columns\"><div class=\"kc-elm kc_column kc_col-sm-12\"><div class=\"kc-col-container\">\n<div class=\"kc-elm kc-css-129396 kc-title-wrap\">\n\n\t<h2 class=\"kc_title\">\u00datvar astron\u00f3mie<\/h2>\n<\/div>\n<div class=\"kc-elm kc-css-278484 kc_text_block\"><\/p>\n<p>je organiza\u010dnou s\u00fa\u010das\u0165ou M\u00fazea a Kult\u00farneho centra ju\u017en\u00e9ho Zempl\u00edna\u00a0 v Trebi\u0161ove.<\/p>\n<p>Jeho hlavn\u00fdm cie\u013eom je akt\u00edvne prispieva\u0165 k \u0161\u00edreniu vedeck\u00fdch poznatkov z astron\u00f3mie a pr\u00edbuzn\u00fdch vedn\u00fdch odborov, rozv\u00edjaniu pozit\u00edvneho vz\u0165ahu k pr\u00edrode, zvy\u0161ovaniu v\u0161eobecn\u00e9ho a odborn\u00e9ho vzdelania ob\u010danov. Prim\u00e1rne miesto m\u00e1 rozv\u00edjanie nadobudnut\u00fdch vedomost\u00ed u det\u00ed a ml\u00e1de\u017ee v r\u00e1mci z\u00e1ujmovej \u010dinnosti, mimo\u0161kolsk\u00e9ho vzdel\u00e1vania a vyu\u010dovacieho procesu.<\/p>\n<p>\n<\/div>\n<div class=\"kc-elm kc-css-234968 kc-title-wrap\">\n\n\t<h2 class=\"kc_title\">Populariza\u010dno-vzdel\u00e1vacia \u010dinnos\u0165<\/h2>\n<\/div>\n<div class=\"kc-elm kc-css-280503 kc_text_block\"><\/p>\n<p>\u0164a\u017eiskom v tejto oblasti s\u00fa jednorazov\u00e9 predn\u00e1\u0161ky, prezent\u00e1cie a verejn\u00e9 pozorovania osved\u010den\u00fdmi, ale aj nov\u00fdmi formami pr\u00e1ce pre deti, ml\u00e1de\u017e, dospel\u00fdch a \u0161irok\u00fa verejnos\u0165.<\/p>\n<p>Populariz\u00e1ciou astron\u00f3mie a pr\u00edbuzn\u00fdch vedn\u00fdch odborov prezentujeme a rozv\u00edjame vedomosti nov\u00e9 i u\u017e nadobudnut\u00e9. Formou eduka\u010dn\u00fdch stretnut\u00ed pre deti a\u00a0\u0161tudentov sa sna\u017e\u00edme o to, aby tieto vedomosti uplat\u0148ovali aj v okresnom kole vedomostnej s\u00fa\u0165a\u017ee celoslovensk\u00e9ho charakteru: \u010co vie\u0161 o\u00a0hviezdach?, a tie\u017e region\u00e1lneho charakteru Vesm\u00edr a slne\u010dn\u00e1 s\u00fastava.<\/p>\n<p>Uskuto\u010d\u0148ujeme aj v\u00fdstavu ako Vesm\u00edr o\u010dami det\u00ed a v r\u00e1mci Svetov\u00e9ho kozmick\u00e9ho t\u00fd\u017ed\u0148a v\u00fdstavu na aktu\u00e1lnu t\u00e9mu.<\/p>\n<p>Cie\u013eom na\u0161ej pr\u00e1ce je prispieva\u0165 k pozit\u00edvnemu vz\u0165ahu k vede a vedeck\u00fdm poznatkom vr\u00e1tane relaxa\u010dnej a estetickej funkcie prostredn\u00edctvom verejn\u00fdch ve\u010dern\u00fdch pozorovan\u00ed. Okrem tradi\u010dn\u00fdch pozorovan\u00ed pri \u00fatvare astron\u00f3mie, \u0161kol\u00e1ch a obciach \u00a0realizujeme aj pozorovania v\u00fdnimo\u010dn\u00fdch astronomick\u00fdch \u00fakazov: zatmenie Slnka, Mesiaca, z\u00e1kryty, prechody, at\u010f.<\/p>\n<p>\n<\/div>\n<div class=\"kc-elm kc-css-515273 kc-title-wrap\">\n\n\t<h2 class=\"kc_title\">Metodicko-poradensk\u00e1 \u010dinnos\u0165<\/h2>\n<\/div>\n<div class=\"kc-elm kc-css-462885 kc_text_block\"><\/p>\n<p>V tejto oblasti dominuje odborn\u00e1, metodick\u00e1 a praktick\u00e1 pomoc astronomick\u00fdm kr\u00fa\u017ekom, \u0161kol\u00e1m, jednotliv\u00fdm z\u00e1ujemcom o astron\u00f3miu bez vekov\u00e9ho obmedzenia.<\/p>\n<p>S\u00fastre\u010fujeme sa aj na astronomick\u00e9 kr\u00fa\u017eky a na klub astron\u00f3mov, ktor\u00e9 s\u00fa zriaden\u00e9 pri na\u0161om \u00fatvare. Ich hlavnou \u00falohou\u00a0 je pozn\u00e1vanie vesm\u00edru, postavenie na\u0161ej Zeme v \u0148om a aktivizova\u0165 u \u010dlenov z\u00edskavanie nov\u00fdch poznatkov z astron\u00f3mie.<\/p>\n<p>\n<\/div>\n<div class=\"kc-elm kc-css-877588 kc-title-wrap\">\n\n\t<h2 class=\"kc_title\">Odborn\u00e1 \u010dinnos\u0165<\/h2>\n<\/div>\n<div class=\"kc-elm kc-css-61987 kc_text_block\"><\/p>\n<p>V r\u00e1mci technick\u00fdch a pozorovac\u00edch mo\u017enost\u00ed, pr\u00edstrojov\u00e9ho vybavenia a mo\u017enost\u00ed pozorovac\u00edch podmienok akt\u00edvne realizujeme odborn\u00e9 pozorovanie maxima meteorick\u00e9ho roja Perzeidy.<\/p>\n<p>\n<\/div>\n<div class=\"kc-elm kc-css-124077 kc-title-wrap\">\n\n\t<h2 class=\"kc_title\">Edi\u010dn\u00e1 a publika\u010dn\u00e1 \u010dinnos\u0165<\/h2>\n<\/div>\n<div class=\"kc-elm kc-css-337858 kc_text_block\"><\/p>\n<p>\u0164a\u017eiskom v tejto \u010dinnosti je vyd\u00e1vanie Informa\u010dn\u00e9ho listu \u0160\u00edp \u2013 Sagitta pre astronomick\u00e9 kr\u00fa\u017eky.<\/p>\n<p>V r\u00e1mci edi\u010dnej \u010dinnosti tvor\u00edme a vyd\u00e1vame metodick\u00e9 materi\u00e1ly a n\u00e1zorn\u00e9 pom\u00f4cky pre \u010dlenov astronomick\u00fdch kr\u00fa\u017ekov a klubu astron\u00f3mov.<\/p>\n<p>\n<\/div><\/div><\/div><\/div><\/div><\/section>","protected":false},"excerpt":{"rendered":"","protected":false},"author":1,"featured_media":0,"parent":0,"menu_order":0,"comment_status":"closed","ping_status":"closed","template":"","meta":{"om_disable_all_campaigns":false,"_vp_format_video_url":"","_vp_image_focal_point":[]},"aioseo_notices":[],"yoast_head":"<!-- This site is optimized with the Yoast SEO plugin v18.5.1 - https:\/\/yoast.com\/wordpress\/plugins\/seo\/ -->\n<title>\u010cinnos\u0165 \u00fatvaru astron\u00f3mie | M\u00fazeum Trebi\u0161ov - Ka\u0161tie\u013e Andr\u00e1ssyovcov<\/title>\n<meta name=\"robots\" content=\"index, follow, max-snippet:-1, max-image-preview:large, max-video-preview:-1\" \/>\n<link rel=\"canonical\" href=\"https:\/\/www.muzeumtrebisov.sk\/hu\/cinnost-utvaru-astronomie\/\" \/>\n<meta property=\"og:locale\" content=\"hu_HU\" \/>\n<meta property=\"og:type\" content=\"article\" \/>\n<meta property=\"og:title\" content=\"\u010cinnos\u0165 \u00fatvaru astron\u00f3mie | M\u00fazeum Trebi\u0161ov - Ka\u0161tie\u013e Andr\u00e1ssyovcov\" \/>\n<meta property=\"og:description\" content=\"\u00datvar astron\u00f3mie je organiza\u010dnou s\u00fa\u010das\u0165ou M\u00fazea a Kult\u00farneho centra ju\u017en\u00e9ho Zempl\u00edna\u00a0 v Trebi\u0161ove. Jeho hlavn\u00fdm cie\u013eom je akt\u00edvne prispieva\u0165 k \u0161\u00edreniu vedeck\u00fdch poznatkov z astron\u00f3mie a pr\u00edbuzn\u00fdch vedn\u00fdch odborov, rozv\u00edjaniu pozit\u00edvneho vz\u0165ahu k pr\u00edrode, zvy\u0161ovaniu v\u0161eobecn\u00e9ho a odborn\u00e9ho vzdelania ob\u010danov. Prim\u00e1rne miesto m\u00e1 rozv\u00edjanie nadobudnut\u00fdch vedomost\u00ed u det\u00ed a ml\u00e1de\u017ee v r\u00e1mci z\u00e1ujmovej \u010dinnosti, mimo\u0161kolsk\u00e9ho\" \/>\n<meta property=\"og:url\" content=\"https:\/\/www.muzeumtrebisov.sk\/hu\/cinnost-utvaru-astronomie\/\" \/>\n<meta property=\"og:site_name\" content=\"M\u00fazeum Trebi\u0161ov - Ka\u0161tie\u013e Andr\u00e1ssyovcov\" \/>\n<meta property=\"article:publisher\" content=\"https:\/\/www.facebook.com\/muzeumtvkastielandrassyovcov\" \/>\n<meta property=\"og:image\" content=\"https:\/\/www.muzeumtrebisov.sk\/wp-content\/uploads\/2022\/04\/DSC_9950-scaled.jpg\" \/>\n\t<meta property=\"og:image:width\" content=\"2560\" \/>\n\t<meta property=\"og:image:height\" content=\"960\" \/>\n\t<meta property=\"og:image:type\" content=\"image\/jpeg\" \/>\n<meta name=\"twitter:card\" content=\"summary_large_image\" \/>\n<meta name=\"twitter:label1\" content=\"Becs\u00fclt olvas\u00e1si id\u0151\" \/>\n\t<meta name=\"twitter:data1\" content=\"2 perc\" \/>\n<script type=\"application\/ld+json\" class=\"yoast-schema-graph\">{\"@context\":\"https:\/\/schema.org\",\"@graph\":[{\"@type\":\"Organization\",\"@id\":\"https:\/\/www.muzeumtrebisov.sk\/#organization\",\"name\":\"M\u00fazeum Trebi\u0161ov - Ka\u0161tie\u013e Andr\u00e1ssyovcov\",\"url\":\"https:\/\/www.muzeumtrebisov.sk\/\",\"sameAs\":[\"https:\/\/www.facebook.com\/muzeumtvkastielandrassyovcov\",\"https:\/\/www.instagram.com\/muzeumtrebisovkastielandrassy\/\",\"https:\/\/www.youtube.com\/channel\/UCprfZHvPNIxqZ2IHCDwfv1w\"],\"logo\":{\"@type\":\"ImageObject\",\"@id\":\"https:\/\/www.muzeumtrebisov.sk\/#logo\",\"inLanguage\":\"hu\",\"url\":\"https:\/\/www.muzeumtrebisov.sk\/wp-content\/uploads\/2022\/04\/dual-logo-color-hor.png\",\"contentUrl\":\"https:\/\/www.muzeumtrebisov.sk\/wp-content\/uploads\/2022\/04\/dual-logo-color-hor.png\",\"width\":749,\"height\":140,\"caption\":\"M\u00fazeum Trebi\u0161ov - Ka\u0161tie\u013e Andr\u00e1ssyovcov\"},\"image\":{\"@id\":\"https:\/\/www.muzeumtrebisov.sk\/#logo\"}},{\"@type\":\"WebSite\",\"@id\":\"https:\/\/www.muzeumtrebisov.sk\/#website\",\"url\":\"https:\/\/www.muzeumtrebisov.sk\/\",\"name\":\"M\u00fazeum Trebi\u0161ov - Ka\u0161tie\u013e Andr\u00e1ssyovcov\",\"description\":\"Hist\u00f3ria Andr\u00e1ssyovcov a ju\u017en\u00e9ho Zempl\u00edna\",\"publisher\":{\"@id\":\"https:\/\/www.muzeumtrebisov.sk\/#organization\"},\"potentialAction\":[{\"@type\":\"SearchAction\",\"target\":{\"@type\":\"EntryPoint\",\"urlTemplate\":\"https:\/\/www.muzeumtrebisov.sk\/?s={search_term_string}\"},\"query-input\":\"required name=search_term_string\"}],\"inLanguage\":\"hu\"},{\"@type\":\"WebPage\",\"@id\":\"https:\/\/www.muzeumtrebisov.sk\/cinnost-utvaru-astronomie\/#webpage\",\"url\":\"https:\/\/www.muzeumtrebisov.sk\/cinnost-utvaru-astronomie\/\",\"name\":\"\u010cinnos\u0165 \u00fatvaru astron\u00f3mie | M\u00fazeum Trebi\u0161ov - Ka\u0161tie\u013e Andr\u00e1ssyovcov\",\"isPartOf\":{\"@id\":\"https:\/\/www.muzeumtrebisov.sk\/#website\"},\"datePublished\":\"2022-09-12T06:19:27+00:00\",\"dateModified\":\"2022-09-12T06:19:27+00:00\",\"breadcrumb\":{\"@id\":\"https:\/\/www.muzeumtrebisov.sk\/cinnost-utvaru-astronomie\/#breadcrumb\"},\"inLanguage\":\"hu\",\"potentialAction\":[{\"@type\":\"ReadAction\",\"target\":[\"https:\/\/www.muzeumtrebisov.sk\/cinnost-utvaru-astronomie\/\"]}]},{\"@type\":\"BreadcrumbList\",\"@id\":\"https:\/\/www.muzeumtrebisov.sk\/cinnost-utvaru-astronomie\/#breadcrumb\",\"itemListElement\":[{\"@type\":\"ListItem\",\"position\":1,\"name\":\"Home\",\"item\":\"https:\/\/www.muzeumtrebisov.sk\/\"},{\"@type\":\"ListItem\",\"position\":2,\"name\":\"\u010cinnos\u0165 \u00fatvaru astron\u00f3mie\"}]}]}<\/script>\n<!-- \/ Yoast SEO plugin. -->","yoast_head_json":{"title":"\u010cinnos\u0165 \u00fatvaru astron\u00f3mie | M\u00fazeum Trebi\u0161ov - Ka\u0161tie\u013e Andr\u00e1ssyovcov","robots":{"index":"index","follow":"follow","max-snippet":"max-snippet:-1","max-image-preview":"max-image-preview:large","max-video-preview":"max-video-preview:-1"},"canonical":"https:\/\/www.muzeumtrebisov.sk\/hu\/cinnost-utvaru-astronomie\/","og_locale":"hu_HU","og_type":"article","og_title":"\u010cinnos\u0165 \u00fatvaru astron\u00f3mie | M\u00fazeum Trebi\u0161ov - Ka\u0161tie\u013e Andr\u00e1ssyovcov","og_description":"\u00datvar astron\u00f3mie je organiza\u010dnou s\u00fa\u010das\u0165ou M\u00fazea a Kult\u00farneho centra ju\u017en\u00e9ho Zempl\u00edna\u00a0 v Trebi\u0161ove. Jeho hlavn\u00fdm cie\u013eom je akt\u00edvne prispieva\u0165 k \u0161\u00edreniu vedeck\u00fdch poznatkov z astron\u00f3mie a pr\u00edbuzn\u00fdch vedn\u00fdch odborov, rozv\u00edjaniu pozit\u00edvneho vz\u0165ahu k pr\u00edrode, zvy\u0161ovaniu v\u0161eobecn\u00e9ho a odborn\u00e9ho vzdelania ob\u010danov. Prim\u00e1rne miesto m\u00e1 rozv\u00edjanie nadobudnut\u00fdch vedomost\u00ed u det\u00ed a ml\u00e1de\u017ee v r\u00e1mci z\u00e1ujmovej \u010dinnosti, mimo\u0161kolsk\u00e9ho","og_url":"https:\/\/www.muzeumtrebisov.sk\/hu\/cinnost-utvaru-astronomie\/","og_site_name":"M\u00fazeum Trebi\u0161ov - Ka\u0161tie\u013e Andr\u00e1ssyovcov","article_publisher":"https:\/\/www.facebook.com\/muzeumtvkastielandrassyovcov","og_image":[{"width":2560,"height":960,"url":"https:\/\/www.muzeumtrebisov.sk\/wp-content\/uploads\/2022\/04\/DSC_9950-scaled.jpg","type":"image\/jpeg"}],"twitter_card":"summary_large_image","twitter_misc":{"Becs\u00fclt olvas\u00e1si id\u0151":"2 perc"},"schema":{"@context":"https:\/\/schema.org","@graph":[{"@type":"Organization","@id":"https:\/\/www.muzeumtrebisov.sk\/#organization","name":"M\u00fazeum Trebi\u0161ov - Ka\u0161tie\u013e Andr\u00e1ssyovcov","url":"https:\/\/www.muzeumtrebisov.sk\/","sameAs":["https:\/\/www.facebook.com\/muzeumtvkastielandrassyovcov","https:\/\/www.instagram.com\/muzeumtrebisovkastielandrassy\/","https:\/\/www.youtube.com\/channel\/UCprfZHvPNIxqZ2IHCDwfv1w"],"logo":{"@type":"ImageObject","@id":"https:\/\/www.muzeumtrebisov.sk\/#logo","inLanguage":"hu","url":"https:\/\/www.muzeumtrebisov.sk\/wp-content\/uploads\/2022\/04\/dual-logo-color-hor.png","contentUrl":"https:\/\/www.muzeumtrebisov.sk\/wp-content\/uploads\/2022\/04\/dual-logo-color-hor.png","width":749,"height":140,"caption":"M\u00fazeum Trebi\u0161ov - Ka\u0161tie\u013e Andr\u00e1ssyovcov"},"image":{"@id":"https:\/\/www.muzeumtrebisov.sk\/#logo"}},{"@type":"WebSite","@id":"https:\/\/www.muzeumtrebisov.sk\/#website","url":"https:\/\/www.muzeumtrebisov.sk\/","name":"M\u00fazeum Trebi\u0161ov - Ka\u0161tie\u013e Andr\u00e1ssyovcov","description":"Hist\u00f3ria Andr\u00e1ssyovcov a ju\u017en\u00e9ho Zempl\u00edna","publisher":{"@id":"https:\/\/www.muzeumtrebisov.sk\/#organization"},"potentialAction":[{"@type":"SearchAction","target":{"@type":"EntryPoint","urlTemplate":"https:\/\/www.muzeumtrebisov.sk\/?s={search_term_string}"},"query-input":"required name=search_term_string"}],"inLanguage":"hu"},{"@type":"WebPage","@id":"https:\/\/www.muzeumtrebisov.sk\/cinnost-utvaru-astronomie\/#webpage","url":"https:\/\/www.muzeumtrebisov.sk\/cinnost-utvaru-astronomie\/","name":"\u010cinnos\u0165 \u00fatvaru astron\u00f3mie | M\u00fazeum Trebi\u0161ov - Ka\u0161tie\u013e Andr\u00e1ssyovcov","isPartOf":{"@id":"https:\/\/www.muzeumtrebisov.sk\/#website"},"datePublished":"2022-09-12T06:19:27+00:00","dateModified":"2022-09-12T06:19:27+00:00","breadcrumb":{"@id":"https:\/\/www.muzeumtrebisov.sk\/cinnost-utvaru-astronomie\/#breadcrumb"},"inLanguage":"hu","potentialAction":[{"@type":"ReadAction","target":["https:\/\/www.muzeumtrebisov.sk\/cinnost-utvaru-astronomie\/"]}]},{"@type":"BreadcrumbList","@id":"https:\/\/www.muzeumtrebisov.sk\/cinnost-utvaru-astronomie\/#breadcrumb","itemListElement":[{"@type":"ListItem","position":1,"name":"Home","item":"https:\/\/www.muzeumtrebisov.sk\/"},{"@type":"ListItem","position":2,"name":"\u010cinnos\u0165 \u00fatvaru astron\u00f3mie"}]}]}},"_links":{"self":[{"href":"https:\/\/www.muzeumtrebisov.sk\/hu\/wp-json\/wp\/v2\/pages\/2753"}],"collection":[{"href":"https:\/\/www.muzeumtrebisov.sk\/hu\/wp-json\/wp\/v2\/pages"}],"about":[{"href":"https:\/\/www.muzeumtrebisov.sk\/hu\/wp-json\/wp\/v2\/types\/page"}],"author":[{"embeddable":true,"href":"https:\/\/www.muzeumtrebisov.sk\/hu\/wp-json\/wp\/v2\/users\/1"}],"replies":[{"embeddable":true,"href":"https:\/\/www.muzeumtrebisov.sk\/hu\/wp-json\/wp\/v2\/comments?post=2753"}],"version-history":[{"count":3,"href":"https:\/\/www.muzeumtrebisov.sk\/hu\/wp-json\/wp\/v2\/pages\/2753\/revisions"}],"predecessor-version":[{"id":2756,"href":"https:\/\/www.muzeumtrebisov.sk\/hu\/wp-json\/wp\/v2\/pages\/2753\/revisions\/2756"}],"wp:attachment":[{"href":"https:\/\/www.muzeumtrebisov.sk\/hu\/wp-json\/wp\/v2\/media?parent=2753"}],"curies":[{"name":"wp","href":"https:\/\/api.w.org\/{rel}","templated":true}]}}