{"id":2183,"date":"2022-02-27T22:11:59","date_gmt":"2022-02-27T21:11:59","guid":{"rendered":"https:\/\/www.muzeumtrebisov.sk\/?page_id=2183"},"modified":"2022-06-06T14:06:51","modified_gmt":"2022-06-06T12:06:51","slug":"archeologia-juzneho-zemplina-a-tokajske-vinohradnictvo","status":"publish","type":"page","link":"https:\/\/www.muzeumtrebisov.sk\/hu\/archeologia-juzneho-zemplina-a-tokajske-vinohradnictvo\/","title":{"rendered":"D\u00e9l-Zempl\u00e9n r\u00e9g\u00e9szete \u00e9s a tokaji bor\u00e1szat"},"content":{"rendered":"<div class=\"wp-block-image\"><figure class=\"aligncenter size-large is-resized\"><img loading=\"lazy\" src=\"https:\/\/www.muzeumtrebisov.sk\/wp-content\/uploads\/2022\/02\/archeologia-tokaj-category2-1024x361.png\" alt=\"\" class=\"wp-image-2120\" width=\"407\" height=\"143\" srcset=\"https:\/\/www.muzeumtrebisov.sk\/wp-content\/uploads\/2022\/02\/archeologia-tokaj-category2-1024x361.png 1024w, https:\/\/www.muzeumtrebisov.sk\/wp-content\/uploads\/2022\/02\/archeologia-tokaj-category2-300x106.png 300w, https:\/\/www.muzeumtrebisov.sk\/wp-content\/uploads\/2022\/02\/archeologia-tokaj-category2-768x271.png 768w, https:\/\/www.muzeumtrebisov.sk\/wp-content\/uploads\/2022\/02\/archeologia-tokaj-category2-1536x542.png 1536w, https:\/\/www.muzeumtrebisov.sk\/wp-content\/uploads\/2022\/02\/archeologia-tokaj-category2-2048x723.png 2048w, https:\/\/www.muzeumtrebisov.sk\/wp-content\/uploads\/2022\/02\/archeologia-tokaj-category2-500x176.png 500w, https:\/\/www.muzeumtrebisov.sk\/wp-content\/uploads\/2022\/02\/archeologia-tokaj-category2-800x282.png 800w, https:\/\/www.muzeumtrebisov.sk\/wp-content\/uploads\/2022\/02\/archeologia-tokaj-category2-1280x452.png 1280w, https:\/\/www.muzeumtrebisov.sk\/wp-content\/uploads\/2022\/02\/archeologia-tokaj-category2-1920x677.png 1920w, https:\/\/www.muzeumtrebisov.sk\/wp-content\/uploads\/2022\/02\/archeologia-tokaj-category2-600x212.png 600w\" sizes=\"(max-width: 407px) 100vw, 407px\" \/><\/figure><\/div>\n\n\n\n<div style=\"height:68px\" aria-hidden=\"true\" class=\"wp-block-spacer\"><\/div>\n\n\n<div class=\"wp-block-visual-portfolio\">\n<div class=\"vp-portfolio vp-uid-ce18a049 vp-id-ZIsHSm\"\n    data-vp-layout=\"tiles\" data-vp-content-source=\"images\" data-vp-items-style=\"emerge\" data-vp-items-click-action=\"\" data-vp-items-gap=\"62\" data-vp-items-gap-vertical=\"65\" data-vp-pagination=\"load-more\" data-vp-next-page-url=\"\" data-vp-tiles-type=\"1|1,0.5|\" >\n    <div class=\"vp-portfolio__preloader-wrap\">\n        <div class=\"vp-portfolio__preloader\">\n            <img loading=\"eager\" src=\"https:\/\/www.muzeumtrebisov.sk\/wp-content\/plugins\/visual-portfolio\/assets\/images\/logo-dark.svg\" alt=\"Visual Portfolio, Posts &amp; Image Gallery for WordPress\" width=\"20\" height=\"20\" data-skip-lazy>\n        <\/div>\n    <\/div>\n        <div class=\"vp-portfolio__items-wrap\">\n            \n<div class=\"vp-portfolio__items vp-portfolio__items-style-emerge vp-portfolio__items-show-overlay-hover vp-portfolio__items-show-caption-hover\">\n\n        <div        class=\"vp-portfolio__item-wrap vp-portfolio__item-uid-7f0c903b\" data-vp-filter=\"\"         >\n                                    <figure class=\"vp-portfolio__item\">\n                \n<div class=\"vp-portfolio__item-img-wrap\">\n    <div class=\"vp-portfolio__item-img\">\n        \n        <img width=\"1920\" height=\"720\" src=\"https:\/\/www.muzeumtrebisov.sk\/wp-content\/uploads\/2022\/02\/DSC_0031-1920x720.jpg\" class=\"wp-image-2184\" alt=\"\" loading=\"lazy\" srcset=\"https:\/\/www.muzeumtrebisov.sk\/wp-content\/uploads\/2022\/02\/DSC_0031-1920x720.jpg 1920w, https:\/\/www.muzeumtrebisov.sk\/wp-content\/uploads\/2022\/02\/DSC_0031-300x113.jpg 300w, https:\/\/www.muzeumtrebisov.sk\/wp-content\/uploads\/2022\/02\/DSC_0031-1024x384.jpg 1024w, https:\/\/www.muzeumtrebisov.sk\/wp-content\/uploads\/2022\/02\/DSC_0031-768x288.jpg 768w, https:\/\/www.muzeumtrebisov.sk\/wp-content\/uploads\/2022\/02\/DSC_0031-1536x576.jpg 1536w, https:\/\/www.muzeumtrebisov.sk\/wp-content\/uploads\/2022\/02\/DSC_0031-2048x768.jpg 2048w, https:\/\/www.muzeumtrebisov.sk\/wp-content\/uploads\/2022\/02\/DSC_0031-500x188.jpg 500w, https:\/\/www.muzeumtrebisov.sk\/wp-content\/uploads\/2022\/02\/DSC_0031-800x300.jpg 800w, https:\/\/www.muzeumtrebisov.sk\/wp-content\/uploads\/2022\/02\/DSC_0031-1280x480.jpg 1280w, https:\/\/www.muzeumtrebisov.sk\/wp-content\/uploads\/2022\/02\/DSC_0031-600x225.jpg 600w\" sizes=\"(max-width: 1920px) 100vw, 1920px\" \/>\n        <div class=\"vp-portfolio__item-overlay\"><\/div>\n\n            <\/div>\n<\/div>\n\n<figcaption class=\"vp-portfolio__item-caption vp-portfolio__item-caption-text-align-center\">\n            <div class=\"vp-portfolio__item-meta-wrap vp-portfolio__custom-scrollbar\">\n            <div class=\"vp-portfolio__item-meta\">\n                \n<h2 class=\"vp-portfolio__item-meta-title\">\n    Expoz\u00edcia Klenotnica rodiny \u0160tefana Dob\u00f3a<\/h2>\n            <\/div>\n        <\/div>\n    <\/figcaption>\n            <\/figure>\n                    <\/div>\n        \n<\/div>\n        <\/div>\n        \n<\/div>\n<\/div>\n\n\n<div style=\"height:100px\" aria-hidden=\"true\" class=\"wp-block-spacer\"><\/div>\n\n\n<div class=\"wp-block-visual-portfolio\">\n<div class=\"vp-portfolio vp-uid-09178b3f vp-id-Z1iFpu6\"\n    data-vp-layout=\"tiles\" data-vp-content-source=\"images\" data-vp-items-style=\"emerge\" data-vp-items-click-action=\"\" data-vp-items-gap=\"62\" data-vp-items-gap-vertical=\"65\" data-vp-pagination=\"load-more\" data-vp-next-page-url=\"\" data-vp-tiles-type=\"1|1,0.5|\" >\n    <div class=\"vp-portfolio__preloader-wrap\">\n        <div class=\"vp-portfolio__preloader\">\n            <img loading=\"eager\" src=\"https:\/\/www.muzeumtrebisov.sk\/wp-content\/plugins\/visual-portfolio\/assets\/images\/logo-dark.svg\" alt=\"Visual Portfolio, Posts &amp; Image Gallery for WordPress\" width=\"20\" height=\"20\" data-skip-lazy>\n        <\/div>\n    <\/div>\n        <div class=\"vp-portfolio__items-wrap\">\n            \n<div class=\"vp-portfolio__items vp-portfolio__items-style-emerge vp-portfolio__items-show-overlay-hover vp-portfolio__items-show-caption-hover\">\n\n        <div        class=\"vp-portfolio__item-wrap vp-portfolio__item-uid-080ba0ad\" data-vp-filter=\"\"         >\n                                    <figure class=\"vp-portfolio__item\">\n                \n<div class=\"vp-portfolio__item-img-wrap\">\n    <div class=\"vp-portfolio__item-img\">\n        \n        <img width=\"1920\" height=\"720\" src=\"https:\/\/www.muzeumtrebisov.sk\/wp-content\/uploads\/2022\/02\/DSC_0050-2-1920x720.jpg\" class=\"wp-image-2185\" alt=\"\" loading=\"lazy\" srcset=\"https:\/\/www.muzeumtrebisov.sk\/wp-content\/uploads\/2022\/02\/DSC_0050-2-1920x720.jpg 1920w, https:\/\/www.muzeumtrebisov.sk\/wp-content\/uploads\/2022\/02\/DSC_0050-2-300x113.jpg 300w, https:\/\/www.muzeumtrebisov.sk\/wp-content\/uploads\/2022\/02\/DSC_0050-2-1024x384.jpg 1024w, https:\/\/www.muzeumtrebisov.sk\/wp-content\/uploads\/2022\/02\/DSC_0050-2-768x288.jpg 768w, https:\/\/www.muzeumtrebisov.sk\/wp-content\/uploads\/2022\/02\/DSC_0050-2-1536x576.jpg 1536w, https:\/\/www.muzeumtrebisov.sk\/wp-content\/uploads\/2022\/02\/DSC_0050-2-2048x768.jpg 2048w, https:\/\/www.muzeumtrebisov.sk\/wp-content\/uploads\/2022\/02\/DSC_0050-2-500x188.jpg 500w, https:\/\/www.muzeumtrebisov.sk\/wp-content\/uploads\/2022\/02\/DSC_0050-2-800x300.jpg 800w, https:\/\/www.muzeumtrebisov.sk\/wp-content\/uploads\/2022\/02\/DSC_0050-2-1280x480.jpg 1280w, https:\/\/www.muzeumtrebisov.sk\/wp-content\/uploads\/2022\/02\/DSC_0050-2-600x225.jpg 600w\" sizes=\"(max-width: 1920px) 100vw, 1920px\" \/>\n        <div class=\"vp-portfolio__item-overlay\"><\/div>\n\n            <\/div>\n<\/div>\n\n<figcaption class=\"vp-portfolio__item-caption vp-portfolio__item-caption-text-align-center\">\n            <div class=\"vp-portfolio__item-meta-wrap vp-portfolio__custom-scrollbar\">\n            <div class=\"vp-portfolio__item-meta\">\n                \n<h2 class=\"vp-portfolio__item-meta-title\">\n    Expoz\u00edcia Tokajsk\u00e9ho vinohradn\u00edctva a vin\u00e1rstva<\/h2>\n            <\/div>\n        <\/div>\n    <\/figcaption>\n            <\/figure>\n                    <\/div>\n        \n<\/div>\n        <\/div>\n        \n<\/div>\n<\/div>","protected":false},"excerpt":{"rendered":"","protected":false},"author":1,"featured_media":0,"parent":0,"menu_order":0,"comment_status":"closed","ping_status":"closed","template":"","meta":{"om_disable_all_campaigns":false,"_vp_format_video_url":"","_vp_image_focal_point":[]},"aioseo_notices":[],"yoast_head":"<!-- This site is optimized with the Yoast SEO plugin v18.5.1 - https:\/\/yoast.com\/wordpress\/plugins\/seo\/ -->\n<title>Archeol\u00f3gia ju\u017en\u00e9ho Zempl\u00edna a Tokajsk\u00e9 vinohradn\u00edctvo | M\u00fazeum Trebi\u0161ov - Ka\u0161tie\u013e Andr\u00e1ssyovcov<\/title>\n<meta name=\"robots\" content=\"index, follow, max-snippet:-1, max-image-preview:large, max-video-preview:-1\" \/>\n<link rel=\"canonical\" href=\"https:\/\/www.muzeumtrebisov.sk\/hu\/archeologia-juzneho-zemplina-a-tokajske-vinohradnictvo\/\" \/>\n<meta property=\"og:locale\" content=\"hu_HU\" \/>\n<meta property=\"og:type\" content=\"article\" \/>\n<meta property=\"og:title\" content=\"Archeol\u00f3gia ju\u017en\u00e9ho Zempl\u00edna a Tokajsk\u00e9 vinohradn\u00edctvo | M\u00fazeum Trebi\u0161ov - Ka\u0161tie\u013e Andr\u00e1ssyovcov\" \/>\n<meta property=\"og:url\" content=\"https:\/\/www.muzeumtrebisov.sk\/hu\/archeologia-juzneho-zemplina-a-tokajske-vinohradnictvo\/\" \/>\n<meta property=\"og:site_name\" content=\"M\u00fazeum Trebi\u0161ov - Ka\u0161tie\u013e Andr\u00e1ssyovcov\" \/>\n<meta property=\"article:publisher\" content=\"https:\/\/www.facebook.com\/muzeumtvkastielandrassyovcov\" \/>\n<meta property=\"article:modified_time\" content=\"2022-06-06T12:06:51+00:00\" \/>\n<meta property=\"og:image\" content=\"https:\/\/www.muzeumtrebisov.sk\/wp-content\/uploads\/2022\/02\/archeologia-tokaj-category2-1024x361.png\" \/>\n<meta name=\"twitter:card\" content=\"summary_large_image\" \/>\n<meta name=\"twitter:label1\" content=\"Becs\u00fclt olvas\u00e1si id\u0151\" \/>\n\t<meta name=\"twitter:data1\" content=\"1 perc\" \/>\n<script type=\"application\/ld+json\" class=\"yoast-schema-graph\">{\"@context\":\"https:\/\/schema.org\",\"@graph\":[{\"@type\":\"Organization\",\"@id\":\"https:\/\/www.muzeumtrebisov.sk\/#organization\",\"name\":\"M\u00fazeum Trebi\u0161ov - Ka\u0161tie\u013e Andr\u00e1ssyovcov\",\"url\":\"https:\/\/www.muzeumtrebisov.sk\/\",\"sameAs\":[\"https:\/\/www.facebook.com\/muzeumtvkastielandrassyovcov\",\"https:\/\/www.instagram.com\/muzeumtrebisovkastielandrassy\/\",\"https:\/\/www.youtube.com\/channel\/UCprfZHvPNIxqZ2IHCDwfv1w\"],\"logo\":{\"@type\":\"ImageObject\",\"@id\":\"https:\/\/www.muzeumtrebisov.sk\/#logo\",\"inLanguage\":\"hu\",\"url\":\"https:\/\/www.muzeumtrebisov.sk\/wp-content\/uploads\/2022\/04\/dual-logo-color-hor.png\",\"contentUrl\":\"https:\/\/www.muzeumtrebisov.sk\/wp-content\/uploads\/2022\/04\/dual-logo-color-hor.png\",\"width\":749,\"height\":140,\"caption\":\"M\u00fazeum Trebi\u0161ov - Ka\u0161tie\u013e Andr\u00e1ssyovcov\"},\"image\":{\"@id\":\"https:\/\/www.muzeumtrebisov.sk\/#logo\"}},{\"@type\":\"WebSite\",\"@id\":\"https:\/\/www.muzeumtrebisov.sk\/#website\",\"url\":\"https:\/\/www.muzeumtrebisov.sk\/\",\"name\":\"M\u00fazeum Trebi\u0161ov - Ka\u0161tie\u013e Andr\u00e1ssyovcov\",\"description\":\"Hist\u00f3ria Andr\u00e1ssyovcov a ju\u017en\u00e9ho Zempl\u00edna\",\"publisher\":{\"@id\":\"https:\/\/www.muzeumtrebisov.sk\/#organization\"},\"potentialAction\":[{\"@type\":\"SearchAction\",\"target\":{\"@type\":\"EntryPoint\",\"urlTemplate\":\"https:\/\/www.muzeumtrebisov.sk\/?s={search_term_string}\"},\"query-input\":\"required name=search_term_string\"}],\"inLanguage\":\"hu\"},{\"@type\":\"ImageObject\",\"@id\":\"https:\/\/www.muzeumtrebisov.sk\/archeologia-juzneho-zemplina-a-tokajske-vinohradnictvo\/#primaryimage\",\"inLanguage\":\"hu\",\"url\":\"https:\/\/www.muzeumtrebisov.sk\/wp-content\/uploads\/2022\/02\/archeologia-tokaj-category2.png\",\"contentUrl\":\"https:\/\/www.muzeumtrebisov.sk\/wp-content\/uploads\/2022\/02\/archeologia-tokaj-category2.png\",\"width\":2834,\"height\":1000},{\"@type\":\"WebPage\",\"@id\":\"https:\/\/www.muzeumtrebisov.sk\/archeologia-juzneho-zemplina-a-tokajske-vinohradnictvo\/#webpage\",\"url\":\"https:\/\/www.muzeumtrebisov.sk\/archeologia-juzneho-zemplina-a-tokajske-vinohradnictvo\/\",\"name\":\"Archeol\u00f3gia ju\u017en\u00e9ho Zempl\u00edna a Tokajsk\u00e9 vinohradn\u00edctvo | M\u00fazeum Trebi\u0161ov - Ka\u0161tie\u013e Andr\u00e1ssyovcov\",\"isPartOf\":{\"@id\":\"https:\/\/www.muzeumtrebisov.sk\/#website\"},\"primaryImageOfPage\":{\"@id\":\"https:\/\/www.muzeumtrebisov.sk\/archeologia-juzneho-zemplina-a-tokajske-vinohradnictvo\/#primaryimage\"},\"datePublished\":\"2022-02-27T21:11:59+00:00\",\"dateModified\":\"2022-06-06T12:06:51+00:00\",\"breadcrumb\":{\"@id\":\"https:\/\/www.muzeumtrebisov.sk\/archeologia-juzneho-zemplina-a-tokajske-vinohradnictvo\/#breadcrumb\"},\"inLanguage\":\"hu\",\"potentialAction\":[{\"@type\":\"ReadAction\",\"target\":[\"https:\/\/www.muzeumtrebisov.sk\/archeologia-juzneho-zemplina-a-tokajske-vinohradnictvo\/\"]}]},{\"@type\":\"BreadcrumbList\",\"@id\":\"https:\/\/www.muzeumtrebisov.sk\/archeologia-juzneho-zemplina-a-tokajske-vinohradnictvo\/#breadcrumb\",\"itemListElement\":[{\"@type\":\"ListItem\",\"position\":1,\"name\":\"Home\",\"item\":\"https:\/\/www.muzeumtrebisov.sk\/\"},{\"@type\":\"ListItem\",\"position\":2,\"name\":\"Archeol\u00f3gia ju\u017en\u00e9ho Zempl\u00edna a Tokajsk\u00e9 vinohradn\u00edctvo\"}]}]}<\/script>\n<!-- \/ Yoast SEO plugin. -->","yoast_head_json":{"title":"Archeol\u00f3gia ju\u017en\u00e9ho Zempl\u00edna a Tokajsk\u00e9 vinohradn\u00edctvo | M\u00fazeum Trebi\u0161ov - Ka\u0161tie\u013e Andr\u00e1ssyovcov","robots":{"index":"index","follow":"follow","max-snippet":"max-snippet:-1","max-image-preview":"max-image-preview:large","max-video-preview":"max-video-preview:-1"},"canonical":"https:\/\/www.muzeumtrebisov.sk\/hu\/archeologia-juzneho-zemplina-a-tokajske-vinohradnictvo\/","og_locale":"hu_HU","og_type":"article","og_title":"Archeol\u00f3gia ju\u017en\u00e9ho Zempl\u00edna a Tokajsk\u00e9 vinohradn\u00edctvo | M\u00fazeum Trebi\u0161ov - Ka\u0161tie\u013e Andr\u00e1ssyovcov","og_url":"https:\/\/www.muzeumtrebisov.sk\/hu\/archeologia-juzneho-zemplina-a-tokajske-vinohradnictvo\/","og_site_name":"M\u00fazeum Trebi\u0161ov - Ka\u0161tie\u013e Andr\u00e1ssyovcov","article_publisher":"https:\/\/www.facebook.com\/muzeumtvkastielandrassyovcov","article_modified_time":"2022-06-06T12:06:51+00:00","og_image":[{"url":"https:\/\/www.muzeumtrebisov.sk\/wp-content\/uploads\/2022\/02\/archeologia-tokaj-category2-1024x361.png"}],"twitter_card":"summary_large_image","twitter_misc":{"Becs\u00fclt olvas\u00e1si id\u0151":"1 perc"},"schema":{"@context":"https:\/\/schema.org","@graph":[{"@type":"Organization","@id":"https:\/\/www.muzeumtrebisov.sk\/#organization","name":"M\u00fazeum Trebi\u0161ov - Ka\u0161tie\u013e Andr\u00e1ssyovcov","url":"https:\/\/www.muzeumtrebisov.sk\/","sameAs":["https:\/\/www.facebook.com\/muzeumtvkastielandrassyovcov","https:\/\/www.instagram.com\/muzeumtrebisovkastielandrassy\/","https:\/\/www.youtube.com\/channel\/UCprfZHvPNIxqZ2IHCDwfv1w"],"logo":{"@type":"ImageObject","@id":"https:\/\/www.muzeumtrebisov.sk\/#logo","inLanguage":"hu","url":"https:\/\/www.muzeumtrebisov.sk\/wp-content\/uploads\/2022\/04\/dual-logo-color-hor.png","contentUrl":"https:\/\/www.muzeumtrebisov.sk\/wp-content\/uploads\/2022\/04\/dual-logo-color-hor.png","width":749,"height":140,"caption":"M\u00fazeum Trebi\u0161ov - Ka\u0161tie\u013e Andr\u00e1ssyovcov"},"image":{"@id":"https:\/\/www.muzeumtrebisov.sk\/#logo"}},{"@type":"WebSite","@id":"https:\/\/www.muzeumtrebisov.sk\/#website","url":"https:\/\/www.muzeumtrebisov.sk\/","name":"M\u00fazeum Trebi\u0161ov - Ka\u0161tie\u013e Andr\u00e1ssyovcov","description":"Hist\u00f3ria Andr\u00e1ssyovcov a ju\u017en\u00e9ho Zempl\u00edna","publisher":{"@id":"https:\/\/www.muzeumtrebisov.sk\/#organization"},"potentialAction":[{"@type":"SearchAction","target":{"@type":"EntryPoint","urlTemplate":"https:\/\/www.muzeumtrebisov.sk\/?s={search_term_string}"},"query-input":"required name=search_term_string"}],"inLanguage":"hu"},{"@type":"ImageObject","@id":"https:\/\/www.muzeumtrebisov.sk\/archeologia-juzneho-zemplina-a-tokajske-vinohradnictvo\/#primaryimage","inLanguage":"hu","url":"https:\/\/www.muzeumtrebisov.sk\/wp-content\/uploads\/2022\/02\/archeologia-tokaj-category2.png","contentUrl":"https:\/\/www.muzeumtrebisov.sk\/wp-content\/uploads\/2022\/02\/archeologia-tokaj-category2.png","width":2834,"height":1000},{"@type":"WebPage","@id":"https:\/\/www.muzeumtrebisov.sk\/archeologia-juzneho-zemplina-a-tokajske-vinohradnictvo\/#webpage","url":"https:\/\/www.muzeumtrebisov.sk\/archeologia-juzneho-zemplina-a-tokajske-vinohradnictvo\/","name":"Archeol\u00f3gia ju\u017en\u00e9ho Zempl\u00edna a Tokajsk\u00e9 vinohradn\u00edctvo | M\u00fazeum Trebi\u0161ov - Ka\u0161tie\u013e Andr\u00e1ssyovcov","isPartOf":{"@id":"https:\/\/www.muzeumtrebisov.sk\/#website"},"primaryImageOfPage":{"@id":"https:\/\/www.muzeumtrebisov.sk\/archeologia-juzneho-zemplina-a-tokajske-vinohradnictvo\/#primaryimage"},"datePublished":"2022-02-27T21:11:59+00:00","dateModified":"2022-06-06T12:06:51+00:00","breadcrumb":{"@id":"https:\/\/www.muzeumtrebisov.sk\/archeologia-juzneho-zemplina-a-tokajske-vinohradnictvo\/#breadcrumb"},"inLanguage":"hu","potentialAction":[{"@type":"ReadAction","target":["https:\/\/www.muzeumtrebisov.sk\/archeologia-juzneho-zemplina-a-tokajske-vinohradnictvo\/"]}]},{"@type":"BreadcrumbList","@id":"https:\/\/www.muzeumtrebisov.sk\/archeologia-juzneho-zemplina-a-tokajske-vinohradnictvo\/#breadcrumb","itemListElement":[{"@type":"ListItem","position":1,"name":"Home","item":"https:\/\/www.muzeumtrebisov.sk\/"},{"@type":"ListItem","position":2,"name":"Archeol\u00f3gia ju\u017en\u00e9ho Zempl\u00edna a Tokajsk\u00e9 vinohradn\u00edctvo"}]}]}},"_links":{"self":[{"href":"https:\/\/www.muzeumtrebisov.sk\/hu\/wp-json\/wp\/v2\/pages\/2183"}],"collection":[{"href":"https:\/\/www.muzeumtrebisov.sk\/hu\/wp-json\/wp\/v2\/pages"}],"about":[{"href":"https:\/\/www.muzeumtrebisov.sk\/hu\/wp-json\/wp\/v2\/types\/page"}],"author":[{"embeddable":true,"href":"https:\/\/www.muzeumtrebisov.sk\/hu\/wp-json\/wp\/v2\/users\/1"}],"replies":[{"embeddable":true,"href":"https:\/\/www.muzeumtrebisov.sk\/hu\/wp-json\/wp\/v2\/comments?post=2183"}],"version-history":[{"count":2,"href":"https:\/\/www.muzeumtrebisov.sk\/hu\/wp-json\/wp\/v2\/pages\/2183\/revisions"}],"predecessor-version":[{"id":2521,"href":"https:\/\/www.muzeumtrebisov.sk\/hu\/wp-json\/wp\/v2\/pages\/2183\/revisions\/2521"}],"wp:attachment":[{"href":"https:\/\/www.muzeumtrebisov.sk\/hu\/wp-json\/wp\/v2\/media?parent=2183"}],"curies":[{"name":"wp","href":"https:\/\/api.w.org\/{rel}","templated":true}]}}