{"id":2173,"date":"2022-02-27T21:56:33","date_gmt":"2022-02-27T20:56:33","guid":{"rendered":"https:\/\/www.muzeumtrebisov.sk\/?page_id=2173"},"modified":"2022-06-06T14:05:15","modified_gmt":"2022-06-06T12:05:15","slug":"andrassyovci-v-trebisove","status":"publish","type":"page","link":"https:\/\/www.muzeumtrebisov.sk\/hu\/andrassyovci-v-trebisove\/","title":{"rendered":"Az Andr\u00e1ssyak T\u0151keterebesen"},"content":{"rendered":"<div class=\"wp-block-image\"><figure class=\"aligncenter size-large is-resized\"><img loading=\"lazy\" src=\"https:\/\/www.muzeumtrebisov.sk\/wp-content\/uploads\/2022\/02\/andrassy-category2-1024x460.png\" alt=\"\" class=\"wp-image-2121\" width=\"446\" height=\"200\" srcset=\"https:\/\/www.muzeumtrebisov.sk\/wp-content\/uploads\/2022\/02\/andrassy-category2-1024x460.png 1024w, https:\/\/www.muzeumtrebisov.sk\/wp-content\/uploads\/2022\/02\/andrassy-category2-300x135.png 300w, https:\/\/www.muzeumtrebisov.sk\/wp-content\/uploads\/2022\/02\/andrassy-category2-768x345.png 768w, https:\/\/www.muzeumtrebisov.sk\/wp-content\/uploads\/2022\/02\/andrassy-category2-1536x691.png 1536w, https:\/\/www.muzeumtrebisov.sk\/wp-content\/uploads\/2022\/02\/andrassy-category2-2048x921.png 2048w, https:\/\/www.muzeumtrebisov.sk\/wp-content\/uploads\/2022\/02\/andrassy-category2-500x225.png 500w, https:\/\/www.muzeumtrebisov.sk\/wp-content\/uploads\/2022\/02\/andrassy-category2-800x360.png 800w, https:\/\/www.muzeumtrebisov.sk\/wp-content\/uploads\/2022\/02\/andrassy-category2-1280x576.png 1280w, https:\/\/www.muzeumtrebisov.sk\/wp-content\/uploads\/2022\/02\/andrassy-category2-1920x863.png 1920w, https:\/\/www.muzeumtrebisov.sk\/wp-content\/uploads\/2022\/02\/andrassy-category2-600x270.png 600w\" sizes=\"(max-width: 446px) 100vw, 446px\" \/><\/figure><\/div>\n\n\n\n<div style=\"height:68px\" aria-hidden=\"true\" class=\"wp-block-spacer\"><\/div>\n\n\n<div class=\"wp-block-visual-portfolio\">\n<div class=\"vp-portfolio vp-uid-9f8d5411 vp-id-Z2cwDiJ\"\n    data-vp-layout=\"tiles\" data-vp-content-source=\"images\" data-vp-items-style=\"emerge\" data-vp-items-click-action=\"\" data-vp-items-gap=\"62\" data-vp-items-gap-vertical=\"65\" data-vp-pagination=\"load-more\" data-vp-next-page-url=\"\" data-vp-tiles-type=\"1|1,0.5|\" >\n    <div class=\"vp-portfolio__preloader-wrap\">\n        <div class=\"vp-portfolio__preloader\">\n            <img loading=\"eager\" src=\"https:\/\/www.muzeumtrebisov.sk\/wp-content\/plugins\/visual-portfolio\/assets\/images\/logo-dark.svg\" alt=\"Visual Portfolio, Posts &amp; Image Gallery for WordPress\" width=\"20\" height=\"20\" data-skip-lazy>\n        <\/div>\n    <\/div>\n        <div class=\"vp-portfolio__items-wrap\">\n            \n<div class=\"vp-portfolio__items vp-portfolio__items-style-emerge vp-portfolio__items-show-overlay-hover vp-portfolio__items-show-caption-hover\">\n\n        <div        class=\"vp-portfolio__item-wrap vp-portfolio__item-uid-ad08a38a\" data-vp-filter=\"\"         >\n                                    <figure class=\"vp-portfolio__item\">\n                \n<div class=\"vp-portfolio__item-img-wrap\">\n    <div class=\"vp-portfolio__item-img\">\n        \n        <img width=\"1920\" height=\"720\" src=\"https:\/\/www.muzeumtrebisov.sk\/wp-content\/uploads\/2022\/02\/DSC_9950-1920x720.jpg\" class=\"wp-image-2149\" alt=\"\" loading=\"lazy\" srcset=\"https:\/\/www.muzeumtrebisov.sk\/wp-content\/uploads\/2022\/02\/DSC_9950-1920x720.jpg 1920w, https:\/\/www.muzeumtrebisov.sk\/wp-content\/uploads\/2022\/02\/DSC_9950-300x113.jpg 300w, https:\/\/www.muzeumtrebisov.sk\/wp-content\/uploads\/2022\/02\/DSC_9950-1024x384.jpg 1024w, https:\/\/www.muzeumtrebisov.sk\/wp-content\/uploads\/2022\/02\/DSC_9950-768x288.jpg 768w, https:\/\/www.muzeumtrebisov.sk\/wp-content\/uploads\/2022\/02\/DSC_9950-1536x576.jpg 1536w, https:\/\/www.muzeumtrebisov.sk\/wp-content\/uploads\/2022\/02\/DSC_9950-2048x768.jpg 2048w, https:\/\/www.muzeumtrebisov.sk\/wp-content\/uploads\/2022\/02\/DSC_9950-500x188.jpg 500w, https:\/\/www.muzeumtrebisov.sk\/wp-content\/uploads\/2022\/02\/DSC_9950-800x300.jpg 800w, https:\/\/www.muzeumtrebisov.sk\/wp-content\/uploads\/2022\/02\/DSC_9950-1280x480.jpg 1280w, https:\/\/www.muzeumtrebisov.sk\/wp-content\/uploads\/2022\/02\/DSC_9950-600x225.jpg 600w\" sizes=\"(max-width: 1920px) 100vw, 1920px\" \/>\n        <div class=\"vp-portfolio__item-overlay\"><\/div>\n\n            <\/div>\n<\/div>\n\n<figcaption class=\"vp-portfolio__item-caption vp-portfolio__item-caption-text-align-center\">\n            <div class=\"vp-portfolio__item-meta-wrap vp-portfolio__custom-scrollbar\">\n            <div class=\"vp-portfolio__item-meta\">\n                \n<h2 class=\"vp-portfolio__item-meta-title\">\n    Expoz\u00edcia \u0160\u013eachtick\u00e9 rody trebi\u0161ovsk\u00e9ho ka\u0161tie\u013ea<\/h2>\n            <\/div>\n        <\/div>\n    <\/figcaption>\n            <\/figure>\n                    <\/div>\n        \n<\/div>\n        <\/div>\n        \n<\/div>\n<\/div>\n\n\n<div style=\"height:100px\" aria-hidden=\"true\" class=\"wp-block-spacer\"><\/div>\n\n\n<div class=\"wp-block-visual-portfolio\">\n<div class=\"vp-portfolio vp-uid-bef5627d vp-id-1jtBp7\"\n    data-vp-layout=\"tiles\" data-vp-content-source=\"images\" data-vp-items-style=\"emerge\" data-vp-items-click-action=\"\" data-vp-items-gap=\"62\" data-vp-items-gap-vertical=\"65\" data-vp-pagination=\"load-more\" data-vp-next-page-url=\"\" data-vp-tiles-type=\"1|1,0.5|\" >\n    <div class=\"vp-portfolio__preloader-wrap\">\n        <div class=\"vp-portfolio__preloader\">\n            <img loading=\"eager\" src=\"https:\/\/www.muzeumtrebisov.sk\/wp-content\/plugins\/visual-portfolio\/assets\/images\/logo-dark.svg\" alt=\"Visual Portfolio, Posts &amp; Image Gallery for WordPress\" width=\"20\" height=\"20\" data-skip-lazy>\n        <\/div>\n    <\/div>\n        <div class=\"vp-portfolio__items-wrap\">\n            \n<div class=\"vp-portfolio__items vp-portfolio__items-style-emerge vp-portfolio__items-show-overlay-hover vp-portfolio__items-show-caption-hover\">\n\n        <div        class=\"vp-portfolio__item-wrap vp-portfolio__item-uid-23c14b43\" data-vp-filter=\"\"         >\n                                    <figure class=\"vp-portfolio__item\">\n                \n<div class=\"vp-portfolio__item-img-wrap\">\n    <div class=\"vp-portfolio__item-img\">\n        \n        <img width=\"1920\" height=\"720\" src=\"https:\/\/www.muzeumtrebisov.sk\/wp-content\/uploads\/2022\/02\/DSC_9999-1920x720.jpg\" class=\"wp-image-2152\" alt=\"\" loading=\"lazy\" srcset=\"https:\/\/www.muzeumtrebisov.sk\/wp-content\/uploads\/2022\/02\/DSC_9999-1920x720.jpg 1920w, https:\/\/www.muzeumtrebisov.sk\/wp-content\/uploads\/2022\/02\/DSC_9999-300x113.jpg 300w, https:\/\/www.muzeumtrebisov.sk\/wp-content\/uploads\/2022\/02\/DSC_9999-1024x384.jpg 1024w, https:\/\/www.muzeumtrebisov.sk\/wp-content\/uploads\/2022\/02\/DSC_9999-768x288.jpg 768w, https:\/\/www.muzeumtrebisov.sk\/wp-content\/uploads\/2022\/02\/DSC_9999-1536x576.jpg 1536w, https:\/\/www.muzeumtrebisov.sk\/wp-content\/uploads\/2022\/02\/DSC_9999-2048x768.jpg 2048w, https:\/\/www.muzeumtrebisov.sk\/wp-content\/uploads\/2022\/02\/DSC_9999-500x188.jpg 500w, https:\/\/www.muzeumtrebisov.sk\/wp-content\/uploads\/2022\/02\/DSC_9999-800x300.jpg 800w, https:\/\/www.muzeumtrebisov.sk\/wp-content\/uploads\/2022\/02\/DSC_9999-1280x480.jpg 1280w, https:\/\/www.muzeumtrebisov.sk\/wp-content\/uploads\/2022\/02\/DSC_9999-600x225.jpg 600w\" sizes=\"(max-width: 1920px) 100vw, 1920px\" \/>\n        <div class=\"vp-portfolio__item-overlay\"><\/div>\n\n            <\/div>\n<\/div>\n\n<figcaption class=\"vp-portfolio__item-caption vp-portfolio__item-caption-text-align-center\">\n            <div class=\"vp-portfolio__item-meta-wrap vp-portfolio__custom-scrollbar\">\n            <div class=\"vp-portfolio__item-meta\">\n                \n<h2 class=\"vp-portfolio__item-meta-title\">\n    Expoz\u00edcia \u201eZ\u00e1\u017eitkov\u00fd bod\u201c<\/h2>\n            <\/div>\n        <\/div>\n    <\/figcaption>\n            <\/figure>\n                    <\/div>\n        \n<\/div>\n        <\/div>\n        \n<\/div>\n<\/div>","protected":false},"excerpt":{"rendered":"","protected":false},"author":1,"featured_media":0,"parent":0,"menu_order":0,"comment_status":"closed","ping_status":"closed","template":"","meta":{"om_disable_all_campaigns":false,"_vp_format_video_url":"","_vp_image_focal_point":[]},"aioseo_notices":[],"yoast_head":"<!-- This site is optimized with the Yoast SEO plugin v18.5.1 - https:\/\/yoast.com\/wordpress\/plugins\/seo\/ -->\n<title>Andr\u00e1ssyovci v Trebi\u0161ove | M\u00fazeum Trebi\u0161ov - Ka\u0161tie\u013e Andr\u00e1ssyovcov<\/title>\n<meta name=\"robots\" content=\"index, follow, max-snippet:-1, max-image-preview:large, max-video-preview:-1\" \/>\n<link rel=\"canonical\" href=\"https:\/\/www.muzeumtrebisov.sk\/hu\/andrassyovci-v-trebisove\/\" \/>\n<meta property=\"og:locale\" content=\"hu_HU\" \/>\n<meta property=\"og:type\" content=\"article\" \/>\n<meta property=\"og:title\" content=\"Andr\u00e1ssyovci v Trebi\u0161ove | M\u00fazeum Trebi\u0161ov - Ka\u0161tie\u013e Andr\u00e1ssyovcov\" \/>\n<meta property=\"og:url\" content=\"https:\/\/www.muzeumtrebisov.sk\/hu\/andrassyovci-v-trebisove\/\" \/>\n<meta property=\"og:site_name\" content=\"M\u00fazeum Trebi\u0161ov - Ka\u0161tie\u013e Andr\u00e1ssyovcov\" \/>\n<meta property=\"article:publisher\" content=\"https:\/\/www.facebook.com\/muzeumtvkastielandrassyovcov\" \/>\n<meta property=\"article:modified_time\" content=\"2022-06-06T12:05:15+00:00\" \/>\n<meta property=\"og:image\" content=\"https:\/\/www.muzeumtrebisov.sk\/wp-content\/uploads\/2022\/02\/andrassy-category2-1024x460.png\" \/>\n<meta name=\"twitter:card\" content=\"summary_large_image\" \/>\n<meta name=\"twitter:label1\" content=\"Becs\u00fclt olvas\u00e1si id\u0151\" \/>\n\t<meta name=\"twitter:data1\" content=\"1 perc\" \/>\n<script type=\"application\/ld+json\" class=\"yoast-schema-graph\">{\"@context\":\"https:\/\/schema.org\",\"@graph\":[{\"@type\":\"Organization\",\"@id\":\"https:\/\/www.muzeumtrebisov.sk\/#organization\",\"name\":\"M\u00fazeum Trebi\u0161ov - Ka\u0161tie\u013e Andr\u00e1ssyovcov\",\"url\":\"https:\/\/www.muzeumtrebisov.sk\/\",\"sameAs\":[\"https:\/\/www.facebook.com\/muzeumtvkastielandrassyovcov\",\"https:\/\/www.instagram.com\/muzeumtrebisovkastielandrassy\/\",\"https:\/\/www.youtube.com\/channel\/UCprfZHvPNIxqZ2IHCDwfv1w\"],\"logo\":{\"@type\":\"ImageObject\",\"@id\":\"https:\/\/www.muzeumtrebisov.sk\/#logo\",\"inLanguage\":\"hu\",\"url\":\"https:\/\/www.muzeumtrebisov.sk\/wp-content\/uploads\/2022\/04\/dual-logo-color-hor.png\",\"contentUrl\":\"https:\/\/www.muzeumtrebisov.sk\/wp-content\/uploads\/2022\/04\/dual-logo-color-hor.png\",\"width\":749,\"height\":140,\"caption\":\"M\u00fazeum Trebi\u0161ov - Ka\u0161tie\u013e Andr\u00e1ssyovcov\"},\"image\":{\"@id\":\"https:\/\/www.muzeumtrebisov.sk\/#logo\"}},{\"@type\":\"WebSite\",\"@id\":\"https:\/\/www.muzeumtrebisov.sk\/#website\",\"url\":\"https:\/\/www.muzeumtrebisov.sk\/\",\"name\":\"M\u00fazeum Trebi\u0161ov - Ka\u0161tie\u013e Andr\u00e1ssyovcov\",\"description\":\"Hist\u00f3ria Andr\u00e1ssyovcov a ju\u017en\u00e9ho Zempl\u00edna\",\"publisher\":{\"@id\":\"https:\/\/www.muzeumtrebisov.sk\/#organization\"},\"potentialAction\":[{\"@type\":\"SearchAction\",\"target\":{\"@type\":\"EntryPoint\",\"urlTemplate\":\"https:\/\/www.muzeumtrebisov.sk\/?s={search_term_string}\"},\"query-input\":\"required name=search_term_string\"}],\"inLanguage\":\"hu\"},{\"@type\":\"ImageObject\",\"@id\":\"https:\/\/www.muzeumtrebisov.sk\/andrassyovci-v-trebisove\/#primaryimage\",\"inLanguage\":\"hu\",\"url\":\"https:\/\/www.muzeumtrebisov.sk\/wp-content\/uploads\/2022\/02\/andrassy-category2.png\",\"contentUrl\":\"https:\/\/www.muzeumtrebisov.sk\/wp-content\/uploads\/2022\/02\/andrassy-category2.png\",\"width\":2224,\"height\":1000},{\"@type\":\"WebPage\",\"@id\":\"https:\/\/www.muzeumtrebisov.sk\/andrassyovci-v-trebisove\/#webpage\",\"url\":\"https:\/\/www.muzeumtrebisov.sk\/andrassyovci-v-trebisove\/\",\"name\":\"Andr\u00e1ssyovci v Trebi\u0161ove | M\u00fazeum Trebi\u0161ov - Ka\u0161tie\u013e Andr\u00e1ssyovcov\",\"isPartOf\":{\"@id\":\"https:\/\/www.muzeumtrebisov.sk\/#website\"},\"primaryImageOfPage\":{\"@id\":\"https:\/\/www.muzeumtrebisov.sk\/andrassyovci-v-trebisove\/#primaryimage\"},\"datePublished\":\"2022-02-27T20:56:33+00:00\",\"dateModified\":\"2022-06-06T12:05:15+00:00\",\"breadcrumb\":{\"@id\":\"https:\/\/www.muzeumtrebisov.sk\/andrassyovci-v-trebisove\/#breadcrumb\"},\"inLanguage\":\"hu\",\"potentialAction\":[{\"@type\":\"ReadAction\",\"target\":[\"https:\/\/www.muzeumtrebisov.sk\/andrassyovci-v-trebisove\/\"]}]},{\"@type\":\"BreadcrumbList\",\"@id\":\"https:\/\/www.muzeumtrebisov.sk\/andrassyovci-v-trebisove\/#breadcrumb\",\"itemListElement\":[{\"@type\":\"ListItem\",\"position\":1,\"name\":\"Home\",\"item\":\"https:\/\/www.muzeumtrebisov.sk\/\"},{\"@type\":\"ListItem\",\"position\":2,\"name\":\"Andr\u00e1ssyovci v Trebi\u0161ove\"}]}]}<\/script>\n<!-- \/ Yoast SEO plugin. -->","yoast_head_json":{"title":"Andr\u00e1ssyovci v Trebi\u0161ove | M\u00fazeum Trebi\u0161ov - Ka\u0161tie\u013e Andr\u00e1ssyovcov","robots":{"index":"index","follow":"follow","max-snippet":"max-snippet:-1","max-image-preview":"max-image-preview:large","max-video-preview":"max-video-preview:-1"},"canonical":"https:\/\/www.muzeumtrebisov.sk\/hu\/andrassyovci-v-trebisove\/","og_locale":"hu_HU","og_type":"article","og_title":"Andr\u00e1ssyovci v Trebi\u0161ove | M\u00fazeum Trebi\u0161ov - Ka\u0161tie\u013e Andr\u00e1ssyovcov","og_url":"https:\/\/www.muzeumtrebisov.sk\/hu\/andrassyovci-v-trebisove\/","og_site_name":"M\u00fazeum Trebi\u0161ov - Ka\u0161tie\u013e Andr\u00e1ssyovcov","article_publisher":"https:\/\/www.facebook.com\/muzeumtvkastielandrassyovcov","article_modified_time":"2022-06-06T12:05:15+00:00","og_image":[{"url":"https:\/\/www.muzeumtrebisov.sk\/wp-content\/uploads\/2022\/02\/andrassy-category2-1024x460.png"}],"twitter_card":"summary_large_image","twitter_misc":{"Becs\u00fclt olvas\u00e1si id\u0151":"1 perc"},"schema":{"@context":"https:\/\/schema.org","@graph":[{"@type":"Organization","@id":"https:\/\/www.muzeumtrebisov.sk\/#organization","name":"M\u00fazeum Trebi\u0161ov - Ka\u0161tie\u013e Andr\u00e1ssyovcov","url":"https:\/\/www.muzeumtrebisov.sk\/","sameAs":["https:\/\/www.facebook.com\/muzeumtvkastielandrassyovcov","https:\/\/www.instagram.com\/muzeumtrebisovkastielandrassy\/","https:\/\/www.youtube.com\/channel\/UCprfZHvPNIxqZ2IHCDwfv1w"],"logo":{"@type":"ImageObject","@id":"https:\/\/www.muzeumtrebisov.sk\/#logo","inLanguage":"hu","url":"https:\/\/www.muzeumtrebisov.sk\/wp-content\/uploads\/2022\/04\/dual-logo-color-hor.png","contentUrl":"https:\/\/www.muzeumtrebisov.sk\/wp-content\/uploads\/2022\/04\/dual-logo-color-hor.png","width":749,"height":140,"caption":"M\u00fazeum Trebi\u0161ov - Ka\u0161tie\u013e Andr\u00e1ssyovcov"},"image":{"@id":"https:\/\/www.muzeumtrebisov.sk\/#logo"}},{"@type":"WebSite","@id":"https:\/\/www.muzeumtrebisov.sk\/#website","url":"https:\/\/www.muzeumtrebisov.sk\/","name":"M\u00fazeum Trebi\u0161ov - Ka\u0161tie\u013e Andr\u00e1ssyovcov","description":"Hist\u00f3ria Andr\u00e1ssyovcov a ju\u017en\u00e9ho Zempl\u00edna","publisher":{"@id":"https:\/\/www.muzeumtrebisov.sk\/#organization"},"potentialAction":[{"@type":"SearchAction","target":{"@type":"EntryPoint","urlTemplate":"https:\/\/www.muzeumtrebisov.sk\/?s={search_term_string}"},"query-input":"required name=search_term_string"}],"inLanguage":"hu"},{"@type":"ImageObject","@id":"https:\/\/www.muzeumtrebisov.sk\/andrassyovci-v-trebisove\/#primaryimage","inLanguage":"hu","url":"https:\/\/www.muzeumtrebisov.sk\/wp-content\/uploads\/2022\/02\/andrassy-category2.png","contentUrl":"https:\/\/www.muzeumtrebisov.sk\/wp-content\/uploads\/2022\/02\/andrassy-category2.png","width":2224,"height":1000},{"@type":"WebPage","@id":"https:\/\/www.muzeumtrebisov.sk\/andrassyovci-v-trebisove\/#webpage","url":"https:\/\/www.muzeumtrebisov.sk\/andrassyovci-v-trebisove\/","name":"Andr\u00e1ssyovci v Trebi\u0161ove | M\u00fazeum Trebi\u0161ov - Ka\u0161tie\u013e Andr\u00e1ssyovcov","isPartOf":{"@id":"https:\/\/www.muzeumtrebisov.sk\/#website"},"primaryImageOfPage":{"@id":"https:\/\/www.muzeumtrebisov.sk\/andrassyovci-v-trebisove\/#primaryimage"},"datePublished":"2022-02-27T20:56:33+00:00","dateModified":"2022-06-06T12:05:15+00:00","breadcrumb":{"@id":"https:\/\/www.muzeumtrebisov.sk\/andrassyovci-v-trebisove\/#breadcrumb"},"inLanguage":"hu","potentialAction":[{"@type":"ReadAction","target":["https:\/\/www.muzeumtrebisov.sk\/andrassyovci-v-trebisove\/"]}]},{"@type":"BreadcrumbList","@id":"https:\/\/www.muzeumtrebisov.sk\/andrassyovci-v-trebisove\/#breadcrumb","itemListElement":[{"@type":"ListItem","position":1,"name":"Home","item":"https:\/\/www.muzeumtrebisov.sk\/"},{"@type":"ListItem","position":2,"name":"Andr\u00e1ssyovci v Trebi\u0161ove"}]}]}},"_links":{"self":[{"href":"https:\/\/www.muzeumtrebisov.sk\/hu\/wp-json\/wp\/v2\/pages\/2173"}],"collection":[{"href":"https:\/\/www.muzeumtrebisov.sk\/hu\/wp-json\/wp\/v2\/pages"}],"about":[{"href":"https:\/\/www.muzeumtrebisov.sk\/hu\/wp-json\/wp\/v2\/types\/page"}],"author":[{"embeddable":true,"href":"https:\/\/www.muzeumtrebisov.sk\/hu\/wp-json\/wp\/v2\/users\/1"}],"replies":[{"embeddable":true,"href":"https:\/\/www.muzeumtrebisov.sk\/hu\/wp-json\/wp\/v2\/comments?post=2173"}],"version-history":[{"count":4,"href":"https:\/\/www.muzeumtrebisov.sk\/hu\/wp-json\/wp\/v2\/pages\/2173\/revisions"}],"predecessor-version":[{"id":2520,"href":"https:\/\/www.muzeumtrebisov.sk\/hu\/wp-json\/wp\/v2\/pages\/2173\/revisions\/2520"}],"wp:attachment":[{"href":"https:\/\/www.muzeumtrebisov.sk\/hu\/wp-json\/wp\/v2\/media?parent=2173"}],"curies":[{"name":"wp","href":"https:\/\/api.w.org\/{rel}","templated":true}]}}