{"id":2083,"date":"2022-02-27T09:42:41","date_gmt":"2022-02-27T08:42:41","guid":{"rendered":"https:\/\/www.muzeumtrebisov.sk\/?page_id=2083"},"modified":"2022-05-03T12:23:19","modified_gmt":"2022-05-03T10:23:19","slug":"spoznajte-historiu-utvaru-astronomie","status":"publish","type":"page","link":"https:\/\/www.muzeumtrebisov.sk\/hu\/spoznajte-historiu-utvaru-astronomie\/","title":{"rendered":"Spoznajte hist\u00f3riu \u00fatvaru astron\u00f3mie"},"content":{"rendered":"<p><section class=\"kc-elm kc-css-47433 kc_row\"><div class=\"kc-row-container  kc-container\"><div class=\"kc-wrap-columns\"><div class=\"kc-elm kc-css-31809 kc_col-sm-12 kc_column kc_col-sm-12\"><div class=\"kc-col-container\"><!-- Welcome Section -->\r\n\r\n<section class=\"about-three\">\r\n    <div class=\"container\">\r\n        <div class=\"block-title text-center\">\r\n            <p class=\"block-title__tag-line\">Takto sme vznikli<\/p><!-- \/.block-title__tag-line -->\r\n            <h2 class=\"block-title__title\">Gen\u00e9za \u00fatvaru Aston\u00f3mie<\/h2><!-- \/.block-title__title -->\r\n        <\/div><!-- \/.block-title -->\r\n        <div class=\"row\">\r\n            <div class=\"col-lg-6\">\r\n                <div class=\"about-three__content\">\r\n                    <h3 class=\"about-three__content-title\">\u00datvar Astron\u00f3mie po\u010das svojej existencie pre\u0161iel r\u00f4znymi organiza\u010dn\u00fdmi zmenami <\/h3><!-- \/.about-three__content-title -->\r\n                    <p class=\"about-three__content-text\">Hvezd\u00e1re\u0148,  ako \u0161pecializovan\u00e9  kult\u00farno-v\u00fdchovn\u00e9  zariadenie,  bola  zriaden\u00e1     1. janu\u00e1ra 1988 Okresn\u00fdm n\u00e1rodn\u00fdm v\u00fdborom v Trebi\u0161ove pod n\u00e1zvom Okresn\u00e1 \u013eudov\u00e1 hvezd\u00e1re\u0148 v Trebi\u0161ove. 20. j\u00fala 1990 do\u0161lo k jej premenovaniu na Okresn\u00fa hvezd\u00e1re\u0148 v Trebi\u0161ove. Po\u010das jej existencie pre\u0161la r\u00f4znymi organiza\u010dn\u00fdmi zmenami a s t\u00fdm s\u00favisiacimi zmenami  s\u00eddla hvezd\u00e1rne. Jej p\u00f4sobnos\u0165 sa vz\u0165ahuje na \u00fazemie okresu Trebi\u0161ov. Od 15. 2. 1990 bola riaden\u00e1 Ministerstvom kult\u00fary SR ako Hvezd\u00e1re\u0148 v Trebi\u0161ove. 1. j\u00fala 1996 sa stala s\u00fa\u010das\u0165ou Zempl\u00ednskeho kult\u00farneho centra (ZKC) v Michalovciach pod n\u00e1zvom Zempl\u00ednska hvezd\u00e1re\u0148 v Trebi\u0161ove. Po zru\u0161en\u00ed ZKC sa 1. apr\u00edla 1999 stala  organiza\u010dnou s\u00fa\u010das\u0165ou Hvezd\u00e1rne v Michalovciach znovu ako Hvezd\u00e1re\u0148 v Trebi\u0161ove. \u010eal\u0161ia reorganiz\u00e1cia nastala 1. febru\u00e1ra 2005, ke\u010f bola pri\u010dlenen\u00e1 k Region\u00e1lnemu osvetov\u00e9mu stredisku v Trebi\u0161ove ako \u00fasek astron\u00f3mie.  Pri\u010dlenen\u00edm  Region\u00e1lneho osvetov\u00e9ho strediska  v Trebi\u0161ove  1. 1. 2012  k Vlastivedn\u00e9mu m\u00fazeu p\u00f4sob\u00ed v M\u00fazeu a  Kult\u00farnom centre ju\u017en\u00e9ho  Zempl\u00edna v Trebi\u0161ove ako \u00fatvar astron\u00f3mie.<br><br>\r\n       K zalo\u017eeniu hvezd\u00e1rne a k jej rozvoju ve\u013ekou mierou prispela u\u017e zosnul\u00e1 PhDr. Al\u017ebeta Reiskupov\u00e1, ktor\u00e1 bola od jej vzniku a\u017e do 19. 2. 1996 jej riadite\u013ekou.  V obdob\u00ed, ke\u010f hvezd\u00e1re\u0148 patrila pod Zempl\u00ednske kult\u00farne centrum, riadite\u013ekou bola Mgr. M\u00e1ria Gimov\u00e1. \r\n<\/p><!-- \/.about-three__content-text -->\r\n                    <a href=\"https:\/\/www.muzeumtrebisov.sk\/wp-content\/uploads\/2022\/02\/Historia-Hvezdarne-MaKCJZ.pdf\" class=\"about-three__content-link\">\r\n                        <i class=\"egypt-icon-download\"><\/i>\r\n                        <span>Stiahnite si cel\u00fa, podrobnej\u0161iu hist\u00f3riu vo verzii PDF<\/span>\r\n                    <\/a>\r\n                <\/div><!-- \/.about-three__content -->\r\n            <\/div><!-- \/.col-lg-6 -->\r\n            <div class=\"col-lg-6\">\r\n                <div class=\"about-three__tab\">\r\n                    <ul class=\"list-unstyled nav nav-tabs about-three__tab-list\" role=\"tablist\">\r\n                                                <li class=\"nav-item\">\r\n                            <a data-toggle=\"tab\" href=\"#year-1\" role=\"tab\" class=\"nav-link active\">1988<\/a>\r\n                        <\/li>\r\n                                                <li class=\"nav-item\">\r\n                            <a data-toggle=\"tab\" href=\"#year-2\" role=\"tab\" class=\"nav-link\">1990<\/a>\r\n                        <\/li>\r\n                                                <li class=\"nav-item\">\r\n                            <a data-toggle=\"tab\" href=\"#year-3\" role=\"tab\" class=\"nav-link\">1996<\/a>\r\n                        <\/li>\r\n                                                <li class=\"nav-item\">\r\n                            <a data-toggle=\"tab\" href=\"#year-4\" role=\"tab\" class=\"nav-link\">2005<\/a>\r\n                        <\/li>\r\n                                            <\/ul><!-- \/.list-unstyled -->\r\n                    <div class=\"tab-content\">\r\n                                                <div class=\"tab-pane animated fadeInUp show active\" id=\"year-1\">\r\n                            <div class=\"about-three__tab-content\">\r\n                                <p class=\"about-three__tab-text\">Hvezd\u00e1re\u0148,  ako \u0161pecializovan\u00e9  kult\u00farno-v\u00fdchovn\u00e9  zariadenie,  bola  zriaden\u00e1     1. janu\u00e1ra 1988 Okresn\u00fdm n\u00e1rodn\u00fdm v\u00fdborom v Trebi\u0161ove.<\/p><!-- \/.about-three__tab-text -->\r\n                                <a href=\"#\" class=\"about-three__tab-link\"> <span>+<\/span><\/a>\r\n                            <\/div><!-- \/.about-three__tab-content -->\r\n                        <\/div>\r\n                                                <div class=\"tab-pane animated fadeInUp\" id=\"year-2\">\r\n                            <div class=\"about-three__tab-content\">\r\n                                <p class=\"about-three__tab-text\">Hvezd\u00e1re\u0148 od 15. 2. 1990 bola riaden\u00e1 Ministerstvom kult\u00fary SR ako Hvezd\u00e1re\u0148 v Trebi\u0161ove. <\/p><!-- \/.about-three__tab-text -->\r\n                                <a href=\"#\" class=\"about-three__tab-link\"> <span>+<\/span><\/a>\r\n                            <\/div><!-- \/.about-three__tab-content -->\r\n                        <\/div>\r\n                                                <div class=\"tab-pane animated fadeInUp\" id=\"year-3\">\r\n                            <div class=\"about-three__tab-content\">\r\n                                <p class=\"about-three__tab-text\">1. j\u00fala 1996 Hvezd\u00e1re\u0148 sa stala s\u00fa\u010das\u0165ou Zempl\u00ednskeho kult\u00farneho centra (ZKC) v Michalovciach pod n\u00e1zvom Zempl\u00ednska hvezd\u00e1re\u0148 v Trebi\u0161ove. Po zru\u0161en\u00ed ZKC sa 1. apr\u00edla 1999 stala  organiza\u010dnou s\u00fa\u010das\u0165ou Hvezd\u00e1rne v Michalovciach znovu ako Hvezd\u00e1re\u0148 v Trebi\u0161ove. \r\n\r\n<\/p><!-- \/.about-three__tab-text -->\r\n                                <a href=\"#\" class=\"about-three__tab-link\"> <span>+<\/span><\/a>\r\n                            <\/div><!-- \/.about-three__tab-content -->\r\n                        <\/div>\r\n                                                <div class=\"tab-pane animated fadeInUp\" id=\"year-4\">\r\n                            <div class=\"about-three__tab-content\">\r\n                                <p class=\"about-three__tab-text\">\u010eal\u0161ia reorganiz\u00e1cia nastala 1. febru\u00e1ra 2005, ke\u010f bola pri\u010dlenen\u00e1 k Region\u00e1lnemu osvetov\u00e9mu stredisku v Trebi\u0161ove ako \u00fasek astron\u00f3mie.  Pri\u010dlenen\u00edm  Region\u00e1lneho osvetov\u00e9ho strediska  v Trebi\u0161ove  1. 1. 2012  k Vlastivedn\u00e9mu m\u00fazeu p\u00f4sob\u00ed v M\u00fazeu a  Kult\u00farnom centre ju\u017en\u00e9ho  Zempl\u00edna v Trebi\u0161ove ako \u00fatvar astron\u00f3mie.<\/p><!-- \/.about-three__tab-text -->\r\n                                <a href=\"#\" class=\"about-three__tab-link\"> <span>+<\/span><\/a>\r\n                            <\/div><!-- \/.about-three__tab-content -->\r\n                        <\/div>\r\n                                            <\/div><!-- \/.tab-content -->\r\n                <\/div><!-- \/.about-three__tab -->\r\n            <\/div><!-- \/.col-lg-6 -->\r\n        <\/div><!-- \/.row -->\r\n    <\/div><!-- \/.container -->\r\n<\/section><!-- \/.about-three --><\/div><\/div><\/div><\/div><\/section><section class=\"kc-elm kc-css-697685 kc_row\"><div class=\"kc-row-container  kc-container\"><div class=\"kc-wrap-columns\"><div class=\"kc-elm kc-css-804763 kc_col-sm-12 kc_column kc_col-sm-12\"><div class=\"kc-col-container\"><!-- Welcome Section -->\n\n<section class=\"video-two\">\n    <div class=\"container\">\n        <div class=\"inner-container wow fadeInUp\" data-wow-duration=\"1500ms\" style=\"background-image:url(https:\/\/www.muzeumtrebisov.sk\/wp-content\/uploads\/2022\/02\/Snimka-obrazovky-15.jpg); \">\n            <a href=\"https:\/\/www.youtube.com\/watch?v=h-8eXY_eVBM\" class=\"video-popup video-two__btn\"><i class=\"egypt-icon-circular\"><\/i><\/a>\n            <h3 class=\"video-two__title\">Zimn\u00e9 suhvezdia a ich pr\u00edbehy<\/h3><!-- \/.video-two__title -->\n            <p class=\"video-two__tag-line\">online \u010dinnos\u0165<\/p><!-- \/.video-two__tag-line -->\n        <\/div><!-- \/.inner-container -->\n    <\/div><!-- \/.container -->\n<\/section><!-- \/.video-two --><div class=\"kc-elm kc-css-244833\" style=\"height: 130px; clear: both; width:100%;\"><\/div><\/div><\/div><\/div><\/div><\/section><\/p>","protected":false},"excerpt":{"rendered":"","protected":false},"author":1,"featured_media":0,"parent":0,"menu_order":0,"comment_status":"closed","ping_status":"closed","template":"tpl-king_composer.php","meta":{"om_disable_all_campaigns":false,"_vp_format_video_url":"","_vp_image_focal_point":[]},"aioseo_notices":[],"yoast_head":"<!-- This site is optimized with the Yoast SEO plugin v18.5.1 - https:\/\/yoast.com\/wordpress\/plugins\/seo\/ -->\n<title>Spoznajte hist\u00f3riu \u00fatvaru astron\u00f3mie | M\u00fazeum Trebi\u0161ov - Ka\u0161tie\u013e Andr\u00e1ssyovcov<\/title>\n<meta name=\"robots\" content=\"index, follow, max-snippet:-1, max-image-preview:large, max-video-preview:-1\" \/>\n<link rel=\"canonical\" href=\"https:\/\/www.muzeumtrebisov.sk\/hu\/spoznajte-historiu-utvaru-astronomie\/\" \/>\n<meta property=\"og:locale\" content=\"hu_HU\" \/>\n<meta property=\"og:type\" content=\"article\" \/>\n<meta property=\"og:title\" content=\"Spoznajte hist\u00f3riu \u00fatvaru astron\u00f3mie | M\u00fazeum Trebi\u0161ov - Ka\u0161tie\u013e Andr\u00e1ssyovcov\" \/>\n<meta property=\"og:description\" content=\"Takto sme vznikli Gen\u00e9za \u00fatvaru Aston\u00f3mie \u00datvar Astron\u00f3mie po\u010das svojej existencie pre\u0161iel r\u00f4znymi organiza\u010dn\u00fdmi zmenami Hvezd\u00e1re\u0148, ako \u0161pecializovan\u00e9 kult\u00farno-v\u00fdchovn\u00e9 zariadenie, bola zriaden\u00e1 1. janu\u00e1ra 1988 Okresn\u00fdm n\u00e1rodn\u00fdm v\u00fdborom v Trebi\u0161ove pod n\u00e1zvom Okresn\u00e1 \u013eudov\u00e1 hvezd\u00e1re\u0148 v Trebi\u0161ove. 20. j\u00fala 1990 do\u0161lo k jej premenovaniu na Okresn\u00fa hvezd\u00e1re\u0148 v Trebi\u0161ove. Po\u010das jej existencie pre\u0161la r\u00f4znymi organiza\u010dn\u00fdmi\" \/>\n<meta property=\"og:url\" content=\"https:\/\/www.muzeumtrebisov.sk\/hu\/spoznajte-historiu-utvaru-astronomie\/\" \/>\n<meta property=\"og:site_name\" content=\"M\u00fazeum Trebi\u0161ov - Ka\u0161tie\u013e Andr\u00e1ssyovcov\" \/>\n<meta property=\"article:publisher\" content=\"https:\/\/www.facebook.com\/muzeumtvkastielandrassyovcov\" \/>\n<meta property=\"article:modified_time\" content=\"2022-05-03T10:23:19+00:00\" \/>\n<meta property=\"og:image\" content=\"https:\/\/www.muzeumtrebisov.sk\/wp-content\/uploads\/2022\/04\/DSC_9950-scaled.jpg\" \/>\n\t<meta property=\"og:image:width\" content=\"2560\" \/>\n\t<meta property=\"og:image:height\" content=\"960\" \/>\n\t<meta property=\"og:image:type\" content=\"image\/jpeg\" \/>\n<meta name=\"twitter:card\" content=\"summary_large_image\" \/>\n<meta name=\"twitter:label1\" content=\"Becs\u00fclt olvas\u00e1si id\u0151\" \/>\n\t<meta name=\"twitter:data1\" content=\"2 perc\" \/>\n<script type=\"application\/ld+json\" class=\"yoast-schema-graph\">{\"@context\":\"https:\/\/schema.org\",\"@graph\":[{\"@type\":\"Organization\",\"@id\":\"https:\/\/www.muzeumtrebisov.sk\/#organization\",\"name\":\"M\u00fazeum Trebi\u0161ov - Ka\u0161tie\u013e Andr\u00e1ssyovcov\",\"url\":\"https:\/\/www.muzeumtrebisov.sk\/\",\"sameAs\":[\"https:\/\/www.facebook.com\/muzeumtvkastielandrassyovcov\",\"https:\/\/www.instagram.com\/muzeumtrebisovkastielandrassy\/\",\"https:\/\/www.youtube.com\/channel\/UCprfZHvPNIxqZ2IHCDwfv1w\"],\"logo\":{\"@type\":\"ImageObject\",\"@id\":\"https:\/\/www.muzeumtrebisov.sk\/#logo\",\"inLanguage\":\"hu\",\"url\":\"https:\/\/www.muzeumtrebisov.sk\/wp-content\/uploads\/2022\/04\/dual-logo-color-hor.png\",\"contentUrl\":\"https:\/\/www.muzeumtrebisov.sk\/wp-content\/uploads\/2022\/04\/dual-logo-color-hor.png\",\"width\":749,\"height\":140,\"caption\":\"M\u00fazeum Trebi\u0161ov - Ka\u0161tie\u013e Andr\u00e1ssyovcov\"},\"image\":{\"@id\":\"https:\/\/www.muzeumtrebisov.sk\/#logo\"}},{\"@type\":\"WebSite\",\"@id\":\"https:\/\/www.muzeumtrebisov.sk\/#website\",\"url\":\"https:\/\/www.muzeumtrebisov.sk\/\",\"name\":\"M\u00fazeum Trebi\u0161ov - Ka\u0161tie\u013e Andr\u00e1ssyovcov\",\"description\":\"Hist\u00f3ria Andr\u00e1ssyovcov a ju\u017en\u00e9ho Zempl\u00edna\",\"publisher\":{\"@id\":\"https:\/\/www.muzeumtrebisov.sk\/#organization\"},\"potentialAction\":[{\"@type\":\"SearchAction\",\"target\":{\"@type\":\"EntryPoint\",\"urlTemplate\":\"https:\/\/www.muzeumtrebisov.sk\/?s={search_term_string}\"},\"query-input\":\"required name=search_term_string\"}],\"inLanguage\":\"hu\"},{\"@type\":\"WebPage\",\"@id\":\"https:\/\/www.muzeumtrebisov.sk\/spoznajte-historiu-utvaru-astronomie\/#webpage\",\"url\":\"https:\/\/www.muzeumtrebisov.sk\/spoznajte-historiu-utvaru-astronomie\/\",\"name\":\"Spoznajte hist\u00f3riu \u00fatvaru astron\u00f3mie | M\u00fazeum Trebi\u0161ov - Ka\u0161tie\u013e Andr\u00e1ssyovcov\",\"isPartOf\":{\"@id\":\"https:\/\/www.muzeumtrebisov.sk\/#website\"},\"datePublished\":\"2022-02-27T08:42:41+00:00\",\"dateModified\":\"2022-05-03T10:23:19+00:00\",\"breadcrumb\":{\"@id\":\"https:\/\/www.muzeumtrebisov.sk\/spoznajte-historiu-utvaru-astronomie\/#breadcrumb\"},\"inLanguage\":\"hu\",\"potentialAction\":[{\"@type\":\"ReadAction\",\"target\":[\"https:\/\/www.muzeumtrebisov.sk\/spoznajte-historiu-utvaru-astronomie\/\"]}]},{\"@type\":\"BreadcrumbList\",\"@id\":\"https:\/\/www.muzeumtrebisov.sk\/spoznajte-historiu-utvaru-astronomie\/#breadcrumb\",\"itemListElement\":[{\"@type\":\"ListItem\",\"position\":1,\"name\":\"Home\",\"item\":\"https:\/\/www.muzeumtrebisov.sk\/\"},{\"@type\":\"ListItem\",\"position\":2,\"name\":\"Spoznajte hist\u00f3riu \u00fatvaru astron\u00f3mie\"}]}]}<\/script>\n<!-- \/ Yoast SEO plugin. -->","yoast_head_json":{"title":"Spoznajte hist\u00f3riu \u00fatvaru astron\u00f3mie | M\u00fazeum Trebi\u0161ov - Ka\u0161tie\u013e Andr\u00e1ssyovcov","robots":{"index":"index","follow":"follow","max-snippet":"max-snippet:-1","max-image-preview":"max-image-preview:large","max-video-preview":"max-video-preview:-1"},"canonical":"https:\/\/www.muzeumtrebisov.sk\/hu\/spoznajte-historiu-utvaru-astronomie\/","og_locale":"hu_HU","og_type":"article","og_title":"Spoznajte hist\u00f3riu \u00fatvaru astron\u00f3mie | M\u00fazeum Trebi\u0161ov - Ka\u0161tie\u013e Andr\u00e1ssyovcov","og_description":"Takto sme vznikli Gen\u00e9za \u00fatvaru Aston\u00f3mie \u00datvar Astron\u00f3mie po\u010das svojej existencie pre\u0161iel r\u00f4znymi organiza\u010dn\u00fdmi zmenami Hvezd\u00e1re\u0148, ako \u0161pecializovan\u00e9 kult\u00farno-v\u00fdchovn\u00e9 zariadenie, bola zriaden\u00e1 1. janu\u00e1ra 1988 Okresn\u00fdm n\u00e1rodn\u00fdm v\u00fdborom v Trebi\u0161ove pod n\u00e1zvom Okresn\u00e1 \u013eudov\u00e1 hvezd\u00e1re\u0148 v Trebi\u0161ove. 20. j\u00fala 1990 do\u0161lo k jej premenovaniu na Okresn\u00fa hvezd\u00e1re\u0148 v Trebi\u0161ove. Po\u010das jej existencie pre\u0161la r\u00f4znymi organiza\u010dn\u00fdmi","og_url":"https:\/\/www.muzeumtrebisov.sk\/hu\/spoznajte-historiu-utvaru-astronomie\/","og_site_name":"M\u00fazeum Trebi\u0161ov - Ka\u0161tie\u013e Andr\u00e1ssyovcov","article_publisher":"https:\/\/www.facebook.com\/muzeumtvkastielandrassyovcov","article_modified_time":"2022-05-03T10:23:19+00:00","og_image":[{"width":2560,"height":960,"url":"https:\/\/www.muzeumtrebisov.sk\/wp-content\/uploads\/2022\/04\/DSC_9950-scaled.jpg","type":"image\/jpeg"}],"twitter_card":"summary_large_image","twitter_misc":{"Becs\u00fclt olvas\u00e1si id\u0151":"2 perc"},"schema":{"@context":"https:\/\/schema.org","@graph":[{"@type":"Organization","@id":"https:\/\/www.muzeumtrebisov.sk\/#organization","name":"M\u00fazeum Trebi\u0161ov - Ka\u0161tie\u013e Andr\u00e1ssyovcov","url":"https:\/\/www.muzeumtrebisov.sk\/","sameAs":["https:\/\/www.facebook.com\/muzeumtvkastielandrassyovcov","https:\/\/www.instagram.com\/muzeumtrebisovkastielandrassy\/","https:\/\/www.youtube.com\/channel\/UCprfZHvPNIxqZ2IHCDwfv1w"],"logo":{"@type":"ImageObject","@id":"https:\/\/www.muzeumtrebisov.sk\/#logo","inLanguage":"hu","url":"https:\/\/www.muzeumtrebisov.sk\/wp-content\/uploads\/2022\/04\/dual-logo-color-hor.png","contentUrl":"https:\/\/www.muzeumtrebisov.sk\/wp-content\/uploads\/2022\/04\/dual-logo-color-hor.png","width":749,"height":140,"caption":"M\u00fazeum Trebi\u0161ov - Ka\u0161tie\u013e Andr\u00e1ssyovcov"},"image":{"@id":"https:\/\/www.muzeumtrebisov.sk\/#logo"}},{"@type":"WebSite","@id":"https:\/\/www.muzeumtrebisov.sk\/#website","url":"https:\/\/www.muzeumtrebisov.sk\/","name":"M\u00fazeum Trebi\u0161ov - Ka\u0161tie\u013e Andr\u00e1ssyovcov","description":"Hist\u00f3ria Andr\u00e1ssyovcov a ju\u017en\u00e9ho Zempl\u00edna","publisher":{"@id":"https:\/\/www.muzeumtrebisov.sk\/#organization"},"potentialAction":[{"@type":"SearchAction","target":{"@type":"EntryPoint","urlTemplate":"https:\/\/www.muzeumtrebisov.sk\/?s={search_term_string}"},"query-input":"required name=search_term_string"}],"inLanguage":"hu"},{"@type":"WebPage","@id":"https:\/\/www.muzeumtrebisov.sk\/spoznajte-historiu-utvaru-astronomie\/#webpage","url":"https:\/\/www.muzeumtrebisov.sk\/spoznajte-historiu-utvaru-astronomie\/","name":"Spoznajte hist\u00f3riu \u00fatvaru astron\u00f3mie | M\u00fazeum Trebi\u0161ov - Ka\u0161tie\u013e Andr\u00e1ssyovcov","isPartOf":{"@id":"https:\/\/www.muzeumtrebisov.sk\/#website"},"datePublished":"2022-02-27T08:42:41+00:00","dateModified":"2022-05-03T10:23:19+00:00","breadcrumb":{"@id":"https:\/\/www.muzeumtrebisov.sk\/spoznajte-historiu-utvaru-astronomie\/#breadcrumb"},"inLanguage":"hu","potentialAction":[{"@type":"ReadAction","target":["https:\/\/www.muzeumtrebisov.sk\/spoznajte-historiu-utvaru-astronomie\/"]}]},{"@type":"BreadcrumbList","@id":"https:\/\/www.muzeumtrebisov.sk\/spoznajte-historiu-utvaru-astronomie\/#breadcrumb","itemListElement":[{"@type":"ListItem","position":1,"name":"Home","item":"https:\/\/www.muzeumtrebisov.sk\/"},{"@type":"ListItem","position":2,"name":"Spoznajte hist\u00f3riu \u00fatvaru astron\u00f3mie"}]}]}},"_links":{"self":[{"href":"https:\/\/www.muzeumtrebisov.sk\/hu\/wp-json\/wp\/v2\/pages\/2083"}],"collection":[{"href":"https:\/\/www.muzeumtrebisov.sk\/hu\/wp-json\/wp\/v2\/pages"}],"about":[{"href":"https:\/\/www.muzeumtrebisov.sk\/hu\/wp-json\/wp\/v2\/types\/page"}],"author":[{"embeddable":true,"href":"https:\/\/www.muzeumtrebisov.sk\/hu\/wp-json\/wp\/v2\/users\/1"}],"replies":[{"embeddable":true,"href":"https:\/\/www.muzeumtrebisov.sk\/hu\/wp-json\/wp\/v2\/comments?post=2083"}],"version-history":[{"count":6,"href":"https:\/\/www.muzeumtrebisov.sk\/hu\/wp-json\/wp\/v2\/pages\/2083\/revisions"}],"predecessor-version":[{"id":2444,"href":"https:\/\/www.muzeumtrebisov.sk\/hu\/wp-json\/wp\/v2\/pages\/2083\/revisions\/2444"}],"wp:attachment":[{"href":"https:\/\/www.muzeumtrebisov.sk\/hu\/wp-json\/wp\/v2\/media?parent=2083"}],"curies":[{"name":"wp","href":"https:\/\/api.w.org\/{rel}","templated":true}]}}