{"id":2006,"date":"2022-02-27T00:09:07","date_gmt":"2022-02-26T23:09:07","guid":{"rendered":"https:\/\/www.muzeumtrebisov.sk\/?page_id=2006"},"modified":"2022-02-28T08:30:05","modified_gmt":"2022-02-28T07:30:05","slug":"historia-muzea","status":"publish","type":"page","link":"https:\/\/www.muzeumtrebisov.sk\/hu\/historia-muzea\/","title":{"rendered":"A m\u00fazeum t\u00f6rt\u00e9nete"},"content":{"rendered":"<section class=\"kc-elm kc-css-83112 kc_row\"><div class=\"kc-row-container  kc-container\"><div class=\"kc-wrap-columns\"><div class=\"kc-elm kc-css-281627 kc_col-sm-12 kc_column kc_col-sm-12\"><div class=\"kc-col-container\"><!-- Welcome Section -->\r\n\r\n<section class=\"about-three\">\r\n    <div class=\"container\">\r\n        <div class=\"block-title text-center\">\r\n            <p class=\"block-title__tag-line\">Takto sme vznikli<\/p><!-- \/.block-title__tag-line -->\r\n            <h2 class=\"block-title__title\">Gen\u00e9za m\u00fazea v Trebi\u0161ove<\/h2><!-- \/.block-title__title -->\r\n        <\/div><!-- \/.block-title -->\r\n        <div class=\"row\">\r\n            <div class=\"col-lg-6\">\r\n                <div class=\"about-three__content\">\r\n                    <h3 class=\"about-three__content-title\">V roku 1963 prijala Rada ONV v Trebi\u0161ove uznesenie \u010d. 1262 o vytvoren\u00ed m\u00fazea<\/h3><!-- \/.about-three__content-title -->\r\n                    <p class=\"about-three__content-text\">Prv\u00e1 my\u0161lienka vytvorenia vlastivedn\u00e9ho m\u00fazea v trebi\u0161ovskom okrese sa zrodila v roku 1949, pri\u010dom s\u00eddlom novovzniknut\u00e9ho m\u00fazea mal by\u0165 sl\u00e1vny r\u00e1kocziovsk\u00fd ka\u0161tie\u013e v Bor\u0161i. 20. decembra 1963 prijala Rada ONV v Trebi\u0161ove uznesenie \u010d. 1262 o vytvoren\u00ed m\u00fazea ako strediska vlastivednej pr\u00e1ce v trebi\u0161ovskom okrese. Novozriaden\u00e9 m\u00fazeum s\u00eddlilo v priestoroch Osvetov\u00e9ho domu v Trebi\u0161ove a kv\u00f4li nedostatku priestorovej z\u00e1kladne nemalo zbierkov\u00fd fond ani mo\u017enos\u0165 systematickej\u0161ej \u010dinnosti. Pre \u010dinnos\u0165 m\u00fazea v Trebi\u0161ove nevznikla primeran\u00e1 priestorov\u00e1 ani odborn\u00e1 z\u00e1klad\u0148a. <br><br>\r\nZmenu v tomto oh\u013eade sa pok\u00fasil vykona\u0165 zanieten\u00fd u\u010dite\u013e dejepisu \u0160tefan Kor\u010dm\u00e1ro\u0161, ktor\u00fd viedol vlastivedn\u00fd kr\u00fa\u017eok na Z\u00e1kladnej \u0161kole v Se\u010dovciach (dnes Obchodn\u00e1 ulica). Po\u010das nasleduj\u00facich 15-tich rokov sa m\u00fazeum orientovalo na skromn\u00fa dokument\u00e1ciu regi\u00f3nu a venovalo sa vyd\u00e1vaniu materi\u00e1lov k v\u00fdro\u010diam historick\u00fdch udalost\u00ed v okrese.  Bez depozit\u00e1rnych a expozi\u010dn\u00fdch priestorov sa m\u00fazeum nedok\u00e1zalo prezentova\u0165 \u017eiadnou v\u00fdstavnou \u010dinnos\u0165ou. <br><br>\r\nRada V\u00fdchodoslovensk\u00e9ho KNV v Ko\u0161iciach v roku 1980 sa rozhodla vybudova\u0165 v Trebi\u0161ove \u0161pecializovan\u00fa expoz\u00edciu hist\u00f3rie po\u013enohospod\u00e1rstva na v\u00fdchodnom Slovensku. V roku 1982 sa m\u00fazeum pres\u0165ahovalo do budovy b\u00fdvalej gr\u00f3fskej koniarne, kde boli zriaden\u00e9 kancel\u00e1rie zamestnancov, \u0161tyri depozit\u00e1re, konzerv\u00e1torsk\u00e1 diel\u0148a, kni\u017enica a fotokomora. V tom \u010dase sa podnikli kroky, aby bol pre \u00fa\u010dely m\u00fazea nadobudnut\u00fd b\u00fdval\u00fd andr\u00e1ssyovsk\u00fd ka\u0161tie\u013e, v ktorom do roku 1978 s\u00eddlila nemocnica. V roku 1982 sa za\u010dalo so stavebnou rekon\u0161trukciou ka\u0161tie\u013ea. Zamestnanci sa venovali najm\u00e4 akvizi\u010dnej \u010dinnosti \u2013 nadob\u00fadaniu po\u013enohospod\u00e1rskych strojov a mechanizmov - parn\u00fdch ora\u010diek, ml\u00e1\u0165a\u010diek, \u010disti\u010diek obilia, ktor\u00e9 boli \u010disten\u00e9 a konzervovan\u00e9 na bud\u00face expozi\u010dn\u00e9 vyu\u017eitie. <br><br>\r\nZa\u010diatkom roka 1983 boli vytvoren\u00e9 aj prv\u00e9 v\u00fdstavy m\u00fazea: Technol\u00f3gia spracovania priadnych rastl\u00edn a K\u013e\u00fa\u010d od br\u00e1ny d\u00e1vnoveku, ktor\u00e9 boli v\u00fdsledkom vlastnej b\u00e1date\u013eskej a akvizi\u010dnej \u010dinnosti.<br><br>\r\nV exteri\u00e9rovej \u010dasti po\u013enohospod\u00e1rskej expoz\u00edcie boli verejnosti v roku 1984 prezentovan\u00e9 konzervovan\u00e9 parn\u00e9 oracie s\u00fapravy anglick\u00fdch firiem FOWLER a TAUFER z Leedsu. Prv\u00e1 zahrani\u010dn\u00e1 v\u00fdstava v hist\u00f3rii m\u00fazea bola spr\u00edstupnen\u00e1 1. decembra 1984, kde svoju umeleck\u00fa tvorbu prezentovali umelci zo Zakarpatskej Ukrajiny. V priebehu nasleduj\u00facich rokov pripravovali vtedaj\u0161\u00ed zamestnanci m\u00fazea \u010fal\u0161ie zauj\u00edmav\u00e9 expoz\u00edcie: V\u00fdvoj mlatby, \u00da\u010del a kr\u00e1sa v \u013eudovej keramickej a textilnej v\u00fdrobe, \u010di expoz\u00edciu najnov\u0161\u00edch dej\u00edn. Vtedaj\u0161\u00ed archeol\u00f3g m\u00fazea PhDr. J\u00e1n Chovanec, PhD. uskuto\u010dnil z\u00e1chrann\u00fd v\u00fdskum na trase plynovodu (Zempl\u00ednske Hradi\u0161te) a v Somotore. Postupne sa dop\u013a\u0148ali expoz\u00edcie v exteri\u00e9rovej \u010dasti are\u00e1lu m\u00fazea expoz\u00edciami historick\u00fdch traktorov \u010di stabiln\u00fdch spa\u013eovac\u00edch motorov. Jednou z naj\u00faspe\u0161nej\u0161\u00edch aktiv\u00edt m\u00fazea je ka\u017edoro\u010dn\u00e1 v\u00fdstava ve\u013ekono\u010dn\u00fdch krasl\u00edc. Medzn\u00edkom vo v\u00fdstavnej \u010dinnosti bola realiz\u00e1cia expoz\u00edcie Tokajsk\u00e9 vinohradn\u00edctvo a vin\u00e1rstvo, expoz\u00edcia Tradi\u010dn\u00fdch remesiel ju\u017en\u00e9ho Zempl\u00edna \u010di \u013dudov\u00e9ho odevu ju\u017en\u00e9ho Zempl\u00edna.\r\n\r\n<\/p><!-- \/.about-three__content-text -->\r\n                    <a href=\"https:\/\/www.muzeumtrebisov.sk\/wp-content\/uploads\/2022\/02\/Historia-Muzea-a-Kulturneho-centra-JZ-v-Trebisove.pdf\" class=\"about-three__content-link\">\r\n                        <i class=\"egypt-icon-download\"><\/i>\r\n                        <span>Stiahnite si cel\u00fa, podrobnej\u0161iu hist\u00f3riu vo verzii PDF<\/span>\r\n                    <\/a>\r\n                <\/div><!-- \/.about-three__content -->\r\n            <\/div><!-- \/.col-lg-6 -->\r\n            <div class=\"col-lg-6\">\r\n                <div class=\"about-three__tab\">\r\n                    <ul class=\"list-unstyled nav nav-tabs about-three__tab-list\" role=\"tablist\">\r\n                                                <li class=\"nav-item\">\r\n                            <a data-toggle=\"tab\" href=\"#year-1\" role=\"tab\" class=\"nav-link active\">1963<\/a>\r\n                        <\/li>\r\n                                                <li class=\"nav-item\">\r\n                            <a data-toggle=\"tab\" href=\"#year-2\" role=\"tab\" class=\"nav-link\">1980<\/a>\r\n                        <\/li>\r\n                                                <li class=\"nav-item\">\r\n                            <a data-toggle=\"tab\" href=\"#year-3\" role=\"tab\" class=\"nav-link\">2002<\/a>\r\n                        <\/li>\r\n                                                <li class=\"nav-item\">\r\n                            <a data-toggle=\"tab\" href=\"#year-4\" role=\"tab\" class=\"nav-link\">2021<\/a>\r\n                        <\/li>\r\n                                            <\/ul><!-- \/.list-unstyled -->\r\n                    <div class=\"tab-content\">\r\n                                                <div class=\"tab-pane animated fadeInUp show active\" id=\"year-1\">\r\n                            <div class=\"about-three__tab-content\">\r\n                                <p class=\"about-three__tab-text\">20. decembra 1963 prijala Rada ONV v Trebi\u0161ove uznesenie \u010d. 1262 o vytvoren\u00ed m\u00fazea ako strediska vlastivednej pr\u00e1ce v trebi\u0161ovskom okrese. Novozriaden\u00e9 m\u00fazeum s\u00eddlilo v priestoroch Osvetov\u00e9ho domu v Trebi\u0161ove.<\/p><!-- \/.about-three__tab-text -->\r\n                                <a href=\"\" class=\"about-three__tab-link\"> <span>+<\/span><\/a>\r\n                            <\/div><!-- \/.about-three__tab-content -->\r\n                        <\/div>\r\n                                                <div class=\"tab-pane animated fadeInUp\" id=\"year-2\">\r\n                            <div class=\"about-three__tab-content\">\r\n                                <p class=\"about-three__tab-text\">Rada V\u00fdchodoslovensk\u00e9ho KNV v Ko\u0161iciach v roku 1980 sa rozhodla vybudova\u0165 v Trebi\u0161ove \u0161pecializovan\u00fa expoz\u00edciu hist\u00f3rie po\u013enohospod\u00e1rstva na v\u00fdchodnom Slovensku. V roku 1982 sa m\u00fazeum pres\u0165ahovalo do budovy b\u00fdvalej gr\u00f3fskej koniarne<\/p><!-- \/.about-three__tab-text -->\r\n                                <a href=\"\" class=\"about-three__tab-link\"> <span>+<\/span><\/a>\r\n                            <\/div><!-- \/.about-three__tab-content -->\r\n                        <\/div>\r\n                                                <div class=\"tab-pane animated fadeInUp\" id=\"year-3\">\r\n                            <div class=\"about-three__tab-content\">\r\n                                <p class=\"about-three__tab-text\">V roku 2002 odborn\u00ed zamestnanci m\u00fazea za\u010dali organizova\u0165 projekty, ktor\u00e9 podnietili zvy\u0161ovanie n\u00e1v\u0161tevnosti. Tak sa zrodil projekt V\u00edno a kraslice k ve\u013ekono\u010dn\u00fdm sviatkom a Tokajsk\u00e9 v\u00edno a jeho tajomstv\u00e1 v predviano\u010dnom \u010dase. Tieto projekty spolu s tokajskou v\u00ednnou cestou vytv\u00e1raj\u00fa podmienky na zvy\u0161ovanie n\u00e1v\u0161tevnosti m\u00fazea v priebehu roka.\r\n\r\n<\/p><!-- \/.about-three__tab-text -->\r\n                                <a href=\"\" class=\"about-three__tab-link\"> <span>+<\/span><\/a>\r\n                            <\/div><!-- \/.about-three__tab-content -->\r\n                        <\/div>\r\n                                                <div class=\"tab-pane animated fadeInUp\" id=\"year-4\">\r\n                            <div class=\"about-three__tab-content\">\r\n                                <p class=\"about-three__tab-text\">M\u00fazeum a Kult\u00farne centrum ju\u017en\u00e9ho Zempl\u00edna v Trebi\u0161ove pre\u0161lo v roku 2021 reprofiliz\u00e1ciou, ktorej cie\u013eom bolo vytvorenie nov\u00e9ho Andr\u00e1ssyovsk\u00e9ho bodu, \u010do znamen\u00e1, \u017ee sa budeme viac sa venova\u0165 t\u00e9me v\u00fdznamn\u00e9ho uhorsk\u00e9ho rodu - Andr\u00e1ssyovcom, ktor\u00ed boli posledn\u00fdmi majite\u013emi n\u00e1\u0161ho ka\u0161tie\u013ea. <\/p><!-- \/.about-three__tab-text -->\r\n                                <a href=\"\" class=\"about-three__tab-link\"> <span>+<\/span><\/a>\r\n                            <\/div><!-- \/.about-three__tab-content -->\r\n                        <\/div>\r\n                                            <\/div><!-- \/.tab-content -->\r\n                <\/div><!-- \/.about-three__tab -->\r\n            <\/div><!-- \/.col-lg-6 -->\r\n        <\/div><!-- \/.row -->\r\n    <\/div><!-- \/.container -->\r\n<\/section><!-- \/.about-three --><!-- Welcome Section -->\n\n<section class=\"video-two\">\n    <div class=\"container\">\n        <div class=\"inner-container wow fadeInUp\" data-wow-duration=\"1500ms\" style=\"background-image:url(https:\/\/www.muzeumtrebisov.sk\/wp-content\/uploads\/2022\/02\/videoobrazoknocmuzei.jpg); \">\n            <a href=\"https:\/\/www.youtube.com\/watch?v=mmk8hpvQ9Vg\" class=\"video-popup video-two__btn\"><i class=\"egypt-icon-circular\"><\/i><\/a>\n            <h3 class=\"video-two__title\">Nie\u010do z na\u0161ich podujat\u00ed<\/h3><!-- \/.video-two__title -->\n            <p class=\"video-two__tag-line\">noc m\u00faze\u00ed a gal\u00e9ri\u00ed<\/p><!-- \/.video-two__tag-line -->\n        <\/div><!-- \/.inner-container -->\n    <\/div><!-- \/.container -->\n<\/section><!-- \/.video-two --><div class=\"kc-elm kc-css-937228\" style=\"height: 130px; clear: both; width:100%;\"><\/div><\/div><\/div><\/div><\/div><\/section>","protected":false},"excerpt":{"rendered":"","protected":false},"author":1,"featured_media":0,"parent":0,"menu_order":0,"comment_status":"closed","ping_status":"closed","template":"tpl-king_composer.php","meta":{"om_disable_all_campaigns":false,"_vp_format_video_url":"","_vp_image_focal_point":[]},"aioseo_notices":[],"yoast_head":"<!-- This site is optimized with the Yoast SEO plugin v18.5.1 - https:\/\/yoast.com\/wordpress\/plugins\/seo\/ -->\n<title>Hist\u00f3ria m\u00fazea | M\u00fazeum Trebi\u0161ov - Ka\u0161tie\u013e Andr\u00e1ssyovcov<\/title>\n<meta name=\"robots\" content=\"index, follow, max-snippet:-1, max-image-preview:large, max-video-preview:-1\" \/>\n<link rel=\"canonical\" href=\"https:\/\/www.muzeumtrebisov.sk\/hu\/historia-muzea\/\" \/>\n<meta property=\"og:locale\" content=\"hu_HU\" \/>\n<meta property=\"og:type\" content=\"article\" \/>\n<meta property=\"og:title\" content=\"Hist\u00f3ria m\u00fazea | M\u00fazeum Trebi\u0161ov - Ka\u0161tie\u013e Andr\u00e1ssyovcov\" \/>\n<meta property=\"og:description\" content=\"Takto sme vznikli Gen\u00e9za m\u00fazea v Trebi\u0161ove V roku 1963 prijala Rada ONV v Trebi\u0161ove uznesenie \u010d. 1262 o vytvoren\u00ed m\u00fazea Prv\u00e1 my\u0161lienka vytvorenia vlastivedn\u00e9ho m\u00fazea v trebi\u0161ovskom okrese sa zrodila v roku 1949, pri\u010dom s\u00eddlom novovzniknut\u00e9ho m\u00fazea mal by\u0165 sl\u00e1vny r\u00e1kocziovsk\u00fd ka\u0161tie\u013e v Bor\u0161i. 20. decembra 1963 prijala Rada ONV v Trebi\u0161ove uznesenie \u010d.\" \/>\n<meta property=\"og:url\" content=\"https:\/\/www.muzeumtrebisov.sk\/hu\/historia-muzea\/\" \/>\n<meta property=\"og:site_name\" content=\"M\u00fazeum Trebi\u0161ov - Ka\u0161tie\u013e Andr\u00e1ssyovcov\" \/>\n<meta property=\"article:publisher\" content=\"https:\/\/www.facebook.com\/muzeumtvkastielandrassyovcov\" \/>\n<meta property=\"article:modified_time\" content=\"2022-02-28T07:30:05+00:00\" \/>\n<meta property=\"og:image\" content=\"https:\/\/www.muzeumtrebisov.sk\/wp-content\/uploads\/2022\/04\/DSC_9950-scaled.jpg\" \/>\n\t<meta property=\"og:image:width\" content=\"2560\" \/>\n\t<meta property=\"og:image:height\" content=\"960\" \/>\n\t<meta property=\"og:image:type\" content=\"image\/jpeg\" \/>\n<meta name=\"twitter:card\" content=\"summary_large_image\" \/>\n<meta name=\"twitter:label1\" content=\"Becs\u00fclt olvas\u00e1si id\u0151\" \/>\n\t<meta name=\"twitter:data1\" content=\"4 perc\" \/>\n<script type=\"application\/ld+json\" class=\"yoast-schema-graph\">{\"@context\":\"https:\/\/schema.org\",\"@graph\":[{\"@type\":\"Organization\",\"@id\":\"https:\/\/www.muzeumtrebisov.sk\/#organization\",\"name\":\"M\u00fazeum Trebi\u0161ov - Ka\u0161tie\u013e Andr\u00e1ssyovcov\",\"url\":\"https:\/\/www.muzeumtrebisov.sk\/\",\"sameAs\":[\"https:\/\/www.facebook.com\/muzeumtvkastielandrassyovcov\",\"https:\/\/www.instagram.com\/muzeumtrebisovkastielandrassy\/\",\"https:\/\/www.youtube.com\/channel\/UCprfZHvPNIxqZ2IHCDwfv1w\"],\"logo\":{\"@type\":\"ImageObject\",\"@id\":\"https:\/\/www.muzeumtrebisov.sk\/#logo\",\"inLanguage\":\"hu\",\"url\":\"https:\/\/www.muzeumtrebisov.sk\/wp-content\/uploads\/2022\/04\/dual-logo-color-hor.png\",\"contentUrl\":\"https:\/\/www.muzeumtrebisov.sk\/wp-content\/uploads\/2022\/04\/dual-logo-color-hor.png\",\"width\":749,\"height\":140,\"caption\":\"M\u00fazeum Trebi\u0161ov - Ka\u0161tie\u013e Andr\u00e1ssyovcov\"},\"image\":{\"@id\":\"https:\/\/www.muzeumtrebisov.sk\/#logo\"}},{\"@type\":\"WebSite\",\"@id\":\"https:\/\/www.muzeumtrebisov.sk\/#website\",\"url\":\"https:\/\/www.muzeumtrebisov.sk\/\",\"name\":\"M\u00fazeum Trebi\u0161ov - Ka\u0161tie\u013e Andr\u00e1ssyovcov\",\"description\":\"Hist\u00f3ria Andr\u00e1ssyovcov a ju\u017en\u00e9ho Zempl\u00edna\",\"publisher\":{\"@id\":\"https:\/\/www.muzeumtrebisov.sk\/#organization\"},\"potentialAction\":[{\"@type\":\"SearchAction\",\"target\":{\"@type\":\"EntryPoint\",\"urlTemplate\":\"https:\/\/www.muzeumtrebisov.sk\/?s={search_term_string}\"},\"query-input\":\"required name=search_term_string\"}],\"inLanguage\":\"hu\"},{\"@type\":\"WebPage\",\"@id\":\"https:\/\/www.muzeumtrebisov.sk\/historia-muzea\/#webpage\",\"url\":\"https:\/\/www.muzeumtrebisov.sk\/historia-muzea\/\",\"name\":\"Hist\u00f3ria m\u00fazea | M\u00fazeum Trebi\u0161ov - Ka\u0161tie\u013e Andr\u00e1ssyovcov\",\"isPartOf\":{\"@id\":\"https:\/\/www.muzeumtrebisov.sk\/#website\"},\"datePublished\":\"2022-02-26T23:09:07+00:00\",\"dateModified\":\"2022-02-28T07:30:05+00:00\",\"breadcrumb\":{\"@id\":\"https:\/\/www.muzeumtrebisov.sk\/historia-muzea\/#breadcrumb\"},\"inLanguage\":\"hu\",\"potentialAction\":[{\"@type\":\"ReadAction\",\"target\":[\"https:\/\/www.muzeumtrebisov.sk\/historia-muzea\/\"]}]},{\"@type\":\"BreadcrumbList\",\"@id\":\"https:\/\/www.muzeumtrebisov.sk\/historia-muzea\/#breadcrumb\",\"itemListElement\":[{\"@type\":\"ListItem\",\"position\":1,\"name\":\"Home\",\"item\":\"https:\/\/www.muzeumtrebisov.sk\/\"},{\"@type\":\"ListItem\",\"position\":2,\"name\":\"Hist\u00f3ria m\u00fazea\"}]}]}<\/script>\n<!-- \/ Yoast SEO plugin. -->","yoast_head_json":{"title":"Hist\u00f3ria m\u00fazea | M\u00fazeum Trebi\u0161ov - Ka\u0161tie\u013e Andr\u00e1ssyovcov","robots":{"index":"index","follow":"follow","max-snippet":"max-snippet:-1","max-image-preview":"max-image-preview:large","max-video-preview":"max-video-preview:-1"},"canonical":"https:\/\/www.muzeumtrebisov.sk\/hu\/historia-muzea\/","og_locale":"hu_HU","og_type":"article","og_title":"Hist\u00f3ria m\u00fazea | M\u00fazeum Trebi\u0161ov - Ka\u0161tie\u013e Andr\u00e1ssyovcov","og_description":"Takto sme vznikli Gen\u00e9za m\u00fazea v Trebi\u0161ove V roku 1963 prijala Rada ONV v Trebi\u0161ove uznesenie \u010d. 1262 o vytvoren\u00ed m\u00fazea Prv\u00e1 my\u0161lienka vytvorenia vlastivedn\u00e9ho m\u00fazea v trebi\u0161ovskom okrese sa zrodila v roku 1949, pri\u010dom s\u00eddlom novovzniknut\u00e9ho m\u00fazea mal by\u0165 sl\u00e1vny r\u00e1kocziovsk\u00fd ka\u0161tie\u013e v Bor\u0161i. 20. decembra 1963 prijala Rada ONV v Trebi\u0161ove uznesenie \u010d.","og_url":"https:\/\/www.muzeumtrebisov.sk\/hu\/historia-muzea\/","og_site_name":"M\u00fazeum Trebi\u0161ov - Ka\u0161tie\u013e Andr\u00e1ssyovcov","article_publisher":"https:\/\/www.facebook.com\/muzeumtvkastielandrassyovcov","article_modified_time":"2022-02-28T07:30:05+00:00","og_image":[{"width":2560,"height":960,"url":"https:\/\/www.muzeumtrebisov.sk\/wp-content\/uploads\/2022\/04\/DSC_9950-scaled.jpg","type":"image\/jpeg"}],"twitter_card":"summary_large_image","twitter_misc":{"Becs\u00fclt olvas\u00e1si id\u0151":"4 perc"},"schema":{"@context":"https:\/\/schema.org","@graph":[{"@type":"Organization","@id":"https:\/\/www.muzeumtrebisov.sk\/#organization","name":"M\u00fazeum Trebi\u0161ov - Ka\u0161tie\u013e Andr\u00e1ssyovcov","url":"https:\/\/www.muzeumtrebisov.sk\/","sameAs":["https:\/\/www.facebook.com\/muzeumtvkastielandrassyovcov","https:\/\/www.instagram.com\/muzeumtrebisovkastielandrassy\/","https:\/\/www.youtube.com\/channel\/UCprfZHvPNIxqZ2IHCDwfv1w"],"logo":{"@type":"ImageObject","@id":"https:\/\/www.muzeumtrebisov.sk\/#logo","inLanguage":"hu","url":"https:\/\/www.muzeumtrebisov.sk\/wp-content\/uploads\/2022\/04\/dual-logo-color-hor.png","contentUrl":"https:\/\/www.muzeumtrebisov.sk\/wp-content\/uploads\/2022\/04\/dual-logo-color-hor.png","width":749,"height":140,"caption":"M\u00fazeum Trebi\u0161ov - Ka\u0161tie\u013e Andr\u00e1ssyovcov"},"image":{"@id":"https:\/\/www.muzeumtrebisov.sk\/#logo"}},{"@type":"WebSite","@id":"https:\/\/www.muzeumtrebisov.sk\/#website","url":"https:\/\/www.muzeumtrebisov.sk\/","name":"M\u00fazeum Trebi\u0161ov - Ka\u0161tie\u013e Andr\u00e1ssyovcov","description":"Hist\u00f3ria Andr\u00e1ssyovcov a ju\u017en\u00e9ho Zempl\u00edna","publisher":{"@id":"https:\/\/www.muzeumtrebisov.sk\/#organization"},"potentialAction":[{"@type":"SearchAction","target":{"@type":"EntryPoint","urlTemplate":"https:\/\/www.muzeumtrebisov.sk\/?s={search_term_string}"},"query-input":"required name=search_term_string"}],"inLanguage":"hu"},{"@type":"WebPage","@id":"https:\/\/www.muzeumtrebisov.sk\/historia-muzea\/#webpage","url":"https:\/\/www.muzeumtrebisov.sk\/historia-muzea\/","name":"Hist\u00f3ria m\u00fazea | M\u00fazeum Trebi\u0161ov - Ka\u0161tie\u013e Andr\u00e1ssyovcov","isPartOf":{"@id":"https:\/\/www.muzeumtrebisov.sk\/#website"},"datePublished":"2022-02-26T23:09:07+00:00","dateModified":"2022-02-28T07:30:05+00:00","breadcrumb":{"@id":"https:\/\/www.muzeumtrebisov.sk\/historia-muzea\/#breadcrumb"},"inLanguage":"hu","potentialAction":[{"@type":"ReadAction","target":["https:\/\/www.muzeumtrebisov.sk\/historia-muzea\/"]}]},{"@type":"BreadcrumbList","@id":"https:\/\/www.muzeumtrebisov.sk\/historia-muzea\/#breadcrumb","itemListElement":[{"@type":"ListItem","position":1,"name":"Home","item":"https:\/\/www.muzeumtrebisov.sk\/"},{"@type":"ListItem","position":2,"name":"Hist\u00f3ria m\u00fazea"}]}]}},"_links":{"self":[{"href":"https:\/\/www.muzeumtrebisov.sk\/hu\/wp-json\/wp\/v2\/pages\/2006"}],"collection":[{"href":"https:\/\/www.muzeumtrebisov.sk\/hu\/wp-json\/wp\/v2\/pages"}],"about":[{"href":"https:\/\/www.muzeumtrebisov.sk\/hu\/wp-json\/wp\/v2\/types\/page"}],"author":[{"embeddable":true,"href":"https:\/\/www.muzeumtrebisov.sk\/hu\/wp-json\/wp\/v2\/users\/1"}],"replies":[{"embeddable":true,"href":"https:\/\/www.muzeumtrebisov.sk\/hu\/wp-json\/wp\/v2\/comments?post=2006"}],"version-history":[{"count":6,"href":"https:\/\/www.muzeumtrebisov.sk\/hu\/wp-json\/wp\/v2\/pages\/2006\/revisions"}],"predecessor-version":[{"id":2203,"href":"https:\/\/www.muzeumtrebisov.sk\/hu\/wp-json\/wp\/v2\/pages\/2006\/revisions\/2203"}],"wp:attachment":[{"href":"https:\/\/www.muzeumtrebisov.sk\/hu\/wp-json\/wp\/v2\/media?parent=2006"}],"curies":[{"name":"wp","href":"https:\/\/api.w.org\/{rel}","templated":true}]}}