{"id":1835,"date":"2022-02-26T15:00:55","date_gmt":"2022-02-26T14:00:55","guid":{"rendered":"https:\/\/www.muzeumtrebisov.sk\/?page_id=1835"},"modified":"2022-02-26T15:02:10","modified_gmt":"2022-02-26T14:02:10","slug":"projekty-2021","status":"publish","type":"page","link":"https:\/\/www.muzeumtrebisov.sk\/hu\/projekty-2021\/","title":{"rendered":"Projekty 2021"},"content":{"rendered":"<p><strong>SmartM\u00fazeum ako sp\u00f4sob prezent\u00e1cie kult\u00farneho dedi\u010dstva<\/strong><\/p>\n\n\n\n<p>Nov\u00e1 interakt\u00edvna expoz\u00edcia <strong><em>Stredovek\u00e9 dejiny regi\u00f3nu ju\u017en\u00e9ho Zempl\u00edna<\/em><\/strong> vznikla v\u00a0r\u00e1mci projektu <strong><em>SmartMuseum as a\u00a0way to present cultural heritage<\/em><\/strong> (SmartM\u00fazeum ako sp\u00f4sob prezent\u00e1cie kult\u00farneho dedi\u010dstva) prostredn\u00edctvom opera\u010dn\u00e9ho programu cezhrani\u010dnej spolupr\u00e1ce ENI Ma\u010farsko \u2013 Slovensko \u2013 Rumunsko \u2013 Ukrajina 2014 \u2013 2020.<\/p>\n\n\n\n<p><\/p>\n\n\n\n<p>Jedn\u00fdm z\u00a0cie\u013eov projektu bolo zv\u00fd\u0161enie turistickej atraktivity vybran\u00fdch historick\u00fdch a\u00a0kult\u00farnych pamiatok na Slovensku, Ukrajine a\u00a0v\u00a0Ma\u010farsku, ako aj propag\u00e1cia t\u00fdchto historick\u00fdch miest prostredn\u00edctvom marketingov\u00fdch n\u00e1strojov a\u00a0cezhrani\u010dnou spolupr\u00e1cou.<\/p>\n\n\n\n<p><\/p>\n\n\n\n<p>M\u00fazeum a\u00a0Kult\u00farne centrum ju\u017en\u00e9ho Zempl\u00edna v\u00a0Trebi\u0161ove bolo jedn\u00fdm z\u00a0troch m\u00faze\u00ed v\u00a0r\u00e1mci Ko\u0161ick\u00e9ho samospr\u00e1vneho kraja, ktor\u00e9 sa do projektu zapojilo. Cie\u013eom n\u00e1\u0161ho m\u00fazea bolo vytvori\u0165 pre n\u00e1v\u0161tevn\u00edkov nov\u00fa interakt\u00edvnu expoz\u00edciu zameran\u00fa na stredovek\u00e9 dejiny regi\u00f3nu ju\u017en\u00e9ho Zempl\u00edna. Vybran\u00e9 boli v\u00fdznamn\u00e9 lokality, ktor\u00e9 formovali dejiny zempl\u00ednskeho regi\u00f3nu \u2013 hrad Pari\u010d, zaniknut\u00fd Kostol sv. Ducha v\u00a0Trebi\u0161ove, ako aj\u00a0historicky a region\u00e1lne v\u00fdznamn\u00e9 hradisko Zempl\u00edn. V\u00a0r\u00e1mci vybran\u00fdch lokal\u00edt bude expoz\u00edcia okrem in\u00e9ho prezentova\u0165 archeologick\u00e9 n\u00e1lezy z\u00a0doteraj\u0161\u00edch v\u00fdskumov, ide\u00e1lnu podobu hradu Pari\u010d v\u00a0obdob\u00ed vrcholn\u00e9ho stredoveku v\u00a0podobe virtu\u00e1lneho 3D modelu, digitaliz\u00e1cie epitafov Juraja III. Drugetha (v r\u00e1mci spolupr\u00e1ce s\u00a0D\u00f3mom sv. Mikul\u00e1\u0161a v\u00a0Trnave) a\u00a0Valent\u00edna Drugehta (v r\u00e1mci spolupr\u00e1ce s\u00a0Kostolom Zvestovania P\u00e1na v\u00a0Bratislave), sakr\u00e1lne umenie, bohatstvo staroma\u010farsk\u00e9ho knie\u017eacieho hrobu zo Zempl\u00edna (digitaliz\u00e1cia hrobovej v\u00fdbavy v\u00a0spolupr\u00e1ci s\u00a0Archeologick\u00fdm \u00fastavom SAV v Nitre), ako aj tla\u010den\u00fd 3D model hradiska Zempl\u00edn, ktor\u00fd vznikol v\u00a0spolupr\u00e1ci s\u00a0Pamiatkov\u00fdm \u00faradom SR.<\/p>\n\n\n\n<p><\/p>\n\n\n\n<p class=\"has-light-black-color has-text-color\"><strong>Hlavn\u00fd partner projektu<\/strong>:<\/p>\n\n\n\n<p><strong>Mimovl\u00e1dna organiz\u00e1cia \u201eU\u017ehorod \u2013 XXI. storo\u010die\u201c (YadroLab), Ukrajina.<\/strong><\/p>\n\n\n\n<p class=\"has-light-black-color has-text-color\"><strong>Partneri projektu<\/strong>:<\/p>\n\n\n\n<p><strong>Muka\u010devsk\u00e9 historick\u00e9 m\u00fazeum<\/strong> (Ukrajina)<\/p>\n\n\n\n<p><strong>Agent\u00fara na podporu region\u00e1lneho rozvoja Ko\u0161ice, n. o.<\/strong> (Slovensko)<\/p>\n\n\n\n<p><strong>Ko\u0161ick\u00fd samospr\u00e1vny kraj<\/strong> (zast\u00fapen\u00fd troma m\u00fazeami <strong>Zempl\u00ednske m\u00fazeum<\/strong> v&nbsp;Michalovciach, <strong>M\u00fazeum a&nbsp;Kult\u00farne centrum ju\u017en\u00e9ho Zempl\u00edna<\/strong> v&nbsp;Trebi\u0161ove a&nbsp;<strong>M\u00fazeum Spi\u0161a<\/strong> v&nbsp;Spi\u0161skej Novej Vsi)<\/p>\n\n\n\n<p><strong>Pamiatkov\u00fd \u00farad Slovenskej republiky<\/strong><\/p>\n\n\n\n<p><strong>Herman Otto M\u00fazeum<\/strong> (Ma\u010farsko)<\/p>\n\n\n\n<p><strong>Spr\u00e1vcovstvo hradu F\u00fcz\u00e9r<\/strong> (Ma\u010farsko).<\/p>\n\n\n\n<p>Trvanie projektu<\/p>\n\n\n\n<p><strong>09\/2019 \u2013 03\/2022<\/strong><\/p>\n\n\n\n<p><\/p>\n\n\n\n<div class=\"wp-block-image\"><figure class=\"alignleft size-full is-resized\"><img loading=\"lazy\" src=\"https:\/\/www.muzeumtrebisov.sk\/wp-content\/uploads\/2022\/02\/KSK_logo_hor_ver.png\" alt=\"\" class=\"wp-image-1838\" width=\"161\" height=\"42\" srcset=\"https:\/\/www.muzeumtrebisov.sk\/wp-content\/uploads\/2022\/02\/KSK_logo_hor_ver.png 454w, https:\/\/www.muzeumtrebisov.sk\/wp-content\/uploads\/2022\/02\/KSK_logo_hor_ver-300x77.png 300w\" sizes=\"(max-width: 161px) 100vw, 161px\" \/><\/figure><\/div>\n\n\n\n<div class=\"wp-block-image\"><figure class=\"alignleft size-full is-resized\"><img loading=\"lazy\" src=\"https:\/\/www.muzeumtrebisov.sk\/wp-content\/uploads\/2022\/02\/dual-logo-color-hor.png\" alt=\"\" class=\"wp-image-1839\" width=\"232\" height=\"43\" srcset=\"https:\/\/www.muzeumtrebisov.sk\/wp-content\/uploads\/2022\/02\/dual-logo-color-hor.png 749w, https:\/\/www.muzeumtrebisov.sk\/wp-content\/uploads\/2022\/02\/dual-logo-color-hor-300x56.png 300w, https:\/\/www.muzeumtrebisov.sk\/wp-content\/uploads\/2022\/02\/dual-logo-color-hor-500x93.png 500w, https:\/\/www.muzeumtrebisov.sk\/wp-content\/uploads\/2022\/02\/dual-logo-color-hor-600x112.png 600w\" sizes=\"(max-width: 232px) 100vw, 232px\" \/><\/figure><\/div>\n\n\n\n<div class=\"wp-block-image\"><figure class=\"alignleft size-full is-resized\"><img loading=\"lazy\" src=\"https:\/\/www.muzeumtrebisov.sk\/wp-content\/uploads\/2022\/02\/smartmuseum.jpg\" alt=\"\" class=\"wp-image-1840\" width=\"183\" height=\"48\"\/><\/figure><\/div>\n\n\n\n<p><\/p>","protected":false},"excerpt":{"rendered":"<p>SmartM\u00fazeum ako sp\u00f4sob prezent\u00e1cie kult\u00farneho dedi\u010dstva Nov\u00e1 interakt\u00edvna expoz\u00edcia Stredovek\u00e9 dejiny regi\u00f3nu ju\u017en\u00e9ho Zempl\u00edna vznikla v\u00a0r\u00e1mci projektu SmartMuseum as a\u00a0way to present cultural heritage (SmartM\u00fazeum ako sp\u00f4sob prezent\u00e1cie kult\u00farneho dedi\u010dstva) prostredn\u00edctvom opera\u010dn\u00e9ho programu cezhrani\u010dnej spolupr\u00e1ce ENI Ma\u010farsko \u2013 Slovensko \u2013 Rumunsko \u2013 Ukrajina 2014 \u2013 2020. Jedn\u00fdm z\u00a0cie\u013eov projektu bolo zv\u00fd\u0161enie turistickej atraktivity vybran\u00fdch historick\u00fdch<\/p>","protected":false},"author":1,"featured_media":0,"parent":0,"menu_order":0,"comment_status":"closed","ping_status":"closed","template":"","meta":{"om_disable_all_campaigns":false,"_vp_format_video_url":"","_vp_image_focal_point":[]},"aioseo_notices":[],"yoast_head":"<!-- This site is optimized with the Yoast SEO plugin v18.5.1 - https:\/\/yoast.com\/wordpress\/plugins\/seo\/ -->\n<title>Projekty 2021 | M\u00fazeum Trebi\u0161ov - Ka\u0161tie\u013e Andr\u00e1ssyovcov<\/title>\n<meta name=\"robots\" content=\"index, follow, max-snippet:-1, max-image-preview:large, max-video-preview:-1\" \/>\n<link rel=\"canonical\" href=\"https:\/\/www.muzeumtrebisov.sk\/hu\/projekty-2021\/\" \/>\n<meta property=\"og:locale\" content=\"hu_HU\" \/>\n<meta property=\"og:type\" content=\"article\" \/>\n<meta property=\"og:title\" content=\"Projekty 2021 | M\u00fazeum Trebi\u0161ov - Ka\u0161tie\u013e Andr\u00e1ssyovcov\" \/>\n<meta property=\"og:description\" content=\"SmartM\u00fazeum ako sp\u00f4sob prezent\u00e1cie kult\u00farneho dedi\u010dstva Nov\u00e1 interakt\u00edvna expoz\u00edcia Stredovek\u00e9 dejiny regi\u00f3nu ju\u017en\u00e9ho Zempl\u00edna vznikla v\u00a0r\u00e1mci projektu SmartMuseum as a\u00a0way to present cultural heritage (SmartM\u00fazeum ako sp\u00f4sob prezent\u00e1cie kult\u00farneho dedi\u010dstva) prostredn\u00edctvom opera\u010dn\u00e9ho programu cezhrani\u010dnej spolupr\u00e1ce ENI Ma\u010farsko \u2013 Slovensko \u2013 Rumunsko \u2013 Ukrajina 2014 \u2013 2020. Jedn\u00fdm z\u00a0cie\u013eov projektu bolo zv\u00fd\u0161enie turistickej atraktivity vybran\u00fdch historick\u00fdch\" \/>\n<meta property=\"og:url\" content=\"https:\/\/www.muzeumtrebisov.sk\/hu\/projekty-2021\/\" \/>\n<meta property=\"og:site_name\" content=\"M\u00fazeum Trebi\u0161ov - Ka\u0161tie\u013e Andr\u00e1ssyovcov\" \/>\n<meta property=\"article:publisher\" content=\"https:\/\/www.facebook.com\/muzeumtvkastielandrassyovcov\" \/>\n<meta property=\"article:modified_time\" content=\"2022-02-26T14:02:10+00:00\" \/>\n<meta property=\"og:image\" content=\"https:\/\/www.muzeumtrebisov.sk\/wp-content\/uploads\/2022\/02\/KSK_logo_hor_ver.png\" \/>\n<meta name=\"twitter:card\" content=\"summary_large_image\" \/>\n<meta name=\"twitter:label1\" content=\"Becs\u00fclt olvas\u00e1si id\u0151\" \/>\n\t<meta name=\"twitter:data1\" content=\"2 perc\" \/>\n<script type=\"application\/ld+json\" class=\"yoast-schema-graph\">{\"@context\":\"https:\/\/schema.org\",\"@graph\":[{\"@type\":\"Organization\",\"@id\":\"https:\/\/www.muzeumtrebisov.sk\/#organization\",\"name\":\"M\u00fazeum Trebi\u0161ov - Ka\u0161tie\u013e Andr\u00e1ssyovcov\",\"url\":\"https:\/\/www.muzeumtrebisov.sk\/\",\"sameAs\":[\"https:\/\/www.facebook.com\/muzeumtvkastielandrassyovcov\",\"https:\/\/www.instagram.com\/muzeumtrebisovkastielandrassy\/\",\"https:\/\/www.youtube.com\/channel\/UCprfZHvPNIxqZ2IHCDwfv1w\"],\"logo\":{\"@type\":\"ImageObject\",\"@id\":\"https:\/\/www.muzeumtrebisov.sk\/#logo\",\"inLanguage\":\"hu\",\"url\":\"https:\/\/www.muzeumtrebisov.sk\/wp-content\/uploads\/2022\/04\/dual-logo-color-hor.png\",\"contentUrl\":\"https:\/\/www.muzeumtrebisov.sk\/wp-content\/uploads\/2022\/04\/dual-logo-color-hor.png\",\"width\":749,\"height\":140,\"caption\":\"M\u00fazeum Trebi\u0161ov - Ka\u0161tie\u013e Andr\u00e1ssyovcov\"},\"image\":{\"@id\":\"https:\/\/www.muzeumtrebisov.sk\/#logo\"}},{\"@type\":\"WebSite\",\"@id\":\"https:\/\/www.muzeumtrebisov.sk\/#website\",\"url\":\"https:\/\/www.muzeumtrebisov.sk\/\",\"name\":\"M\u00fazeum Trebi\u0161ov - Ka\u0161tie\u013e Andr\u00e1ssyovcov\",\"description\":\"Hist\u00f3ria Andr\u00e1ssyovcov a ju\u017en\u00e9ho Zempl\u00edna\",\"publisher\":{\"@id\":\"https:\/\/www.muzeumtrebisov.sk\/#organization\"},\"potentialAction\":[{\"@type\":\"SearchAction\",\"target\":{\"@type\":\"EntryPoint\",\"urlTemplate\":\"https:\/\/www.muzeumtrebisov.sk\/?s={search_term_string}\"},\"query-input\":\"required name=search_term_string\"}],\"inLanguage\":\"hu\"},{\"@type\":\"ImageObject\",\"@id\":\"https:\/\/www.muzeumtrebisov.sk\/projekty-2021\/#primaryimage\",\"inLanguage\":\"hu\",\"url\":\"https:\/\/www.muzeumtrebisov.sk\/wp-content\/uploads\/2022\/02\/KSK_logo_hor_ver.png\",\"contentUrl\":\"https:\/\/www.muzeumtrebisov.sk\/wp-content\/uploads\/2022\/02\/KSK_logo_hor_ver.png\",\"width\":454,\"height\":116},{\"@type\":\"WebPage\",\"@id\":\"https:\/\/www.muzeumtrebisov.sk\/projekty-2021\/#webpage\",\"url\":\"https:\/\/www.muzeumtrebisov.sk\/projekty-2021\/\",\"name\":\"Projekty 2021 | M\u00fazeum Trebi\u0161ov - Ka\u0161tie\u013e Andr\u00e1ssyovcov\",\"isPartOf\":{\"@id\":\"https:\/\/www.muzeumtrebisov.sk\/#website\"},\"primaryImageOfPage\":{\"@id\":\"https:\/\/www.muzeumtrebisov.sk\/projekty-2021\/#primaryimage\"},\"datePublished\":\"2022-02-26T14:00:55+00:00\",\"dateModified\":\"2022-02-26T14:02:10+00:00\",\"breadcrumb\":{\"@id\":\"https:\/\/www.muzeumtrebisov.sk\/projekty-2021\/#breadcrumb\"},\"inLanguage\":\"hu\",\"potentialAction\":[{\"@type\":\"ReadAction\",\"target\":[\"https:\/\/www.muzeumtrebisov.sk\/projekty-2021\/\"]}]},{\"@type\":\"BreadcrumbList\",\"@id\":\"https:\/\/www.muzeumtrebisov.sk\/projekty-2021\/#breadcrumb\",\"itemListElement\":[{\"@type\":\"ListItem\",\"position\":1,\"name\":\"Home\",\"item\":\"https:\/\/www.muzeumtrebisov.sk\/\"},{\"@type\":\"ListItem\",\"position\":2,\"name\":\"Projekty 2021\"}]}]}<\/script>\n<!-- \/ Yoast SEO plugin. -->","yoast_head_json":{"title":"Projekty 2021 | M\u00fazeum Trebi\u0161ov - Ka\u0161tie\u013e Andr\u00e1ssyovcov","robots":{"index":"index","follow":"follow","max-snippet":"max-snippet:-1","max-image-preview":"max-image-preview:large","max-video-preview":"max-video-preview:-1"},"canonical":"https:\/\/www.muzeumtrebisov.sk\/hu\/projekty-2021\/","og_locale":"hu_HU","og_type":"article","og_title":"Projekty 2021 | M\u00fazeum Trebi\u0161ov - Ka\u0161tie\u013e Andr\u00e1ssyovcov","og_description":"SmartM\u00fazeum ako sp\u00f4sob prezent\u00e1cie kult\u00farneho dedi\u010dstva Nov\u00e1 interakt\u00edvna expoz\u00edcia Stredovek\u00e9 dejiny regi\u00f3nu ju\u017en\u00e9ho Zempl\u00edna vznikla v\u00a0r\u00e1mci projektu SmartMuseum as a\u00a0way to present cultural heritage (SmartM\u00fazeum ako sp\u00f4sob prezent\u00e1cie kult\u00farneho dedi\u010dstva) prostredn\u00edctvom opera\u010dn\u00e9ho programu cezhrani\u010dnej spolupr\u00e1ce ENI Ma\u010farsko \u2013 Slovensko \u2013 Rumunsko \u2013 Ukrajina 2014 \u2013 2020. Jedn\u00fdm z\u00a0cie\u013eov projektu bolo zv\u00fd\u0161enie turistickej atraktivity vybran\u00fdch historick\u00fdch","og_url":"https:\/\/www.muzeumtrebisov.sk\/hu\/projekty-2021\/","og_site_name":"M\u00fazeum Trebi\u0161ov - Ka\u0161tie\u013e Andr\u00e1ssyovcov","article_publisher":"https:\/\/www.facebook.com\/muzeumtvkastielandrassyovcov","article_modified_time":"2022-02-26T14:02:10+00:00","og_image":[{"url":"https:\/\/www.muzeumtrebisov.sk\/wp-content\/uploads\/2022\/02\/KSK_logo_hor_ver.png"}],"twitter_card":"summary_large_image","twitter_misc":{"Becs\u00fclt olvas\u00e1si id\u0151":"2 perc"},"schema":{"@context":"https:\/\/schema.org","@graph":[{"@type":"Organization","@id":"https:\/\/www.muzeumtrebisov.sk\/#organization","name":"M\u00fazeum Trebi\u0161ov - Ka\u0161tie\u013e Andr\u00e1ssyovcov","url":"https:\/\/www.muzeumtrebisov.sk\/","sameAs":["https:\/\/www.facebook.com\/muzeumtvkastielandrassyovcov","https:\/\/www.instagram.com\/muzeumtrebisovkastielandrassy\/","https:\/\/www.youtube.com\/channel\/UCprfZHvPNIxqZ2IHCDwfv1w"],"logo":{"@type":"ImageObject","@id":"https:\/\/www.muzeumtrebisov.sk\/#logo","inLanguage":"hu","url":"https:\/\/www.muzeumtrebisov.sk\/wp-content\/uploads\/2022\/04\/dual-logo-color-hor.png","contentUrl":"https:\/\/www.muzeumtrebisov.sk\/wp-content\/uploads\/2022\/04\/dual-logo-color-hor.png","width":749,"height":140,"caption":"M\u00fazeum Trebi\u0161ov - Ka\u0161tie\u013e Andr\u00e1ssyovcov"},"image":{"@id":"https:\/\/www.muzeumtrebisov.sk\/#logo"}},{"@type":"WebSite","@id":"https:\/\/www.muzeumtrebisov.sk\/#website","url":"https:\/\/www.muzeumtrebisov.sk\/","name":"M\u00fazeum Trebi\u0161ov - Ka\u0161tie\u013e Andr\u00e1ssyovcov","description":"Hist\u00f3ria Andr\u00e1ssyovcov a ju\u017en\u00e9ho Zempl\u00edna","publisher":{"@id":"https:\/\/www.muzeumtrebisov.sk\/#organization"},"potentialAction":[{"@type":"SearchAction","target":{"@type":"EntryPoint","urlTemplate":"https:\/\/www.muzeumtrebisov.sk\/?s={search_term_string}"},"query-input":"required name=search_term_string"}],"inLanguage":"hu"},{"@type":"ImageObject","@id":"https:\/\/www.muzeumtrebisov.sk\/projekty-2021\/#primaryimage","inLanguage":"hu","url":"https:\/\/www.muzeumtrebisov.sk\/wp-content\/uploads\/2022\/02\/KSK_logo_hor_ver.png","contentUrl":"https:\/\/www.muzeumtrebisov.sk\/wp-content\/uploads\/2022\/02\/KSK_logo_hor_ver.png","width":454,"height":116},{"@type":"WebPage","@id":"https:\/\/www.muzeumtrebisov.sk\/projekty-2021\/#webpage","url":"https:\/\/www.muzeumtrebisov.sk\/projekty-2021\/","name":"Projekty 2021 | M\u00fazeum Trebi\u0161ov - Ka\u0161tie\u013e Andr\u00e1ssyovcov","isPartOf":{"@id":"https:\/\/www.muzeumtrebisov.sk\/#website"},"primaryImageOfPage":{"@id":"https:\/\/www.muzeumtrebisov.sk\/projekty-2021\/#primaryimage"},"datePublished":"2022-02-26T14:00:55+00:00","dateModified":"2022-02-26T14:02:10+00:00","breadcrumb":{"@id":"https:\/\/www.muzeumtrebisov.sk\/projekty-2021\/#breadcrumb"},"inLanguage":"hu","potentialAction":[{"@type":"ReadAction","target":["https:\/\/www.muzeumtrebisov.sk\/projekty-2021\/"]}]},{"@type":"BreadcrumbList","@id":"https:\/\/www.muzeumtrebisov.sk\/projekty-2021\/#breadcrumb","itemListElement":[{"@type":"ListItem","position":1,"name":"Home","item":"https:\/\/www.muzeumtrebisov.sk\/"},{"@type":"ListItem","position":2,"name":"Projekty 2021"}]}]}},"_links":{"self":[{"href":"https:\/\/www.muzeumtrebisov.sk\/hu\/wp-json\/wp\/v2\/pages\/1835"}],"collection":[{"href":"https:\/\/www.muzeumtrebisov.sk\/hu\/wp-json\/wp\/v2\/pages"}],"about":[{"href":"https:\/\/www.muzeumtrebisov.sk\/hu\/wp-json\/wp\/v2\/types\/page"}],"author":[{"embeddable":true,"href":"https:\/\/www.muzeumtrebisov.sk\/hu\/wp-json\/wp\/v2\/users\/1"}],"replies":[{"embeddable":true,"href":"https:\/\/www.muzeumtrebisov.sk\/hu\/wp-json\/wp\/v2\/comments?post=1835"}],"version-history":[{"count":2,"href":"https:\/\/www.muzeumtrebisov.sk\/hu\/wp-json\/wp\/v2\/pages\/1835\/revisions"}],"predecessor-version":[{"id":1842,"href":"https:\/\/www.muzeumtrebisov.sk\/hu\/wp-json\/wp\/v2\/pages\/1835\/revisions\/1842"}],"wp:attachment":[{"href":"https:\/\/www.muzeumtrebisov.sk\/hu\/wp-json\/wp\/v2\/media?parent=1835"}],"curies":[{"name":"wp","href":"https:\/\/api.w.org\/{rel}","templated":true}]}}