{"id":1809,"date":"2022-02-26T14:38:14","date_gmt":"2022-02-26T13:38:14","guid":{"rendered":"https:\/\/www.muzeumtrebisov.sk\/?page_id=1809"},"modified":"2022-02-26T14:38:15","modified_gmt":"2022-02-26T13:38:15","slug":"projekty-2017","status":"publish","type":"page","link":"https:\/\/www.muzeumtrebisov.sk\/hu\/projekty-2017\/","title":{"rendered":"Projekty 2017"},"content":{"rendered":"<h3>PROJEKTY Z VEREJN\u00ddCH ZDROJOV PODPORIL&nbsp;FOND NA PODPORU UMENIA<\/h3>\n\n\n\n<div class=\"wp-block-image\"><figure class=\"aligncenter size-full\"><img loading=\"lazy\" width=\"345\" height=\"120\" src=\"https:\/\/www.muzeumtrebisov.sk\/wp-content\/uploads\/2022\/02\/logo_fu-1.jpg\" alt=\"\" class=\"wp-image-1810\" srcset=\"https:\/\/www.muzeumtrebisov.sk\/wp-content\/uploads\/2022\/02\/logo_fu-1.jpg 345w, https:\/\/www.muzeumtrebisov.sk\/wp-content\/uploads\/2022\/02\/logo_fu-1-300x104.jpg 300w\" sizes=\"(max-width: 345px) 100vw, 345px\" \/><\/figure><\/div>\n\n\n\n<ul><li>XXV. Celo\u0161t\u00e1tny festival divadeln\u00fdch hier s dedinskou t\u00e9matikou (Fond je hlavn\u00fdm partnerom projektu)<\/li><li>Trebi\u0161ovsk\u00e9 festivalov\u00e9 dosky 2017 (Fond je hlavn\u00fdm partnerom projektu)<\/li><li>Chlieb n\u00e1\u0161 ka\u017edodenn\u00fd (Fond je hlavn\u00fdm partnerom projektu)<\/li><li>Zabezpe\u010denie ochrany zbierkov\u00fdch predmetov (Fond je hlavn\u00fdm partnerom projektu)<\/li><\/ul>\n\n\n\n<h3>PODUJATIE S FINAN\u010cNOU PODPOROU KO\u0160ICK\u00c9HO SAMOSPR\u00c1VNEHO KRAJA Z POGRAMU TERRA INCOGNITA<\/h3>\n\n\n\n<p>M\u00fazeum a Kult\u00farne centrum ju\u017en\u00e9ho Zempl\u00edna v Trebi\u0161ove je partnerom programu Ko\u0161ick\u00e9ho samospr\u00e1vneho kraja&nbsp;<a href=\"http:\/\/www.terraincognita.sk\/\">Terra Incognita<\/a><\/p>\n\n\n\n<div class=\"wp-block-image\"><figure class=\"aligncenter size-full\"><img loading=\"lazy\" width=\"617\" height=\"150\" src=\"https:\/\/www.muzeumtrebisov.sk\/wp-content\/uploads\/2022\/02\/logo_ti_ksk-1.jpg\" alt=\"\" class=\"wp-image-1811\" srcset=\"https:\/\/www.muzeumtrebisov.sk\/wp-content\/uploads\/2022\/02\/logo_ti_ksk-1.jpg 617w, https:\/\/www.muzeumtrebisov.sk\/wp-content\/uploads\/2022\/02\/logo_ti_ksk-1-300x73.jpg 300w, https:\/\/www.muzeumtrebisov.sk\/wp-content\/uploads\/2022\/02\/logo_ti_ksk-1-500x122.jpg 500w, https:\/\/www.muzeumtrebisov.sk\/wp-content\/uploads\/2022\/02\/logo_ti_ksk-1-600x146.jpg 600w\" sizes=\"(max-width: 617px) 100vw, 617px\" \/><\/figure><\/div>\n\n\n\n<ul><li>Chlebom a v\u00ednom<\/li><\/ul>\n\n\n\n<h3>PROJEKTY S FINAN\u010cNOU PODPOROU ZDRU\u017dENIA PRE ROZVOJ JU\u017dN\u00c9HO ZEMPL\u00cdNA<\/h3>\n\n\n\n<div class=\"wp-block-image\"><figure class=\"aligncenter size-full\"><img loading=\"lazy\" width=\"180\" height=\"173\" src=\"https:\/\/www.muzeumtrebisov.sk\/wp-content\/uploads\/2022\/02\/logo_zprjj-1.jpg\" alt=\"\" class=\"wp-image-1812\"\/><\/figure><\/div>\n\n\n\n<ul><li>Roz\u0161\u00edrenie kni\u017en\u00e9ho fondu m\u00fazejnej kni\u017enice<\/li><li>Akv\u00edzicie zbierkov\u00fdch predmetov<\/li><\/ul>","protected":false},"excerpt":{"rendered":"<p>PROJEKTY Z VEREJN\u00ddCH ZDROJOV PODPORIL&nbsp;FOND NA PODPORU UMENIA XXV. Celo\u0161t\u00e1tny festival divadeln\u00fdch hier s dedinskou t\u00e9matikou (Fond je hlavn\u00fdm partnerom projektu) Trebi\u0161ovsk\u00e9 festivalov\u00e9 dosky 2017 (Fond je hlavn\u00fdm partnerom projektu) Chlieb n\u00e1\u0161 ka\u017edodenn\u00fd (Fond je hlavn\u00fdm partnerom projektu) Zabezpe\u010denie ochrany zbierkov\u00fdch predmetov (Fond je hlavn\u00fdm partnerom projektu) PODUJATIE S FINAN\u010cNOU PODPOROU KO\u0160ICK\u00c9HO SAMOSPR\u00c1VNEHO KRAJA Z<\/p>","protected":false},"author":1,"featured_media":0,"parent":0,"menu_order":0,"comment_status":"closed","ping_status":"closed","template":"","meta":{"om_disable_all_campaigns":false,"_vp_format_video_url":"","_vp_image_focal_point":[]},"aioseo_notices":[],"yoast_head":"<!-- This site is optimized with the Yoast SEO plugin v18.5.1 - https:\/\/yoast.com\/wordpress\/plugins\/seo\/ -->\n<title>Projekty 2017 | M\u00fazeum Trebi\u0161ov - Ka\u0161tie\u013e Andr\u00e1ssyovcov<\/title>\n<meta name=\"robots\" content=\"index, follow, max-snippet:-1, max-image-preview:large, max-video-preview:-1\" \/>\n<link rel=\"canonical\" href=\"https:\/\/www.muzeumtrebisov.sk\/hu\/projekty-2017\/\" \/>\n<meta property=\"og:locale\" content=\"hu_HU\" \/>\n<meta property=\"og:type\" content=\"article\" \/>\n<meta property=\"og:title\" content=\"Projekty 2017 | M\u00fazeum Trebi\u0161ov - Ka\u0161tie\u013e Andr\u00e1ssyovcov\" \/>\n<meta property=\"og:description\" content=\"PROJEKTY Z VEREJN\u00ddCH ZDROJOV PODPORIL&nbsp;FOND NA PODPORU UMENIA XXV. Celo\u0161t\u00e1tny festival divadeln\u00fdch hier s dedinskou t\u00e9matikou (Fond je hlavn\u00fdm partnerom projektu) Trebi\u0161ovsk\u00e9 festivalov\u00e9 dosky 2017 (Fond je hlavn\u00fdm partnerom projektu) Chlieb n\u00e1\u0161 ka\u017edodenn\u00fd (Fond je hlavn\u00fdm partnerom projektu) Zabezpe\u010denie ochrany zbierkov\u00fdch predmetov (Fond je hlavn\u00fdm partnerom projektu) PODUJATIE S FINAN\u010cNOU PODPOROU KO\u0160ICK\u00c9HO SAMOSPR\u00c1VNEHO KRAJA Z\" \/>\n<meta property=\"og:url\" content=\"https:\/\/www.muzeumtrebisov.sk\/hu\/projekty-2017\/\" \/>\n<meta property=\"og:site_name\" content=\"M\u00fazeum Trebi\u0161ov - Ka\u0161tie\u013e Andr\u00e1ssyovcov\" \/>\n<meta property=\"article:publisher\" content=\"https:\/\/www.facebook.com\/muzeumtvkastielandrassyovcov\" \/>\n<meta property=\"article:modified_time\" content=\"2022-02-26T13:38:15+00:00\" \/>\n<meta property=\"og:image\" content=\"https:\/\/www.muzeumtrebisov.sk\/wp-content\/uploads\/2022\/02\/logo_fu-1.jpg\" \/>\n<meta name=\"twitter:card\" content=\"summary_large_image\" \/>\n<meta name=\"twitter:label1\" content=\"Becs\u00fclt olvas\u00e1si id\u0151\" \/>\n\t<meta name=\"twitter:data1\" content=\"2 perc\" \/>\n<script type=\"application\/ld+json\" class=\"yoast-schema-graph\">{\"@context\":\"https:\/\/schema.org\",\"@graph\":[{\"@type\":\"Organization\",\"@id\":\"https:\/\/www.muzeumtrebisov.sk\/#organization\",\"name\":\"M\u00fazeum Trebi\u0161ov - Ka\u0161tie\u013e Andr\u00e1ssyovcov\",\"url\":\"https:\/\/www.muzeumtrebisov.sk\/\",\"sameAs\":[\"https:\/\/www.facebook.com\/muzeumtvkastielandrassyovcov\",\"https:\/\/www.instagram.com\/muzeumtrebisovkastielandrassy\/\",\"https:\/\/www.youtube.com\/channel\/UCprfZHvPNIxqZ2IHCDwfv1w\"],\"logo\":{\"@type\":\"ImageObject\",\"@id\":\"https:\/\/www.muzeumtrebisov.sk\/#logo\",\"inLanguage\":\"hu\",\"url\":\"https:\/\/www.muzeumtrebisov.sk\/wp-content\/uploads\/2022\/04\/dual-logo-color-hor.png\",\"contentUrl\":\"https:\/\/www.muzeumtrebisov.sk\/wp-content\/uploads\/2022\/04\/dual-logo-color-hor.png\",\"width\":749,\"height\":140,\"caption\":\"M\u00fazeum Trebi\u0161ov - Ka\u0161tie\u013e Andr\u00e1ssyovcov\"},\"image\":{\"@id\":\"https:\/\/www.muzeumtrebisov.sk\/#logo\"}},{\"@type\":\"WebSite\",\"@id\":\"https:\/\/www.muzeumtrebisov.sk\/#website\",\"url\":\"https:\/\/www.muzeumtrebisov.sk\/\",\"name\":\"M\u00fazeum Trebi\u0161ov - Ka\u0161tie\u013e Andr\u00e1ssyovcov\",\"description\":\"Hist\u00f3ria Andr\u00e1ssyovcov a ju\u017en\u00e9ho Zempl\u00edna\",\"publisher\":{\"@id\":\"https:\/\/www.muzeumtrebisov.sk\/#organization\"},\"potentialAction\":[{\"@type\":\"SearchAction\",\"target\":{\"@type\":\"EntryPoint\",\"urlTemplate\":\"https:\/\/www.muzeumtrebisov.sk\/?s={search_term_string}\"},\"query-input\":\"required name=search_term_string\"}],\"inLanguage\":\"hu\"},{\"@type\":\"ImageObject\",\"@id\":\"https:\/\/www.muzeumtrebisov.sk\/hu\/projekty-2017\/#primaryimage\",\"inLanguage\":\"hu\",\"url\":\"https:\/\/www.muzeumtrebisov.sk\/wp-content\/uploads\/2022\/02\/logo_fu-1.jpg\",\"contentUrl\":\"https:\/\/www.muzeumtrebisov.sk\/wp-content\/uploads\/2022\/02\/logo_fu-1.jpg\",\"width\":345,\"height\":120},{\"@type\":\"WebPage\",\"@id\":\"https:\/\/www.muzeumtrebisov.sk\/hu\/projekty-2017\/#webpage\",\"url\":\"https:\/\/www.muzeumtrebisov.sk\/hu\/projekty-2017\/\",\"name\":\"Projekty 2017 | M\u00fazeum Trebi\u0161ov - Ka\u0161tie\u013e Andr\u00e1ssyovcov\",\"isPartOf\":{\"@id\":\"https:\/\/www.muzeumtrebisov.sk\/#website\"},\"primaryImageOfPage\":{\"@id\":\"https:\/\/www.muzeumtrebisov.sk\/hu\/projekty-2017\/#primaryimage\"},\"datePublished\":\"2022-02-26T13:38:14+00:00\",\"dateModified\":\"2022-02-26T13:38:15+00:00\",\"breadcrumb\":{\"@id\":\"https:\/\/www.muzeumtrebisov.sk\/hu\/projekty-2017\/#breadcrumb\"},\"inLanguage\":\"hu\",\"potentialAction\":[{\"@type\":\"ReadAction\",\"target\":[\"https:\/\/www.muzeumtrebisov.sk\/hu\/projekty-2017\/\"]}]},{\"@type\":\"BreadcrumbList\",\"@id\":\"https:\/\/www.muzeumtrebisov.sk\/hu\/projekty-2017\/#breadcrumb\",\"itemListElement\":[{\"@type\":\"ListItem\",\"position\":1,\"name\":\"Home\",\"item\":\"https:\/\/www.muzeumtrebisov.sk\/\"},{\"@type\":\"ListItem\",\"position\":2,\"name\":\"Projekty 2017\"}]}]}<\/script>\n<!-- \/ Yoast SEO plugin. -->","yoast_head_json":{"title":"Projekty 2017 | M\u00fazeum Trebi\u0161ov - Ka\u0161tie\u013e Andr\u00e1ssyovcov","robots":{"index":"index","follow":"follow","max-snippet":"max-snippet:-1","max-image-preview":"max-image-preview:large","max-video-preview":"max-video-preview:-1"},"canonical":"https:\/\/www.muzeumtrebisov.sk\/hu\/projekty-2017\/","og_locale":"hu_HU","og_type":"article","og_title":"Projekty 2017 | M\u00fazeum Trebi\u0161ov - Ka\u0161tie\u013e Andr\u00e1ssyovcov","og_description":"PROJEKTY Z VEREJN\u00ddCH ZDROJOV PODPORIL&nbsp;FOND NA PODPORU UMENIA XXV. Celo\u0161t\u00e1tny festival divadeln\u00fdch hier s dedinskou t\u00e9matikou (Fond je hlavn\u00fdm partnerom projektu) Trebi\u0161ovsk\u00e9 festivalov\u00e9 dosky 2017 (Fond je hlavn\u00fdm partnerom projektu) Chlieb n\u00e1\u0161 ka\u017edodenn\u00fd (Fond je hlavn\u00fdm partnerom projektu) Zabezpe\u010denie ochrany zbierkov\u00fdch predmetov (Fond je hlavn\u00fdm partnerom projektu) PODUJATIE S FINAN\u010cNOU PODPOROU KO\u0160ICK\u00c9HO SAMOSPR\u00c1VNEHO KRAJA Z","og_url":"https:\/\/www.muzeumtrebisov.sk\/hu\/projekty-2017\/","og_site_name":"M\u00fazeum Trebi\u0161ov - Ka\u0161tie\u013e Andr\u00e1ssyovcov","article_publisher":"https:\/\/www.facebook.com\/muzeumtvkastielandrassyovcov","article_modified_time":"2022-02-26T13:38:15+00:00","og_image":[{"url":"https:\/\/www.muzeumtrebisov.sk\/wp-content\/uploads\/2022\/02\/logo_fu-1.jpg"}],"twitter_card":"summary_large_image","twitter_misc":{"Becs\u00fclt olvas\u00e1si id\u0151":"2 perc"},"schema":{"@context":"https:\/\/schema.org","@graph":[{"@type":"Organization","@id":"https:\/\/www.muzeumtrebisov.sk\/#organization","name":"M\u00fazeum Trebi\u0161ov - Ka\u0161tie\u013e Andr\u00e1ssyovcov","url":"https:\/\/www.muzeumtrebisov.sk\/","sameAs":["https:\/\/www.facebook.com\/muzeumtvkastielandrassyovcov","https:\/\/www.instagram.com\/muzeumtrebisovkastielandrassy\/","https:\/\/www.youtube.com\/channel\/UCprfZHvPNIxqZ2IHCDwfv1w"],"logo":{"@type":"ImageObject","@id":"https:\/\/www.muzeumtrebisov.sk\/#logo","inLanguage":"hu","url":"https:\/\/www.muzeumtrebisov.sk\/wp-content\/uploads\/2022\/04\/dual-logo-color-hor.png","contentUrl":"https:\/\/www.muzeumtrebisov.sk\/wp-content\/uploads\/2022\/04\/dual-logo-color-hor.png","width":749,"height":140,"caption":"M\u00fazeum Trebi\u0161ov - Ka\u0161tie\u013e Andr\u00e1ssyovcov"},"image":{"@id":"https:\/\/www.muzeumtrebisov.sk\/#logo"}},{"@type":"WebSite","@id":"https:\/\/www.muzeumtrebisov.sk\/#website","url":"https:\/\/www.muzeumtrebisov.sk\/","name":"M\u00fazeum Trebi\u0161ov - Ka\u0161tie\u013e Andr\u00e1ssyovcov","description":"Hist\u00f3ria Andr\u00e1ssyovcov a ju\u017en\u00e9ho Zempl\u00edna","publisher":{"@id":"https:\/\/www.muzeumtrebisov.sk\/#organization"},"potentialAction":[{"@type":"SearchAction","target":{"@type":"EntryPoint","urlTemplate":"https:\/\/www.muzeumtrebisov.sk\/?s={search_term_string}"},"query-input":"required name=search_term_string"}],"inLanguage":"hu"},{"@type":"ImageObject","@id":"https:\/\/www.muzeumtrebisov.sk\/hu\/projekty-2017\/#primaryimage","inLanguage":"hu","url":"https:\/\/www.muzeumtrebisov.sk\/wp-content\/uploads\/2022\/02\/logo_fu-1.jpg","contentUrl":"https:\/\/www.muzeumtrebisov.sk\/wp-content\/uploads\/2022\/02\/logo_fu-1.jpg","width":345,"height":120},{"@type":"WebPage","@id":"https:\/\/www.muzeumtrebisov.sk\/hu\/projekty-2017\/#webpage","url":"https:\/\/www.muzeumtrebisov.sk\/hu\/projekty-2017\/","name":"Projekty 2017 | M\u00fazeum Trebi\u0161ov - Ka\u0161tie\u013e Andr\u00e1ssyovcov","isPartOf":{"@id":"https:\/\/www.muzeumtrebisov.sk\/#website"},"primaryImageOfPage":{"@id":"https:\/\/www.muzeumtrebisov.sk\/hu\/projekty-2017\/#primaryimage"},"datePublished":"2022-02-26T13:38:14+00:00","dateModified":"2022-02-26T13:38:15+00:00","breadcrumb":{"@id":"https:\/\/www.muzeumtrebisov.sk\/hu\/projekty-2017\/#breadcrumb"},"inLanguage":"hu","potentialAction":[{"@type":"ReadAction","target":["https:\/\/www.muzeumtrebisov.sk\/hu\/projekty-2017\/"]}]},{"@type":"BreadcrumbList","@id":"https:\/\/www.muzeumtrebisov.sk\/hu\/projekty-2017\/#breadcrumb","itemListElement":[{"@type":"ListItem","position":1,"name":"Home","item":"https:\/\/www.muzeumtrebisov.sk\/"},{"@type":"ListItem","position":2,"name":"Projekty 2017"}]}]}},"_links":{"self":[{"href":"https:\/\/www.muzeumtrebisov.sk\/hu\/wp-json\/wp\/v2\/pages\/1809"}],"collection":[{"href":"https:\/\/www.muzeumtrebisov.sk\/hu\/wp-json\/wp\/v2\/pages"}],"about":[{"href":"https:\/\/www.muzeumtrebisov.sk\/hu\/wp-json\/wp\/v2\/types\/page"}],"author":[{"embeddable":true,"href":"https:\/\/www.muzeumtrebisov.sk\/hu\/wp-json\/wp\/v2\/users\/1"}],"replies":[{"embeddable":true,"href":"https:\/\/www.muzeumtrebisov.sk\/hu\/wp-json\/wp\/v2\/comments?post=1809"}],"version-history":[{"count":1,"href":"https:\/\/www.muzeumtrebisov.sk\/hu\/wp-json\/wp\/v2\/pages\/1809\/revisions"}],"predecessor-version":[{"id":1813,"href":"https:\/\/www.muzeumtrebisov.sk\/hu\/wp-json\/wp\/v2\/pages\/1809\/revisions\/1813"}],"wp:attachment":[{"href":"https:\/\/www.muzeumtrebisov.sk\/hu\/wp-json\/wp\/v2\/media?parent=1809"}],"curies":[{"name":"wp","href":"https:\/\/api.w.org\/{rel}","templated":true}]}}