{"id":1797,"date":"2022-02-26T13:38:50","date_gmt":"2022-02-26T12:38:50","guid":{"rendered":"https:\/\/www.muzeumtrebisov.sk\/?page_id=1797"},"modified":"2022-02-26T13:45:32","modified_gmt":"2022-02-26T12:45:32","slug":"projekty-2016","status":"publish","type":"page","link":"https:\/\/www.muzeumtrebisov.sk\/hu\/projekty-2016\/","title":{"rendered":"Projekty 2016"},"content":{"rendered":"<h3>PROJEKTY PODPORIL Z VEREJN\u00ddCH ZDROJOV&nbsp;FOND NA PODPORU UMENIA<\/h3>\n\n\n\n<div class=\"wp-block-image\"><figure class=\"aligncenter size-full\"><img loading=\"lazy\" width=\"345\" height=\"120\" src=\"https:\/\/www.muzeumtrebisov.sk\/wp-content\/uploads\/2022\/02\/logo_fu.jpg\" alt=\"\" class=\"wp-image-1799\" srcset=\"https:\/\/www.muzeumtrebisov.sk\/wp-content\/uploads\/2022\/02\/logo_fu.jpg 345w, https:\/\/www.muzeumtrebisov.sk\/wp-content\/uploads\/2022\/02\/logo_fu-300x104.jpg 300w\" sizes=\"(max-width: 345px) 100vw, 345px\" \/><\/figure><\/div>\n\n\n\n<ul><li>XXIV. Celo\u0161t\u00e1tny festival divadeln\u00fdch hier s dedinskou t\u00e9matikou<\/li><li>XXII. Gorazdov ekumenick\u00fd festival sakr\u00e1lnych skladieb<\/li><li>XIX. Divadeln\u00fd Trebi\u0161ov 2016 \u2013 Mal\u00e1 krajsk\u00e1 sc\u00e9nick\u00e1 \u017eatva ODS Ko\u0161ick\u00e9ho kraja<\/li><li>Chlieb n\u00e1\u0161 ka\u017edodenn\u00fd<\/li><li>De\u0148 Andr\u00e1ssyovcov \u2013 11. Ro\u010dn\u00edk<\/li><li>Akviz\u00edcia pre expoz\u00edciu \u0161\u013eachtick\u00fdch rodov<\/li><li>Zabezpe\u010denie ochrany zbierkov\u00fdch predmetov<\/li><\/ul>\n\n\n\n<h3>PROJEKT S FINAN\u010cNOU PODPOROU POD\u013dA UZNESENIA VL\u00c1DY SR \u010c. 601\/2015<\/h3>\n\n\n\n<ul><li>V\u00fdstavba pr\u00edstre\u0161ku nad expoz\u00edciou svetov\u00e9ho unik\u00e1tu &#8211; parn\u00fdch orac\u00edch s\u00faprav<\/li><\/ul>\n\n\n\n<h3>PODUJATIE S FINAN\u010cNOU PODPOROU KO\u0160ICK\u00c9HO SAMOSPR\u00c1VNEHO KRAJA Z POGRAMU TERRA INCOGNITA<\/h3>\n\n\n\n<p>M\u00fazeum a Kult\u00farne centrum ju\u017en\u00e9ho Zempl\u00edna v Trebi\u0161ove je partnerom programu Ko\u0161ick\u00e9ho samospr\u00e1vneho kraja&nbsp;<a href=\"http:\/\/www.terraincognita.sk\/\">Terra Incognita<\/a><\/p>\n\n\n\n<div class=\"wp-block-image\"><figure class=\"aligncenter size-full\"><img loading=\"lazy\" width=\"617\" height=\"150\" src=\"https:\/\/www.muzeumtrebisov.sk\/wp-content\/uploads\/2022\/02\/logo_ti_ksk.jpg\" alt=\"\" class=\"wp-image-1802\" srcset=\"https:\/\/www.muzeumtrebisov.sk\/wp-content\/uploads\/2022\/02\/logo_ti_ksk.jpg 617w, https:\/\/www.muzeumtrebisov.sk\/wp-content\/uploads\/2022\/02\/logo_ti_ksk-300x73.jpg 300w, https:\/\/www.muzeumtrebisov.sk\/wp-content\/uploads\/2022\/02\/logo_ti_ksk-500x122.jpg 500w, https:\/\/www.muzeumtrebisov.sk\/wp-content\/uploads\/2022\/02\/logo_ti_ksk-600x146.jpg 600w\" sizes=\"(max-width: 617px) 100vw, 617px\" \/><\/figure><\/div>\n\n\n\n<ul><li>Chlebom a v\u00ednom<\/li><\/ul>\n\n\n\n<h3>PROJEKTY S FINAN\u010cNOU PODPOROU ZDRU\u017dENIA PRE ROZVOJ JU\u017dN\u00c9HO ZEMPL\u00cdNA<\/h3>\n\n\n\n<div class=\"wp-block-image\"><figure class=\"aligncenter size-full\"><img loading=\"lazy\" width=\"180\" height=\"173\" src=\"https:\/\/www.muzeumtrebisov.sk\/wp-content\/uploads\/2022\/02\/logo_zprjj.jpg\" alt=\"\" class=\"wp-image-1803\"\/><\/figure><\/div>\n\n\n\n<ul><li>Noc m\u00faze\u00ed \u2013 divadeln\u00e9 v\u00fdstupy zo \u017eivota Andr\u00e1ssyovcov<\/li><li>Akv\u00edzicie zbierkov\u00fdch predmetov<\/li><li>Interi\u00e9rov\u00e9 vybavenie historick\u00fdch priestorov m\u00fazea<\/li><li>O\u0161etrenie zbierkov\u00fdch predmetov<\/li><li>Osvetlenie historick\u00fdch parn\u00fdch ora\u010diek<\/li><li>Pr\u00edstre\u0161ok nad historick\u00e9 parn\u00e9 ora\u010dky<\/li><\/ul>\n\n\n\n<h3>PROJEKTY SPOLUFINANCOVAN\u00c9 ZRU\u017dEN\u00cdM TOKAJSK\u00c1 V\u00cdNNA CESTA V R\u00c1MCI PROJEKTU<\/h3>\n\n\n\n<div class=\"wp-block-image\"><figure class=\"aligncenter size-full\"><img loading=\"lazy\" width=\"515\" height=\"150\" src=\"https:\/\/www.muzeumtrebisov.sk\/wp-content\/uploads\/2022\/02\/projekty_loga.jpg\" alt=\"\" class=\"wp-image-1804\" srcset=\"https:\/\/www.muzeumtrebisov.sk\/wp-content\/uploads\/2022\/02\/projekty_loga.jpg 515w, https:\/\/www.muzeumtrebisov.sk\/wp-content\/uploads\/2022\/02\/projekty_loga-300x87.jpg 300w, https:\/\/www.muzeumtrebisov.sk\/wp-content\/uploads\/2022\/02\/projekty_loga-500x146.jpg 500w\" sizes=\"(max-width: 515px) 100vw, 515px\" \/><\/figure><\/div>\n\n\n\n<ul><li>Trebi\u0161ovsk\u00fd ka\u0161tie\u013e ako na dlani \u2013 maketa trebi\u0161ovsk\u00e9ho ka\u0161tie\u013ea<\/li><li>Handmade trhy \u2013 tvoriv\u00e9 dielne<\/li><\/ul>","protected":false},"excerpt":{"rendered":"<p>PROJEKTY PODPORIL Z VEREJN\u00ddCH ZDROJOV&nbsp;FOND NA PODPORU UMENIA XXIV. Celo\u0161t\u00e1tny festival divadeln\u00fdch hier s dedinskou t\u00e9matikou XXII. Gorazdov ekumenick\u00fd festival sakr\u00e1lnych skladieb XIX. Divadeln\u00fd Trebi\u0161ov 2016 \u2013 Mal\u00e1 krajsk\u00e1 sc\u00e9nick\u00e1 \u017eatva ODS Ko\u0161ick\u00e9ho kraja Chlieb n\u00e1\u0161 ka\u017edodenn\u00fd De\u0148 Andr\u00e1ssyovcov \u2013 11. Ro\u010dn\u00edk Akviz\u00edcia pre expoz\u00edciu \u0161\u013eachtick\u00fdch rodov Zabezpe\u010denie ochrany zbierkov\u00fdch predmetov PROJEKT S FINAN\u010cNOU PODPOROU<\/p>","protected":false},"author":1,"featured_media":0,"parent":0,"menu_order":0,"comment_status":"closed","ping_status":"closed","template":"","meta":{"om_disable_all_campaigns":false,"_vp_format_video_url":"","_vp_image_focal_point":[]},"aioseo_notices":[],"yoast_head":"<!-- This site is optimized with the Yoast SEO plugin v18.5.1 - https:\/\/yoast.com\/wordpress\/plugins\/seo\/ -->\n<title>Projekty 2016 | M\u00fazeum Trebi\u0161ov - Ka\u0161tie\u013e Andr\u00e1ssyovcov<\/title>\n<meta name=\"robots\" content=\"index, follow, max-snippet:-1, max-image-preview:large, max-video-preview:-1\" \/>\n<link rel=\"canonical\" href=\"https:\/\/www.muzeumtrebisov.sk\/hu\/projekty-2016\/\" \/>\n<meta property=\"og:locale\" content=\"hu_HU\" \/>\n<meta property=\"og:type\" content=\"article\" \/>\n<meta property=\"og:title\" content=\"Projekty 2016 | M\u00fazeum Trebi\u0161ov - Ka\u0161tie\u013e Andr\u00e1ssyovcov\" \/>\n<meta property=\"og:description\" content=\"PROJEKTY PODPORIL Z VEREJN\u00ddCH ZDROJOV&nbsp;FOND NA PODPORU UMENIA XXIV. Celo\u0161t\u00e1tny festival divadeln\u00fdch hier s dedinskou t\u00e9matikou XXII. Gorazdov ekumenick\u00fd festival sakr\u00e1lnych skladieb XIX. Divadeln\u00fd Trebi\u0161ov 2016 \u2013 Mal\u00e1 krajsk\u00e1 sc\u00e9nick\u00e1 \u017eatva ODS Ko\u0161ick\u00e9ho kraja Chlieb n\u00e1\u0161 ka\u017edodenn\u00fd De\u0148 Andr\u00e1ssyovcov \u2013 11. Ro\u010dn\u00edk Akviz\u00edcia pre expoz\u00edciu \u0161\u013eachtick\u00fdch rodov Zabezpe\u010denie ochrany zbierkov\u00fdch predmetov PROJEKT S FINAN\u010cNOU PODPOROU\" \/>\n<meta property=\"og:url\" content=\"https:\/\/www.muzeumtrebisov.sk\/hu\/projekty-2016\/\" \/>\n<meta property=\"og:site_name\" content=\"M\u00fazeum Trebi\u0161ov - Ka\u0161tie\u013e Andr\u00e1ssyovcov\" \/>\n<meta property=\"article:publisher\" content=\"https:\/\/www.facebook.com\/muzeumtvkastielandrassyovcov\" \/>\n<meta property=\"article:modified_time\" content=\"2022-02-26T12:45:32+00:00\" \/>\n<meta property=\"og:image\" content=\"https:\/\/www.muzeumtrebisov.sk\/wp-content\/uploads\/2022\/02\/logo_fu.jpg\" \/>\n<meta name=\"twitter:card\" content=\"summary_large_image\" \/>\n<meta name=\"twitter:label1\" content=\"Becs\u00fclt olvas\u00e1si id\u0151\" \/>\n\t<meta name=\"twitter:data1\" content=\"2 perc\" \/>\n<script type=\"application\/ld+json\" class=\"yoast-schema-graph\">{\"@context\":\"https:\/\/schema.org\",\"@graph\":[{\"@type\":\"Organization\",\"@id\":\"https:\/\/www.muzeumtrebisov.sk\/#organization\",\"name\":\"M\u00fazeum Trebi\u0161ov - Ka\u0161tie\u013e Andr\u00e1ssyovcov\",\"url\":\"https:\/\/www.muzeumtrebisov.sk\/\",\"sameAs\":[\"https:\/\/www.facebook.com\/muzeumtvkastielandrassyovcov\",\"https:\/\/www.instagram.com\/muzeumtrebisovkastielandrassy\/\",\"https:\/\/www.youtube.com\/channel\/UCprfZHvPNIxqZ2IHCDwfv1w\"],\"logo\":{\"@type\":\"ImageObject\",\"@id\":\"https:\/\/www.muzeumtrebisov.sk\/#logo\",\"inLanguage\":\"hu\",\"url\":\"https:\/\/www.muzeumtrebisov.sk\/wp-content\/uploads\/2022\/04\/dual-logo-color-hor.png\",\"contentUrl\":\"https:\/\/www.muzeumtrebisov.sk\/wp-content\/uploads\/2022\/04\/dual-logo-color-hor.png\",\"width\":749,\"height\":140,\"caption\":\"M\u00fazeum Trebi\u0161ov - Ka\u0161tie\u013e Andr\u00e1ssyovcov\"},\"image\":{\"@id\":\"https:\/\/www.muzeumtrebisov.sk\/#logo\"}},{\"@type\":\"WebSite\",\"@id\":\"https:\/\/www.muzeumtrebisov.sk\/#website\",\"url\":\"https:\/\/www.muzeumtrebisov.sk\/\",\"name\":\"M\u00fazeum Trebi\u0161ov - Ka\u0161tie\u013e Andr\u00e1ssyovcov\",\"description\":\"Hist\u00f3ria Andr\u00e1ssyovcov a ju\u017en\u00e9ho Zempl\u00edna\",\"publisher\":{\"@id\":\"https:\/\/www.muzeumtrebisov.sk\/#organization\"},\"potentialAction\":[{\"@type\":\"SearchAction\",\"target\":{\"@type\":\"EntryPoint\",\"urlTemplate\":\"https:\/\/www.muzeumtrebisov.sk\/?s={search_term_string}\"},\"query-input\":\"required name=search_term_string\"}],\"inLanguage\":\"hu\"},{\"@type\":\"ImageObject\",\"@id\":\"https:\/\/www.muzeumtrebisov.sk\/hu\/projekty-2016\/#primaryimage\",\"inLanguage\":\"hu\",\"url\":\"https:\/\/www.muzeumtrebisov.sk\/wp-content\/uploads\/2022\/02\/logo_fu.jpg\",\"contentUrl\":\"https:\/\/www.muzeumtrebisov.sk\/wp-content\/uploads\/2022\/02\/logo_fu.jpg\",\"width\":345,\"height\":120},{\"@type\":\"WebPage\",\"@id\":\"https:\/\/www.muzeumtrebisov.sk\/hu\/projekty-2016\/#webpage\",\"url\":\"https:\/\/www.muzeumtrebisov.sk\/hu\/projekty-2016\/\",\"name\":\"Projekty 2016 | M\u00fazeum Trebi\u0161ov - Ka\u0161tie\u013e Andr\u00e1ssyovcov\",\"isPartOf\":{\"@id\":\"https:\/\/www.muzeumtrebisov.sk\/#website\"},\"primaryImageOfPage\":{\"@id\":\"https:\/\/www.muzeumtrebisov.sk\/hu\/projekty-2016\/#primaryimage\"},\"datePublished\":\"2022-02-26T12:38:50+00:00\",\"dateModified\":\"2022-02-26T12:45:32+00:00\",\"breadcrumb\":{\"@id\":\"https:\/\/www.muzeumtrebisov.sk\/hu\/projekty-2016\/#breadcrumb\"},\"inLanguage\":\"hu\",\"potentialAction\":[{\"@type\":\"ReadAction\",\"target\":[\"https:\/\/www.muzeumtrebisov.sk\/hu\/projekty-2016\/\"]}]},{\"@type\":\"BreadcrumbList\",\"@id\":\"https:\/\/www.muzeumtrebisov.sk\/hu\/projekty-2016\/#breadcrumb\",\"itemListElement\":[{\"@type\":\"ListItem\",\"position\":1,\"name\":\"Home\",\"item\":\"https:\/\/www.muzeumtrebisov.sk\/\"},{\"@type\":\"ListItem\",\"position\":2,\"name\":\"Projekty 2016\"}]}]}<\/script>\n<!-- \/ Yoast SEO plugin. -->","yoast_head_json":{"title":"Projekty 2016 | M\u00fazeum Trebi\u0161ov - Ka\u0161tie\u013e Andr\u00e1ssyovcov","robots":{"index":"index","follow":"follow","max-snippet":"max-snippet:-1","max-image-preview":"max-image-preview:large","max-video-preview":"max-video-preview:-1"},"canonical":"https:\/\/www.muzeumtrebisov.sk\/hu\/projekty-2016\/","og_locale":"hu_HU","og_type":"article","og_title":"Projekty 2016 | M\u00fazeum Trebi\u0161ov - Ka\u0161tie\u013e Andr\u00e1ssyovcov","og_description":"PROJEKTY PODPORIL Z VEREJN\u00ddCH ZDROJOV&nbsp;FOND NA PODPORU UMENIA XXIV. Celo\u0161t\u00e1tny festival divadeln\u00fdch hier s dedinskou t\u00e9matikou XXII. Gorazdov ekumenick\u00fd festival sakr\u00e1lnych skladieb XIX. Divadeln\u00fd Trebi\u0161ov 2016 \u2013 Mal\u00e1 krajsk\u00e1 sc\u00e9nick\u00e1 \u017eatva ODS Ko\u0161ick\u00e9ho kraja Chlieb n\u00e1\u0161 ka\u017edodenn\u00fd De\u0148 Andr\u00e1ssyovcov \u2013 11. Ro\u010dn\u00edk Akviz\u00edcia pre expoz\u00edciu \u0161\u013eachtick\u00fdch rodov Zabezpe\u010denie ochrany zbierkov\u00fdch predmetov PROJEKT S FINAN\u010cNOU PODPOROU","og_url":"https:\/\/www.muzeumtrebisov.sk\/hu\/projekty-2016\/","og_site_name":"M\u00fazeum Trebi\u0161ov - Ka\u0161tie\u013e Andr\u00e1ssyovcov","article_publisher":"https:\/\/www.facebook.com\/muzeumtvkastielandrassyovcov","article_modified_time":"2022-02-26T12:45:32+00:00","og_image":[{"url":"https:\/\/www.muzeumtrebisov.sk\/wp-content\/uploads\/2022\/02\/logo_fu.jpg"}],"twitter_card":"summary_large_image","twitter_misc":{"Becs\u00fclt olvas\u00e1si id\u0151":"2 perc"},"schema":{"@context":"https:\/\/schema.org","@graph":[{"@type":"Organization","@id":"https:\/\/www.muzeumtrebisov.sk\/#organization","name":"M\u00fazeum Trebi\u0161ov - Ka\u0161tie\u013e Andr\u00e1ssyovcov","url":"https:\/\/www.muzeumtrebisov.sk\/","sameAs":["https:\/\/www.facebook.com\/muzeumtvkastielandrassyovcov","https:\/\/www.instagram.com\/muzeumtrebisovkastielandrassy\/","https:\/\/www.youtube.com\/channel\/UCprfZHvPNIxqZ2IHCDwfv1w"],"logo":{"@type":"ImageObject","@id":"https:\/\/www.muzeumtrebisov.sk\/#logo","inLanguage":"hu","url":"https:\/\/www.muzeumtrebisov.sk\/wp-content\/uploads\/2022\/04\/dual-logo-color-hor.png","contentUrl":"https:\/\/www.muzeumtrebisov.sk\/wp-content\/uploads\/2022\/04\/dual-logo-color-hor.png","width":749,"height":140,"caption":"M\u00fazeum Trebi\u0161ov - Ka\u0161tie\u013e Andr\u00e1ssyovcov"},"image":{"@id":"https:\/\/www.muzeumtrebisov.sk\/#logo"}},{"@type":"WebSite","@id":"https:\/\/www.muzeumtrebisov.sk\/#website","url":"https:\/\/www.muzeumtrebisov.sk\/","name":"M\u00fazeum Trebi\u0161ov - Ka\u0161tie\u013e Andr\u00e1ssyovcov","description":"Hist\u00f3ria Andr\u00e1ssyovcov a ju\u017en\u00e9ho Zempl\u00edna","publisher":{"@id":"https:\/\/www.muzeumtrebisov.sk\/#organization"},"potentialAction":[{"@type":"SearchAction","target":{"@type":"EntryPoint","urlTemplate":"https:\/\/www.muzeumtrebisov.sk\/?s={search_term_string}"},"query-input":"required name=search_term_string"}],"inLanguage":"hu"},{"@type":"ImageObject","@id":"https:\/\/www.muzeumtrebisov.sk\/hu\/projekty-2016\/#primaryimage","inLanguage":"hu","url":"https:\/\/www.muzeumtrebisov.sk\/wp-content\/uploads\/2022\/02\/logo_fu.jpg","contentUrl":"https:\/\/www.muzeumtrebisov.sk\/wp-content\/uploads\/2022\/02\/logo_fu.jpg","width":345,"height":120},{"@type":"WebPage","@id":"https:\/\/www.muzeumtrebisov.sk\/hu\/projekty-2016\/#webpage","url":"https:\/\/www.muzeumtrebisov.sk\/hu\/projekty-2016\/","name":"Projekty 2016 | M\u00fazeum Trebi\u0161ov - Ka\u0161tie\u013e Andr\u00e1ssyovcov","isPartOf":{"@id":"https:\/\/www.muzeumtrebisov.sk\/#website"},"primaryImageOfPage":{"@id":"https:\/\/www.muzeumtrebisov.sk\/hu\/projekty-2016\/#primaryimage"},"datePublished":"2022-02-26T12:38:50+00:00","dateModified":"2022-02-26T12:45:32+00:00","breadcrumb":{"@id":"https:\/\/www.muzeumtrebisov.sk\/hu\/projekty-2016\/#breadcrumb"},"inLanguage":"hu","potentialAction":[{"@type":"ReadAction","target":["https:\/\/www.muzeumtrebisov.sk\/hu\/projekty-2016\/"]}]},{"@type":"BreadcrumbList","@id":"https:\/\/www.muzeumtrebisov.sk\/hu\/projekty-2016\/#breadcrumb","itemListElement":[{"@type":"ListItem","position":1,"name":"Home","item":"https:\/\/www.muzeumtrebisov.sk\/"},{"@type":"ListItem","position":2,"name":"Projekty 2016"}]}]}},"_links":{"self":[{"href":"https:\/\/www.muzeumtrebisov.sk\/hu\/wp-json\/wp\/v2\/pages\/1797"}],"collection":[{"href":"https:\/\/www.muzeumtrebisov.sk\/hu\/wp-json\/wp\/v2\/pages"}],"about":[{"href":"https:\/\/www.muzeumtrebisov.sk\/hu\/wp-json\/wp\/v2\/types\/page"}],"author":[{"embeddable":true,"href":"https:\/\/www.muzeumtrebisov.sk\/hu\/wp-json\/wp\/v2\/users\/1"}],"replies":[{"embeddable":true,"href":"https:\/\/www.muzeumtrebisov.sk\/hu\/wp-json\/wp\/v2\/comments?post=1797"}],"version-history":[{"count":4,"href":"https:\/\/www.muzeumtrebisov.sk\/hu\/wp-json\/wp\/v2\/pages\/1797\/revisions"}],"predecessor-version":[{"id":1807,"href":"https:\/\/www.muzeumtrebisov.sk\/hu\/wp-json\/wp\/v2\/pages\/1797\/revisions\/1807"}],"wp:attachment":[{"href":"https:\/\/www.muzeumtrebisov.sk\/hu\/wp-json\/wp\/v2\/media?parent=1797"}],"curies":[{"name":"wp","href":"https:\/\/api.w.org\/{rel}","templated":true}]}}