{"id":1174,"date":"2022-02-17T21:43:42","date_gmt":"2022-02-17T20:43:42","guid":{"rendered":"https:\/\/www.muzeumtrebisov.sk\/?page_id=1174"},"modified":"2026-03-03T08:00:16","modified_gmt":"2026-03-03T07:00:16","slug":"spravy-o-cinnosti-a-hospodareni","status":"publish","type":"page","link":"https:\/\/www.muzeumtrebisov.sk\/hu\/spravy-o-cinnosti-a-hospodareni\/","title":{"rendered":"Spr\u00e1vy o \u010dinnosti a hospod\u00e1ren\u00ed"},"content":{"rendered":"<section data-kc-equalheight=\"true\" data-kc-equalheight-align=\"middle\" class=\"kc-elm kc-css-459700 kc_row\"><div class=\"kc-row-container  kc-container\"><div class=\"kc-wrap-columns\"><div class=\"kc-elm kc-css-372980 kc_col-sm-12 kc_column kc_col-sm-12\"><div class=\"kc-col-container\"><div class=\"kc-elm kc-css-900979 kc_text_block\"><\/p>\n<ul>\n<li><a href=\"https:\/\/www.muzeumtrebisov.sk\/wp-content\/uploads\/2026\/03\/Vyrocna-sprava-o-cinnosti-a-hospodareni-MaKCJZ-Rok-2025.pdf\">V\u00fdro\u010dn\u00e1 spr\u00e1va o \u010dinnosti a hospod\u00e1ren\u00ed MaKCJZ &#8211; <\/a><a href=\"https:\/\/www.muzeumtrebisov.sk\/wp-content\/uploads\/2026\/03\/Vyrocna-sprava-o-cinnosti-a-hospodareni-MaKCJZ-Rok-2025.pdf\" target=\"_blank\" rel=\"noopener\"><strong>Rok 2025<\/strong><\/a><\/li>\n<\/ul>\n<ul>\n<li><a href=\"https:\/\/www.muzeumtrebisov.sk\/wp-content\/uploads\/2025\/03\/Vyrocna-sprava-o-cinnosti-a-hospodareni-MaKCJZ-Rok-2024.pdf\">V\u00fdro\u010dn\u00e1 spr\u00e1va o \u010dinnosti a hospod\u00e1ren\u00ed MaKCJZ &#8211; <\/a><a href=\"https:\/\/www.muzeumtrebisov.sk\/wp-content\/uploads\/2025\/03\/Vyrocna-sprava-o-cinnosti-a-hospodareni-MaKCJZ-Rok-2024.pdf\" target=\"_blank\" rel=\"noopener\"><strong>Rok 2024<\/strong><\/a><\/li>\n<\/ul>\n<ul>\n<li><a href=\"https:\/\/www.muzeumtrebisov.sk\/wp-content\/uploads\/2024\/02\/Vyrocna-sprava-o-cinnosti-MaKCJZ-v-Trebisove-za-rok-2023.pdf\" target=\"_blank\" rel=\"noopener\">V\u00fdro\u010dn\u00e1 spr\u00e1va o \u010dinnosti a hospod\u00e1ren\u00ed MaKCJZ &#8211; <strong>Rok 2023<\/strong><\/a><\/li>\n<\/ul>\n<ul>\n<li><a href=\"https:\/\/www.muzeumtrebisov.sk\/wp-content\/uploads\/2024\/02\/Vyrocna-sprava-o-cinnosti-MaKCJZ-v-Trebisove-2022.pdf\" target=\"_blank\" rel=\"noopener\">V\u00fdro\u010dn\u00e1 spr\u00e1va o \u010dinnosti a hospod\u00e1ren\u00ed MaKCJZ &#8211; <strong>Rok 2022<\/strong><\/a><\/li>\n<\/ul>\n<ul>\n<li><a href=\"https:\/\/www.muzeumtrebisov.sk\/wp-content\/uploads\/2022\/06\/ROZBOR-2021-MaKCjZ-v-TV.pdf\" target=\"_blank\" rel=\"noopener\">V\u00fdro\u010dn\u00e1 spr\u00e1va o \u010dinnosti a hospod\u00e1ren\u00ed MaKCJZ &#8211; <strong>Rok 2021<\/strong><\/a><\/li>\n<\/ul>\n<ul>\n<li><a href=\"https:\/\/www.muzeumtrebisov.sk\/wp-content\/uploads\/2022\/06\/1.-VS-2020-finalna-verzia.pdf\" target=\"_blank\" rel=\"noopener\">V\u00fdro\u010dn\u00e1 spr\u00e1va o \u010dinnosti a hospod\u00e1ren\u00ed MaKCJZ &#8211; <strong>Rok 2020<\/strong><\/a><\/li>\n<\/ul>\n<ul>\n<li><a href=\"https:\/\/www.muzeumtrebisov.sk\/wp-content\/uploads\/2022\/02\/MaKCJZ_sprava_o_cinnosti_a_hospodareni_2019.pdf\" target=\"_blank\" rel=\"noopener\">V\u00fdro\u010dn\u00e1 spr\u00e1va o \u010dinnosti a hospod\u00e1ren\u00ed MaKCJZ &#8211; <strong>Rok 2019<\/strong><\/a><\/li>\n<\/ul>\n<ul>\n<li><a href=\"https:\/\/www.muzeumtrebisov.sk\/wp-content\/uploads\/2022\/02\/MaKCJZ_sprava_o_cinnosti_a_hospodareni_2018.pdf\" target=\"_blank\" rel=\"noopener\">V\u00fdro\u010dn\u00e1 spr\u00e1va o \u010dinnosti a hospod\u00e1ren\u00ed MaKCJZ &#8211; <strong>Rok 2018<\/strong><\/a><\/li>\n<\/ul>\n<ul>\n<li><a href=\"https:\/\/www.muzeumtrebisov.sk\/wp-content\/uploads\/2022\/02\/MaKCJZ_sprava_o_cinnosti_a_hospodareni_2017.pdf\" target=\"_blank\" rel=\"noopener\">V\u00fdro\u010dn\u00e1 spr\u00e1va o \u010dinnosti a hospod\u00e1ren\u00ed MaKCJZ &#8211; <strong>Rok 2017<\/strong><\/a><\/li>\n<\/ul>\n<ul>\n<li><a href=\"https:\/\/www.muzeumtrebisov.sk\/wp-content\/uploads\/2022\/02\/MaKCJZ_sprava_o_cinnosti_a_hospodareni_2016.pdf\" target=\"_blank\" rel=\"noopener\">V\u00fdro\u010dn\u00e1 spr\u00e1va o \u010dinnosti a hospod\u00e1ren\u00ed MaKCJZ &#8211; <strong>Rok 2016<\/strong><\/a><\/li>\n<\/ul>\n<ul>\n<li><a href=\"https:\/\/www.muzeumtrebisov.sk\/wp-content\/uploads\/2022\/02\/MaKCJZ_sprava_o_cinnosti_a_hospodareni_2015.pdf\" target=\"_blank\" rel=\"noopener\">V\u00fdro\u010dn\u00e1 spr\u00e1va o \u010dinnosti a hospod\u00e1ren\u00ed MaKCJZ &#8211; <strong>Rok 2015<\/strong><\/a><\/li>\n<\/ul>\n<ul>\n<li><a href=\"https:\/\/www.muzeumtrebisov.sk\/wp-content\/uploads\/2022\/02\/MaKCJZ_sprava_o_cinnosti_a_hospodareni_2014.pdf\" target=\"_blank\" rel=\"noopener\">V\u00fdro\u010dn\u00e1 spr\u00e1va o \u010dinnosti a hospod\u00e1ren\u00ed MaKCJZ &#8211; <strong>Rok 2014<\/strong><\/a><\/li>\n<\/ul>\n<ul>\n<li><a href=\"https:\/\/www.muzeumtrebisov.sk\/wp-content\/uploads\/2022\/02\/MaKCJZ_sprava_o_cinnosti_a_hospodareni_2013.pdf\" target=\"_blank\" rel=\"noopener\">V\u00fdro\u010dn\u00e1 spr\u00e1va o \u010dinnosti a hospod\u00e1ren\u00ed MaKCJZ &#8211; <strong>Rok 2013<\/strong><\/a><\/li>\n<\/ul>\n<p>\n<\/div><\/div><\/div><\/div><\/div><\/section>","protected":false},"excerpt":{"rendered":"","protected":false},"author":1,"featured_media":1164,"parent":0,"menu_order":0,"comment_status":"closed","ping_status":"closed","template":"","meta":{"om_disable_all_campaigns":false,"_vp_format_video_url":"","_vp_image_focal_point":[]},"aioseo_notices":[],"yoast_head":"<!-- This site is optimized with the Yoast SEO plugin v18.5.1 - https:\/\/yoast.com\/wordpress\/plugins\/seo\/ -->\n<title>Spr\u00e1vy o \u010dinnosti a hospod\u00e1ren\u00ed | M\u00fazeum Trebi\u0161ov - Ka\u0161tie\u013e Andr\u00e1ssyovcov<\/title>\n<meta name=\"robots\" content=\"index, follow, max-snippet:-1, max-image-preview:large, max-video-preview:-1\" \/>\n<link rel=\"canonical\" href=\"https:\/\/www.muzeumtrebisov.sk\/hu\/spravy-o-cinnosti-a-hospodareni\/\" \/>\n<meta property=\"og:locale\" content=\"hu_HU\" \/>\n<meta property=\"og:type\" content=\"article\" \/>\n<meta property=\"og:title\" content=\"Spr\u00e1vy o \u010dinnosti a hospod\u00e1ren\u00ed | M\u00fazeum Trebi\u0161ov - Ka\u0161tie\u013e Andr\u00e1ssyovcov\" \/>\n<meta property=\"og:description\" content=\"V\u00fdro\u010dn\u00e1 spr\u00e1va o \u010dinnosti a hospod\u00e1ren\u00ed MaKCJZ &#8211; Rok 2025 V\u00fdro\u010dn\u00e1 spr\u00e1va o \u010dinnosti a hospod\u00e1ren\u00ed MaKCJZ &#8211; Rok 2024 V\u00fdro\u010dn\u00e1 spr\u00e1va o \u010dinnosti a hospod\u00e1ren\u00ed MaKCJZ &#8211; Rok 2023 V\u00fdro\u010dn\u00e1 spr\u00e1va o \u010dinnosti a hospod\u00e1ren\u00ed MaKCJZ &#8211; Rok 2022 V\u00fdro\u010dn\u00e1 spr\u00e1va o \u010dinnosti a hospod\u00e1ren\u00ed MaKCJZ &#8211; Rok 2021 V\u00fdro\u010dn\u00e1 spr\u00e1va o \u010dinnosti a\" \/>\n<meta property=\"og:url\" content=\"https:\/\/www.muzeumtrebisov.sk\/hu\/spravy-o-cinnosti-a-hospodareni\/\" \/>\n<meta property=\"og:site_name\" content=\"M\u00fazeum Trebi\u0161ov - Ka\u0161tie\u013e Andr\u00e1ssyovcov\" \/>\n<meta property=\"article:publisher\" content=\"https:\/\/www.facebook.com\/muzeumtvkastielandrassyovcov\" \/>\n<meta property=\"article:modified_time\" content=\"2026-03-03T07:00:16+00:00\" \/>\n<meta property=\"og:image\" content=\"https:\/\/www.muzeumtrebisov.sk\/wp-content\/uploads\/2022\/02\/titul1.jpg\" \/>\n\t<meta property=\"og:image:width\" content=\"1814\" \/>\n\t<meta property=\"og:image:height\" content=\"1211\" \/>\n\t<meta property=\"og:image:type\" content=\"image\/jpeg\" \/>\n<meta name=\"twitter:card\" content=\"summary_large_image\" \/>\n<meta name=\"twitter:label1\" content=\"Becs\u00fclt olvas\u00e1si id\u0151\" \/>\n\t<meta name=\"twitter:data1\" content=\"1 perc\" \/>\n<script type=\"application\/ld+json\" class=\"yoast-schema-graph\">{\"@context\":\"https:\/\/schema.org\",\"@graph\":[{\"@type\":\"Organization\",\"@id\":\"https:\/\/www.muzeumtrebisov.sk\/#organization\",\"name\":\"M\u00fazeum Trebi\u0161ov - Ka\u0161tie\u013e Andr\u00e1ssyovcov\",\"url\":\"https:\/\/www.muzeumtrebisov.sk\/\",\"sameAs\":[\"https:\/\/www.facebook.com\/muzeumtvkastielandrassyovcov\",\"https:\/\/www.instagram.com\/muzeumtrebisovkastielandrassy\/\",\"https:\/\/www.youtube.com\/channel\/UCprfZHvPNIxqZ2IHCDwfv1w\"],\"logo\":{\"@type\":\"ImageObject\",\"@id\":\"https:\/\/www.muzeumtrebisov.sk\/#logo\",\"inLanguage\":\"hu\",\"url\":\"https:\/\/www.muzeumtrebisov.sk\/wp-content\/uploads\/2022\/04\/dual-logo-color-hor.png\",\"contentUrl\":\"https:\/\/www.muzeumtrebisov.sk\/wp-content\/uploads\/2022\/04\/dual-logo-color-hor.png\",\"width\":749,\"height\":140,\"caption\":\"M\u00fazeum Trebi\u0161ov - Ka\u0161tie\u013e Andr\u00e1ssyovcov\"},\"image\":{\"@id\":\"https:\/\/www.muzeumtrebisov.sk\/#logo\"}},{\"@type\":\"WebSite\",\"@id\":\"https:\/\/www.muzeumtrebisov.sk\/#website\",\"url\":\"https:\/\/www.muzeumtrebisov.sk\/\",\"name\":\"M\u00fazeum Trebi\u0161ov - Ka\u0161tie\u013e Andr\u00e1ssyovcov\",\"description\":\"Hist\u00f3ria Andr\u00e1ssyovcov a ju\u017en\u00e9ho Zempl\u00edna\",\"publisher\":{\"@id\":\"https:\/\/www.muzeumtrebisov.sk\/#organization\"},\"potentialAction\":[{\"@type\":\"SearchAction\",\"target\":{\"@type\":\"EntryPoint\",\"urlTemplate\":\"https:\/\/www.muzeumtrebisov.sk\/?s={search_term_string}\"},\"query-input\":\"required name=search_term_string\"}],\"inLanguage\":\"hu\"},{\"@type\":\"ImageObject\",\"@id\":\"https:\/\/www.muzeumtrebisov.sk\/spravy-o-cinnosti-a-hospodareni\/#primaryimage\",\"inLanguage\":\"hu\",\"url\":\"https:\/\/www.muzeumtrebisov.sk\/wp-content\/uploads\/2022\/02\/titul1.jpg\",\"contentUrl\":\"https:\/\/www.muzeumtrebisov.sk\/wp-content\/uploads\/2022\/02\/titul1.jpg\",\"width\":1814,\"height\":1211},{\"@type\":\"WebPage\",\"@id\":\"https:\/\/www.muzeumtrebisov.sk\/spravy-o-cinnosti-a-hospodareni\/#webpage\",\"url\":\"https:\/\/www.muzeumtrebisov.sk\/spravy-o-cinnosti-a-hospodareni\/\",\"name\":\"Spr\u00e1vy o \u010dinnosti a hospod\u00e1ren\u00ed | M\u00fazeum Trebi\u0161ov - Ka\u0161tie\u013e Andr\u00e1ssyovcov\",\"isPartOf\":{\"@id\":\"https:\/\/www.muzeumtrebisov.sk\/#website\"},\"primaryImageOfPage\":{\"@id\":\"https:\/\/www.muzeumtrebisov.sk\/spravy-o-cinnosti-a-hospodareni\/#primaryimage\"},\"datePublished\":\"2022-02-17T20:43:42+00:00\",\"dateModified\":\"2026-03-03T07:00:16+00:00\",\"breadcrumb\":{\"@id\":\"https:\/\/www.muzeumtrebisov.sk\/spravy-o-cinnosti-a-hospodareni\/#breadcrumb\"},\"inLanguage\":\"hu\",\"potentialAction\":[{\"@type\":\"ReadAction\",\"target\":[\"https:\/\/www.muzeumtrebisov.sk\/spravy-o-cinnosti-a-hospodareni\/\"]}]},{\"@type\":\"BreadcrumbList\",\"@id\":\"https:\/\/www.muzeumtrebisov.sk\/spravy-o-cinnosti-a-hospodareni\/#breadcrumb\",\"itemListElement\":[{\"@type\":\"ListItem\",\"position\":1,\"name\":\"Home\",\"item\":\"https:\/\/www.muzeumtrebisov.sk\/\"},{\"@type\":\"ListItem\",\"position\":2,\"name\":\"Spr\u00e1vy o \u010dinnosti a hospod\u00e1ren\u00ed\"}]}]}<\/script>\n<!-- \/ Yoast SEO plugin. -->","yoast_head_json":{"title":"Spr\u00e1vy o \u010dinnosti a hospod\u00e1ren\u00ed | M\u00fazeum Trebi\u0161ov - Ka\u0161tie\u013e Andr\u00e1ssyovcov","robots":{"index":"index","follow":"follow","max-snippet":"max-snippet:-1","max-image-preview":"max-image-preview:large","max-video-preview":"max-video-preview:-1"},"canonical":"https:\/\/www.muzeumtrebisov.sk\/hu\/spravy-o-cinnosti-a-hospodareni\/","og_locale":"hu_HU","og_type":"article","og_title":"Spr\u00e1vy o \u010dinnosti a hospod\u00e1ren\u00ed | M\u00fazeum Trebi\u0161ov - Ka\u0161tie\u013e Andr\u00e1ssyovcov","og_description":"V\u00fdro\u010dn\u00e1 spr\u00e1va o \u010dinnosti a hospod\u00e1ren\u00ed MaKCJZ &#8211; Rok 2025 V\u00fdro\u010dn\u00e1 spr\u00e1va o \u010dinnosti a hospod\u00e1ren\u00ed MaKCJZ &#8211; Rok 2024 V\u00fdro\u010dn\u00e1 spr\u00e1va o \u010dinnosti a hospod\u00e1ren\u00ed MaKCJZ &#8211; Rok 2023 V\u00fdro\u010dn\u00e1 spr\u00e1va o \u010dinnosti a hospod\u00e1ren\u00ed MaKCJZ &#8211; Rok 2022 V\u00fdro\u010dn\u00e1 spr\u00e1va o \u010dinnosti a hospod\u00e1ren\u00ed MaKCJZ &#8211; Rok 2021 V\u00fdro\u010dn\u00e1 spr\u00e1va o \u010dinnosti a","og_url":"https:\/\/www.muzeumtrebisov.sk\/hu\/spravy-o-cinnosti-a-hospodareni\/","og_site_name":"M\u00fazeum Trebi\u0161ov - Ka\u0161tie\u013e Andr\u00e1ssyovcov","article_publisher":"https:\/\/www.facebook.com\/muzeumtvkastielandrassyovcov","article_modified_time":"2026-03-03T07:00:16+00:00","og_image":[{"width":1814,"height":1211,"url":"https:\/\/www.muzeumtrebisov.sk\/wp-content\/uploads\/2022\/02\/titul1.jpg","type":"image\/jpeg"}],"twitter_card":"summary_large_image","twitter_misc":{"Becs\u00fclt olvas\u00e1si id\u0151":"1 perc"},"schema":{"@context":"https:\/\/schema.org","@graph":[{"@type":"Organization","@id":"https:\/\/www.muzeumtrebisov.sk\/#organization","name":"M\u00fazeum Trebi\u0161ov - Ka\u0161tie\u013e Andr\u00e1ssyovcov","url":"https:\/\/www.muzeumtrebisov.sk\/","sameAs":["https:\/\/www.facebook.com\/muzeumtvkastielandrassyovcov","https:\/\/www.instagram.com\/muzeumtrebisovkastielandrassy\/","https:\/\/www.youtube.com\/channel\/UCprfZHvPNIxqZ2IHCDwfv1w"],"logo":{"@type":"ImageObject","@id":"https:\/\/www.muzeumtrebisov.sk\/#logo","inLanguage":"hu","url":"https:\/\/www.muzeumtrebisov.sk\/wp-content\/uploads\/2022\/04\/dual-logo-color-hor.png","contentUrl":"https:\/\/www.muzeumtrebisov.sk\/wp-content\/uploads\/2022\/04\/dual-logo-color-hor.png","width":749,"height":140,"caption":"M\u00fazeum Trebi\u0161ov - Ka\u0161tie\u013e Andr\u00e1ssyovcov"},"image":{"@id":"https:\/\/www.muzeumtrebisov.sk\/#logo"}},{"@type":"WebSite","@id":"https:\/\/www.muzeumtrebisov.sk\/#website","url":"https:\/\/www.muzeumtrebisov.sk\/","name":"M\u00fazeum Trebi\u0161ov - Ka\u0161tie\u013e Andr\u00e1ssyovcov","description":"Hist\u00f3ria Andr\u00e1ssyovcov a ju\u017en\u00e9ho Zempl\u00edna","publisher":{"@id":"https:\/\/www.muzeumtrebisov.sk\/#organization"},"potentialAction":[{"@type":"SearchAction","target":{"@type":"EntryPoint","urlTemplate":"https:\/\/www.muzeumtrebisov.sk\/?s={search_term_string}"},"query-input":"required name=search_term_string"}],"inLanguage":"hu"},{"@type":"ImageObject","@id":"https:\/\/www.muzeumtrebisov.sk\/spravy-o-cinnosti-a-hospodareni\/#primaryimage","inLanguage":"hu","url":"https:\/\/www.muzeumtrebisov.sk\/wp-content\/uploads\/2022\/02\/titul1.jpg","contentUrl":"https:\/\/www.muzeumtrebisov.sk\/wp-content\/uploads\/2022\/02\/titul1.jpg","width":1814,"height":1211},{"@type":"WebPage","@id":"https:\/\/www.muzeumtrebisov.sk\/spravy-o-cinnosti-a-hospodareni\/#webpage","url":"https:\/\/www.muzeumtrebisov.sk\/spravy-o-cinnosti-a-hospodareni\/","name":"Spr\u00e1vy o \u010dinnosti a hospod\u00e1ren\u00ed | M\u00fazeum Trebi\u0161ov - Ka\u0161tie\u013e Andr\u00e1ssyovcov","isPartOf":{"@id":"https:\/\/www.muzeumtrebisov.sk\/#website"},"primaryImageOfPage":{"@id":"https:\/\/www.muzeumtrebisov.sk\/spravy-o-cinnosti-a-hospodareni\/#primaryimage"},"datePublished":"2022-02-17T20:43:42+00:00","dateModified":"2026-03-03T07:00:16+00:00","breadcrumb":{"@id":"https:\/\/www.muzeumtrebisov.sk\/spravy-o-cinnosti-a-hospodareni\/#breadcrumb"},"inLanguage":"hu","potentialAction":[{"@type":"ReadAction","target":["https:\/\/www.muzeumtrebisov.sk\/spravy-o-cinnosti-a-hospodareni\/"]}]},{"@type":"BreadcrumbList","@id":"https:\/\/www.muzeumtrebisov.sk\/spravy-o-cinnosti-a-hospodareni\/#breadcrumb","itemListElement":[{"@type":"ListItem","position":1,"name":"Home","item":"https:\/\/www.muzeumtrebisov.sk\/"},{"@type":"ListItem","position":2,"name":"Spr\u00e1vy o \u010dinnosti a hospod\u00e1ren\u00ed"}]}]}},"_links":{"self":[{"href":"https:\/\/www.muzeumtrebisov.sk\/hu\/wp-json\/wp\/v2\/pages\/1174"}],"collection":[{"href":"https:\/\/www.muzeumtrebisov.sk\/hu\/wp-json\/wp\/v2\/pages"}],"about":[{"href":"https:\/\/www.muzeumtrebisov.sk\/hu\/wp-json\/wp\/v2\/types\/page"}],"author":[{"embeddable":true,"href":"https:\/\/www.muzeumtrebisov.sk\/hu\/wp-json\/wp\/v2\/users\/1"}],"replies":[{"embeddable":true,"href":"https:\/\/www.muzeumtrebisov.sk\/hu\/wp-json\/wp\/v2\/comments?post=1174"}],"version-history":[{"count":6,"href":"https:\/\/www.muzeumtrebisov.sk\/hu\/wp-json\/wp\/v2\/pages\/1174\/revisions"}],"predecessor-version":[{"id":8067,"href":"https:\/\/www.muzeumtrebisov.sk\/hu\/wp-json\/wp\/v2\/pages\/1174\/revisions\/8067"}],"wp:featuredmedia":[{"embeddable":true,"href":"https:\/\/www.muzeumtrebisov.sk\/hu\/wp-json\/wp\/v2\/media\/1164"}],"wp:attachment":[{"href":"https:\/\/www.muzeumtrebisov.sk\/hu\/wp-json\/wp\/v2\/media?parent=1174"}],"curies":[{"name":"wp","href":"https:\/\/api.w.org\/{rel}","templated":true}]}}